{"id":8849,"date":"2026-01-28T16:10:30","date_gmt":"2026-01-28T16:10:30","guid":{"rendered":"https:\/\/pelartlabbenelux.com\/product\/unisex-cream-probio-night-unisex-probio-line-50-ml\/"},"modified":"2026-02-08T23:08:46","modified_gmt":"2026-02-08T23:08:46","slug":"unisex-cream-probio-night-unisex-probio-line-50-ml","status":"publish","type":"product","link":"https:\/\/pelartlabbenelux.com\/nl\/product\/unisex-cream-probio-night-unisex-probio-line-50-ml\/","title":{"rendered":"Unisex cream \u00abProbio Night\u00bb, Unisex Probio Line, 50 ml"},"content":{"rendered":"<p>Nachtcr\u00e8me met een innovatief probiotica-complex, ontwikkeld voor diep huidherstel en herstel van het microbioom tijdens de nachtelijke regeneratiefase. De formule activeert de synthese van collageen type I en V, elastine en glycosaminoglycanen, wat helpt om de huiddichtheid en stevigheid te verhogen en de dikte van de epidermis te verbeteren.<\/p>\n<p>De cr\u00e8me ondersteunt de synthese van essenti\u00eble huidlipiden, waaronder ceramiden, versterkt de beschermende barri\u00e8re en vermindert de intensiteit van ontstekingsprocessen. Een complex van oli\u00ebn, hydraterende bestanddelen en antioxidanten zorgt voor directe en langdurige hydratatie, beschermt huidcellen tegen oxidatieve stress en helpt een jeugdige uitstraling te behouden.<\/p>\n<p>Aanbevolen voor nachtelijke verzorging voor alle huidtypes, vooral in gevallen van een aangetaste huidbarri\u00e8re, dehydratatie, gevoeligheid en tekenen van vroegtijdige veroudering.<\/p>\n<p><strong>Belangrijkste effecten:<\/strong><\/p>\n<p>\u2022 herstel en ondersteuning van het huidmicrobioom<br \/>\n\u2022 versterking van de huidbarri\u00e8re en ceramidesynthese<br \/>\n\u2022 diepe en langdurige hydratatie<br \/>\n\u2022 vermindering van ontstekingen en gevoeligheid<br \/>\n\u2022 antioxiderende bescherming en preventie van veroudering<\/p>\n<p><strong>Gebruik:<\/strong><br \/>\nBreng &#8217;s avonds aan op een gereinigde en getoniseerde gezichtshuid. Gebruik na het Poly-Acid Night Peeling Serum en\/of het Probio Intense Serum. Geschikt voor dagelijks gebruik.<\/p>\n<p><strong>Ingredi\u00ebnten:<\/strong><br \/>\nAqua (Water), Decaprylyl Carbonate, Oils: Olive Oil, Grape Seed Oil, Shea Butter, Lanolin, Cetearyl Alcohol, Cyclopentasiloxane, Dimethiconol, Beeswax, Glyceryl Stearate, Glycerin, Soy Extract, Bioconverted by Lactobacillus plantarum strain, Pentylene Glycol, Caprylyl Glycol, Yeast Hydrolysate, Bioconverted by Lactobacillus strain, Butylene Glycol, Trehalose, Urea, Serine, Pentylene Glycol, Glycerol Polyacrylate, Algin, Caprylyl Glycol, Sodium Hyaluronate, Pullulan, Sodium Phosphate, Potassium Phosphate, Glycerol Stearate, Ceteareth-20, Ceteareth-12, Cetyl Palmitate, Phenoxyethanol, Methylparaben, Propylparaben, Moringa Oleifera Extract, Pentarythritol Tetra-di-t-butyl Hydroxyhydrocinnamate, Fragrance Composition.<\/p>\n","protected":false},"excerpt":{"rendered":"<p>Nachtcr\u00e8me met een innovatief probiotica-complex, ontwikkeld voor diep huidherstel en herstel van het microbioom tijdens de nachtelijke regeneratiefase. De formule activeert de synthese van collageen type I en V, elastine en glycosaminoglycanen, wat helpt om de huiddichtheid en stevigheid te verhogen en de dikte van de epidermis te verbeteren. De cr\u00e8me ondersteunt de synthese van [&hellip;]<\/p>\n","protected":false},"featured_media":8850,"comment_status":"open","ping_status":"closed","template":"","meta":[],"product_brand":[88],"product_cat":[149],"product_tag":[],"class_list":{"0":"post-8849","1":"product","2":"type-product","3":"status-publish","4":"has-post-thumbnail","6":"product_brand-unisex-probio-line","7":"product_cat-unisex-probio-line-met-probiotica-voor-mannen-en-vrouwen","9":"first","10":"instock","11":"shipping-taxable","12":"purchasable","13":"product-type-simple"},"aioseo_notices":[],"_links":{"self":[{"href":"https:\/\/pelartlabbenelux.com\/nl\/wp-json\/wp\/v2\/product\/8849","targetHints":{"allow":["GET"]}}],"collection":[{"href":"https:\/\/pelartlabbenelux.com\/nl\/wp-json\/wp\/v2\/product"}],"about":[{"href":"https:\/\/pelartlabbenelux.com\/nl\/wp-json\/wp\/v2\/types\/product"}],"replies":[{"embeddable":true,"href":"https:\/\/pelartlabbenelux.com\/nl\/wp-json\/wp\/v2\/comments?post=8849"}],"version-history":[{"count":2,"href":"https:\/\/pelartlabbenelux.com\/nl\/wp-json\/wp\/v2\/product\/8849\/revisions"}],"predecessor-version":[{"id":9304,"href":"https:\/\/pelartlabbenelux.com\/nl\/wp-json\/wp\/v2\/product\/8849\/revisions\/9304"}],"wp:featuredmedia":[{"embeddable":true,"href":"https:\/\/pelartlabbenelux.com\/nl\/wp-json\/wp\/v2\/media\/8850"}],"wp:attachment":[{"href":"https:\/\/pelartlabbenelux.com\/nl\/wp-json\/wp\/v2\/media?parent=8849"}],"wp:term":[{"taxonomy":"product_brand","embeddable":true,"href":"https:\/\/pelartlabbenelux.com\/nl\/wp-json\/wp\/v2\/product_brand?post=8849"},{"taxonomy":"product_cat","embeddable":true,"href":"https:\/\/pelartlabbenelux.com\/nl\/wp-json\/wp\/v2\/product_cat?post=8849"},{"taxonomy":"product_tag","embeddable":true,"href":"https:\/\/pelartlabbenelux.com\/nl\/wp-json\/wp\/v2\/product_tag?post=8849"}],"curies":[{"name":"wp","href":"https:\/\/api.w.org\/{rel}","templated":true}]}}