{"id":8743,"date":"2026-01-28T16:09:27","date_gmt":"2026-01-28T16:09:27","guid":{"rendered":"https:\/\/pelartlabbenelux.com\/product\/moisturizing-cream-with-ceramides-recell-line-100-ml\/"},"modified":"2026-02-08T22:10:51","modified_gmt":"2026-02-08T22:10:51","slug":"moisturizing-cream-with-ceramides-recell-line-100-ml","status":"publish","type":"product","link":"https:\/\/pelartlabbenelux.com\/nl\/product\/moisturizing-cream-with-ceramides-recell-line-100-ml\/","title":{"rendered":"Moisturizing Cream with Ceramides, Recell Line, 100 ml"},"content":{"rendered":"<p>Moisturizing Cream with Ceramides MOISTURIZING CREAM CERAMIDE R5 \u2014 een herstellende, hydraterende cr\u00e8me ontworpen voor de verzorging van de huid bij psoriasis, seborroe en atopische dermatitis. Het behouden van de integriteit van de epidermale barri\u00e8re en een optimale hydratatie van de huid is cruciaal voor het verlengen van de remissie en het voorkomen van opflakkerigen van chronische dermatosen.<\/p>\n<p>De cr\u00e8me heeft uitgesproken ontstekingsremmende, antimicrobi\u00eble en hydraterende effecten. Ceramide en zorgvuldig geselecteerde plantaardige oli\u00ebn herstellen de lipidenbarri\u00e8re, voeden de epidermis diepgaand en bevorderen de genezing van microschade. Actieve componenten verbeteren de microcirculatie en versterken de vaatwanden, waardoor de reactiviteit van de huid wordt verminderd.<\/p>\n<p>Extracten van medicinale planten zorgen voor kalmerende, helende en toniserende effecten, waardoor droogheid, trekkerigheid en ongemak verminderen. De cr\u00e8me wordt aanbevolen voor pati\u00ebnten met psoriasis en atopische dermatitis, evenals voor personen met diabetes die gevoelig zijn voor uitgesproken droogheid van de huid.<\/p>\n<p><strong>Belangrijkste effecten:<\/strong><\/p>\n<p>\u2022 herstel en versterking van de epidermale lipidenbarri\u00e8re<br \/>\n\u2022 intensieve en langdurige hydratatie van de huid<br \/>\n\u2022 ontstekingsremmende en antimicrobi\u00eble werking<br \/>\n\u2022 vermindering van droogheid, irritatie en ongemak<br \/>\n\u2022 versnelling van regeneratie en genezing van microschade<\/p>\n<p><strong>Gebruik:<\/strong> Breng 1\u20132 keer per dag aan op alle huidzones na de reiniging.<\/p>\n<p><strong>Contra-indicaties:<\/strong><br \/>\nIndividuele intolerantie voor de componenten van het product.<\/p>\n<p><strong>Ingredi\u00ebnten:<\/strong><br \/>\nSt. John\u2019s Wort extract, Immortelle extract, Horse chestnut oil, Grape seed oil, Peach oil, Ceramides, Wheat germ oil, Walnut oil, Panthenol, Trehalose, Urea, Alginic Acid, Sodium hyaluronate, Pullulan, Citric Acid.<\/p>\n","protected":false},"excerpt":{"rendered":"<p>Moisturizing Cream with Ceramides MOISTURIZING CREAM CERAMIDE R5 \u2014 een herstellende, hydraterende cr\u00e8me ontworpen voor de verzorging van de huid bij psoriasis, seborroe en atopische dermatitis. Het behouden van de integriteit van de epidermale barri\u00e8re en een optimale hydratatie van de huid is cruciaal voor het verlengen van de remissie en het voorkomen van opflakkerigen [&hellip;]<\/p>\n","protected":false},"featured_media":10605,"comment_status":"open","ping_status":"closed","template":"","meta":[],"product_brand":[76],"product_cat":[146],"product_tag":[],"class_list":{"0":"post-8743","1":"product","2":"type-product","3":"status-publish","4":"has-post-thumbnail","6":"product_brand-recell-line","7":"product_cat-recell-line-producten-voor-psoriasis","9":"first","10":"instock","11":"shipping-taxable","12":"purchasable","13":"product-type-simple"},"aioseo_notices":[],"_links":{"self":[{"href":"https:\/\/pelartlabbenelux.com\/nl\/wp-json\/wp\/v2\/product\/8743","targetHints":{"allow":["GET"]}}],"collection":[{"href":"https:\/\/pelartlabbenelux.com\/nl\/wp-json\/wp\/v2\/product"}],"about":[{"href":"https:\/\/pelartlabbenelux.com\/nl\/wp-json\/wp\/v2\/types\/product"}],"replies":[{"embeddable":true,"href":"https:\/\/pelartlabbenelux.com\/nl\/wp-json\/wp\/v2\/comments?post=8743"}],"version-history":[{"count":2,"href":"https:\/\/pelartlabbenelux.com\/nl\/wp-json\/wp\/v2\/product\/8743\/revisions"}],"predecessor-version":[{"id":9210,"href":"https:\/\/pelartlabbenelux.com\/nl\/wp-json\/wp\/v2\/product\/8743\/revisions\/9210"}],"wp:featuredmedia":[{"embeddable":true,"href":"https:\/\/pelartlabbenelux.com\/nl\/wp-json\/wp\/v2\/media\/10605"}],"wp:attachment":[{"href":"https:\/\/pelartlabbenelux.com\/nl\/wp-json\/wp\/v2\/media?parent=8743"}],"wp:term":[{"taxonomy":"product_brand","embeddable":true,"href":"https:\/\/pelartlabbenelux.com\/nl\/wp-json\/wp\/v2\/product_brand?post=8743"},{"taxonomy":"product_cat","embeddable":true,"href":"https:\/\/pelartlabbenelux.com\/nl\/wp-json\/wp\/v2\/product_cat?post=8743"},{"taxonomy":"product_tag","embeddable":true,"href":"https:\/\/pelartlabbenelux.com\/nl\/wp-json\/wp\/v2\/product_tag?post=8743"}],"curies":[{"name":"wp","href":"https:\/\/api.w.org\/{rel}","templated":true}]}}