{"id":8729,"date":"2026-01-28T16:09:27","date_gmt":"2026-01-28T16:09:27","guid":{"rendered":"https:\/\/pelartlabbenelux.com\/product\/antioxidant-night-face-cream-with-vitamin-c-retinol-and-pdrn-lana-blur-line-50-ml\/"},"modified":"2026-02-08T21:12:11","modified_gmt":"2026-02-08T21:12:11","slug":"antioxidant-night-face-cream-with-vitamin-c-retinol-and-pdrn-lana-blur-line-50-ml","status":"publish","type":"product","link":"https:\/\/pelartlabbenelux.com\/nl\/product\/antioxidant-night-face-cream-with-vitamin-c-retinol-and-pdrn-lana-blur-line-50-ml\/","title":{"rendered":"Antioxidant nachtcr\u00e8me met Vitamine C, Retinol en PDRN Lana BluR Line, 50 ml"},"content":{"rendered":"<p>Anti-Stress Night Cream Vit C + Retinol + PDRN \u2014 een intensieve anti-aging nachtcr\u00e8me ontworpen om de huid te herstellen tijdens haar piekperiode van regeneratieve activiteit. De formule combineert vitamine C, retinol en PDRN, wat zorgt voor uitgebreide verjongende en antioxiderende effecten.<\/p>\n<p>Vitamine C helpt de teint te egaliseren, pigmentatie te verminderen en het fundament van de huid te versterken, waardoor het gezicht frisheid en glans krijgt. Retinol stimuleert de celvernieuwing, activeert de synthese van collageen en elastine, en verhoogt de huiddichtheid en stevigheid. PDRN ondersteunt regeneratieve processen, verbetert de huidstructuur en verhoogt de weerstand tegen tekenen van veroudering.<\/p>\n<p>Extracten van blauwe bes en microalgen, olijfolie, rijstzemelenolie, jojoba-olie, evenals niacinamide, b\u00e8taglucaan en een probiotisch enzym zorgen voor diepe hydratatie, herstellen de barri\u00e8refuncties en verminderen tekenen van stress en vermoeidheid. De cr\u00e8me helpt de huid er tegen de ochtend gladder, steviger en verfrist uit te zien.<\/p>\n<p>De voedende maar lichte textuur is ideaal voor nachtelijke verzorging, zonder de huid te overbelasten.<\/p>\n<p><strong>Belangrijkste effecten:<\/strong><\/p>\n<p>\u2022 stimulatie van de nachtelijke regeneratieprocessen van de huid<br \/>\n\u2022 vermindering van rimpels en tekenen van veroudering<br \/>\n\u2022 egalisering van de teint en vermindering van pigmentatie<br \/>\n\u2022 verbetering van de stevigheid en elasticiteit van de huid<br \/>\n\u2022 antioxiderende bescherming en herstel van de huidbarri\u00e8re<\/p>\n<p><strong>Gebruik:<\/strong><\/p>\n<p>&#8217;s Avonds aanbrengen op een gereinigd gezicht en hals met zachte massagebewegingen tot de cr\u00e8me volledig is opgenomen.<\/p>\n<p><strong>Ingredi\u00ebnten:<\/strong><\/p>\n<p>Aqua (Water), Blueberry Fruit Extract, Hydrogenated Hydrolyzed Starch, Aphanizomenon FlosAquae Extract, Bis-Glycerin Ascorbate, Hibiscus Sabdariffa Extract, Panthenol, Retinyl Acetate, Pentylene Glycol, Soybean Oil Glycine, Tocopherol, Acacia Senegal Gum, Phytosterols, Sodium Hyaluronate, Polydesoxyribonucleotide, Lecithin, Soy Isoflavones, Retinyl Palmitate, Hydrolyzed Rice Protein, Caprylic\/Capric Triglyceride, Retinol, Sodium Polyacrylate, Nicotinamide Adenine Dinucleotide, Soy Oil (Glycine-Soya) Carotene, Phospholipids, Ethylhexyl Olivate, Sodium Acrylate Copolymer, Aescin, Esculin, Rutin, Caffeine, Horse Chestnut Seed Extract, Rosemary Leaf Extract.<\/p>\n","protected":false},"excerpt":{"rendered":"<p>Anti-Stress Night Cream Vit C + Retinol + PDRN \u2014 een intensieve anti-aging nachtcr\u00e8me ontworpen om de huid te herstellen tijdens haar piekperiode van regeneratieve activiteit. De formule combineert vitamine C, retinol en PDRN, wat zorgt voor uitgebreide verjongende en antioxiderende effecten. Vitamine C helpt de teint te egaliseren, pigmentatie te verminderen en het fundament [&hellip;]<\/p>\n","protected":false},"featured_media":8730,"comment_status":"open","ping_status":"closed","template":"","meta":[],"product_brand":[78],"product_cat":[145],"product_tag":[],"class_list":{"0":"post-8729","1":"product","2":"type-product","3":"status-publish","4":"has-post-thumbnail","6":"product_brand-lana-blur-line","7":"product_cat-lana-blur-line-met-retinol-en-vitamine-c","9":"first","10":"instock","11":"shipping-taxable","12":"purchasable","13":"product-type-simple"},"aioseo_notices":[],"_links":{"self":[{"href":"https:\/\/pelartlabbenelux.com\/nl\/wp-json\/wp\/v2\/product\/8729","targetHints":{"allow":["GET"]}}],"collection":[{"href":"https:\/\/pelartlabbenelux.com\/nl\/wp-json\/wp\/v2\/product"}],"about":[{"href":"https:\/\/pelartlabbenelux.com\/nl\/wp-json\/wp\/v2\/types\/product"}],"replies":[{"embeddable":true,"href":"https:\/\/pelartlabbenelux.com\/nl\/wp-json\/wp\/v2\/comments?post=8729"}],"version-history":[{"count":2,"href":"https:\/\/pelartlabbenelux.com\/nl\/wp-json\/wp\/v2\/product\/8729\/revisions"}],"predecessor-version":[{"id":9124,"href":"https:\/\/pelartlabbenelux.com\/nl\/wp-json\/wp\/v2\/product\/8729\/revisions\/9124"}],"wp:featuredmedia":[{"embeddable":true,"href":"https:\/\/pelartlabbenelux.com\/nl\/wp-json\/wp\/v2\/media\/8730"}],"wp:attachment":[{"href":"https:\/\/pelartlabbenelux.com\/nl\/wp-json\/wp\/v2\/media?parent=8729"}],"wp:term":[{"taxonomy":"product_brand","embeddable":true,"href":"https:\/\/pelartlabbenelux.com\/nl\/wp-json\/wp\/v2\/product_brand?post=8729"},{"taxonomy":"product_cat","embeddable":true,"href":"https:\/\/pelartlabbenelux.com\/nl\/wp-json\/wp\/v2\/product_cat?post=8729"},{"taxonomy":"product_tag","embeddable":true,"href":"https:\/\/pelartlabbenelux.com\/nl\/wp-json\/wp\/v2\/product_tag?post=8729"}],"curies":[{"name":"wp","href":"https:\/\/api.w.org\/{rel}","templated":true}]}}