{"id":8615,"date":"2026-01-28T16:08:23","date_gmt":"2026-01-28T16:08:23","guid":{"rendered":"https:\/\/pelartlabbenelux.com\/product\/eye-care-cream-sea-buckthorn-fruit-series-100-ml\/"},"modified":"2026-02-08T16:44:59","modified_gmt":"2026-02-08T16:44:59","slug":"eye-care-cream-sea-buckthorn-fruit-series-100-ml","status":"publish","type":"product","link":"https:\/\/pelartlabbenelux.com\/nl\/product\/eye-care-cream-sea-buckthorn-fruit-series-100-ml\/","title":{"rendered":"Oogverzorgingscr\u00e8me \u201cDuindoorn\u201d Fruit Series, 100 ml"},"content":{"rendered":"<p>Oogverzorgingscr\u00e8me met duindoorn zorgt voor een optimale hydratatie, voedt de huid met vitaminen en plantaardige oli\u00ebn en biedt bescherming tegen kou en wind. Lipiden herstellen de barri\u00e8refunctie van de huid, verzachten deze en verbeteren de elasticiteit.<\/p>\n<p>Plantaardige oli\u00ebn en extracten helpen vroegtijdige veroudering te vertragen, ondersteunen metabolische processen en versterken de bloedvaten. Het triglyceridecomplex bevordert de vorming van celmembranen en verbetert de opname van de vitaminen A, E, D en K. De lichtgewicht textuur trekt snel in en laat de huid zacht en zijdeachtig aanvoelen.<\/p>\n<p><strong>Belangrijkste effecten:<\/strong><\/p>\n<p>\u2022 hydratatie en voeding van de huid rond de ogen<br \/>\n\u2022 herstel van de beschermende barri\u00e8re<br \/>\n\u2022 verhoogde elasticiteit en huidteint<br \/>\n\u2022 bescherming tegen externe factoren<\/p>\n<p><strong>Gebruik:<\/strong><\/p>\n<p>Dagelijks &#8217;s ochtends en &#8217;s avonds gebruiken. Aanbrengen op een gereinigde huid rond de ogen. Geschikt als basis voor make-up. Aanbevolen voor gebruik na het serum (10034) of de actieve additieven (10090\u201310093).<\/p>\n","protected":false},"excerpt":{"rendered":"<p>Oogverzorgingscr\u00e8me met duindoorn zorgt voor een optimale hydratatie, voedt de huid met vitaminen en plantaardige oli\u00ebn en biedt bescherming tegen kou en wind. Lipiden herstellen de barri\u00e8refunctie van de huid, verzachten deze en verbeteren de elasticiteit. Plantaardige oli\u00ebn en extracten helpen vroegtijdige veroudering te vertragen, ondersteunen metabolische processen en versterken de bloedvaten. Het triglyceridecomplex bevordert [&hellip;]<\/p>\n","protected":false},"featured_media":8616,"comment_status":"open","ping_status":"closed","template":"","meta":[],"product_brand":[68],"product_cat":[141],"product_tag":[],"class_list":{"0":"post-8615","1":"product","2":"type-product","3":"status-publish","4":"has-post-thumbnail","6":"product_brand-fruit-series","7":"product_cat-fruit-line-voor-oogverzorging-en-anti-aging","9":"first","10":"instock","11":"shipping-taxable","12":"purchasable","13":"product-type-simple"},"aioseo_notices":[],"_links":{"self":[{"href":"https:\/\/pelartlabbenelux.com\/nl\/wp-json\/wp\/v2\/product\/8615","targetHints":{"allow":["GET"]}}],"collection":[{"href":"https:\/\/pelartlabbenelux.com\/nl\/wp-json\/wp\/v2\/product"}],"about":[{"href":"https:\/\/pelartlabbenelux.com\/nl\/wp-json\/wp\/v2\/types\/product"}],"replies":[{"embeddable":true,"href":"https:\/\/pelartlabbenelux.com\/nl\/wp-json\/wp\/v2\/comments?post=8615"}],"version-history":[{"count":2,"href":"https:\/\/pelartlabbenelux.com\/nl\/wp-json\/wp\/v2\/product\/8615\/revisions"}],"predecessor-version":[{"id":9056,"href":"https:\/\/pelartlabbenelux.com\/nl\/wp-json\/wp\/v2\/product\/8615\/revisions\/9056"}],"wp:featuredmedia":[{"embeddable":true,"href":"https:\/\/pelartlabbenelux.com\/nl\/wp-json\/wp\/v2\/media\/8616"}],"wp:attachment":[{"href":"https:\/\/pelartlabbenelux.com\/nl\/wp-json\/wp\/v2\/media?parent=8615"}],"wp:term":[{"taxonomy":"product_brand","embeddable":true,"href":"https:\/\/pelartlabbenelux.com\/nl\/wp-json\/wp\/v2\/product_brand?post=8615"},{"taxonomy":"product_cat","embeddable":true,"href":"https:\/\/pelartlabbenelux.com\/nl\/wp-json\/wp\/v2\/product_cat?post=8615"},{"taxonomy":"product_tag","embeddable":true,"href":"https:\/\/pelartlabbenelux.com\/nl\/wp-json\/wp\/v2\/product_tag?post=8615"}],"curies":[{"name":"wp","href":"https:\/\/api.w.org\/{rel}","templated":true}]}}