{"id":8593,"date":"2026-01-28T16:08:02","date_gmt":"2026-01-28T16:08:02","guid":{"rendered":"https:\/\/pelartlabbenelux.com\/product\/hydra-recovery-restoring-moisturizing-serum-trifolium-pretense-line-30-ml\/"},"modified":"2026-02-08T22:44:30","modified_gmt":"2026-02-08T22:44:30","slug":"hydra-recovery-restoring-moisturizing-serum-trifolium-pretense-line-30-ml","status":"publish","type":"product","link":"https:\/\/pelartlabbenelux.com\/nl\/product\/hydra-recovery-restoring-moisturizing-serum-trifolium-pretense-line-30-ml\/","title":{"rendered":"HYDRA RECOVERY Restoring Moisturizing Serum Trifolium Pretense Line, 30 ml"},"content":{"rendered":"<p>Intensief hydraterend serum met hyaluronzuur voor huidherstel en het vertragen van de tekenen van veroudering. De formule verzadigt de huid diepgaand met vocht, strijkt rimpels zichtbaar glad en ondersteunt de natuurlijke hydratatiemechanismen.<\/p>\n<p>Het lipidenherstellende complex bevordert de synthese van ceramide en versterkt de huidbarri\u00e8re. Beta-glucan stimuleert de celregeneratie, verbetert de elasticiteit van de huid en versterkt de haarvaten. Het serum verbetert de huidtoon, geeft een frisse en verzorgde uitstraling en ondersteunt het cellulaire metabolisme en de antioxiderende bescherming.<\/p>\n<p><strong>Belangrijkste effecten:<\/strong><\/p>\n<p>\u2022 diepe hydratatie<br \/>\n\u2022 zichtbaar gladstrijken van rimpels<br \/>\n\u2022 herstel van de huidbarri\u00e8re<br \/>\n\u2022 verhoogde stevigheid en huidtoon<br \/>\n\u2022 vertraging van verouderingsprocessen<\/p>\n<p><strong>Gebruik:<\/strong><br \/>\n&#8217;s Ochtends en &#8217;s avonds aanbrengen op een gereinigde gezichtshuid v\u00f3\u00f3r de cr\u00e8me of het masker uit deze serie.<\/p>\n<p><strong>Ingredi\u00ebnten: <\/strong><br \/>\nD-Panthenol, Aloe Vera, Urea, Low Molecular Weight Hyaluronic Acid (100 kDa 0.75 mg\/ml) and High Molecular Weight Hyaluronic Acid (1000 kDa 0.75 mg\/ml), Centella Asiatica Extract, Acetylated Hyaluronic Acid, Beta-Glucan.<\/p>\n","protected":false},"excerpt":{"rendered":"<p>Intensief hydraterend serum met hyaluronzuur voor huidherstel en het vertragen van de tekenen van veroudering. De formule verzadigt de huid diepgaand met vocht, strijkt rimpels zichtbaar glad en ondersteunt de natuurlijke hydratatiemechanismen. Het lipidenherstellende complex bevordert de synthese van ceramide en versterkt de huidbarri\u00e8re. Beta-glucan stimuleert de celregeneratie, verbetert de elasticiteit van de huid en [&hellip;]<\/p>\n","protected":false},"featured_media":8594,"comment_status":"open","ping_status":"closed","template":"","meta":[],"product_brand":[64],"product_cat":[138],"product_tag":[],"class_list":{"0":"post-8593","1":"product","2":"type-product","3":"status-publish","4":"has-post-thumbnail","6":"product_brand-trifolium-pretense-line","7":"product_cat-trifolium-pretense-line-met-bioflavonoiden-uit-klaver-en-peptiden","9":"first","10":"instock","11":"shipping-taxable","12":"purchasable","13":"product-type-simple"},"aioseo_notices":[],"_links":{"self":[{"href":"https:\/\/pelartlabbenelux.com\/nl\/wp-json\/wp\/v2\/product\/8593","targetHints":{"allow":["GET"]}}],"collection":[{"href":"https:\/\/pelartlabbenelux.com\/nl\/wp-json\/wp\/v2\/product"}],"about":[{"href":"https:\/\/pelartlabbenelux.com\/nl\/wp-json\/wp\/v2\/types\/product"}],"replies":[{"embeddable":true,"href":"https:\/\/pelartlabbenelux.com\/nl\/wp-json\/wp\/v2\/comments?post=8593"}],"version-history":[{"count":2,"href":"https:\/\/pelartlabbenelux.com\/nl\/wp-json\/wp\/v2\/product\/8593\/revisions"}],"predecessor-version":[{"id":9259,"href":"https:\/\/pelartlabbenelux.com\/nl\/wp-json\/wp\/v2\/product\/8593\/revisions\/9259"}],"wp:featuredmedia":[{"embeddable":true,"href":"https:\/\/pelartlabbenelux.com\/nl\/wp-json\/wp\/v2\/media\/8594"}],"wp:attachment":[{"href":"https:\/\/pelartlabbenelux.com\/nl\/wp-json\/wp\/v2\/media?parent=8593"}],"wp:term":[{"taxonomy":"product_brand","embeddable":true,"href":"https:\/\/pelartlabbenelux.com\/nl\/wp-json\/wp\/v2\/product_brand?post=8593"},{"taxonomy":"product_cat","embeddable":true,"href":"https:\/\/pelartlabbenelux.com\/nl\/wp-json\/wp\/v2\/product_cat?post=8593"},{"taxonomy":"product_tag","embeddable":true,"href":"https:\/\/pelartlabbenelux.com\/nl\/wp-json\/wp\/v2\/product_tag?post=8593"}],"curies":[{"name":"wp","href":"https:\/\/api.w.org\/{rel}","templated":true}]}}