{"id":8554,"date":"2026-01-28T16:07:41","date_gmt":"2026-01-28T16:07:41","guid":{"rendered":"https:\/\/pelartlabbenelux.com\/product\/toner-activator-wt-for-skin-with-pigmentation-pelart-laboratory-de-lys-blanc-line-250-ml\/"},"modified":"2026-02-08T16:03:24","modified_gmt":"2026-02-08T16:03:24","slug":"toner-activator-wt-for-skin-with-pigmentation-pelart-laboratory-de-lys-blanc-line-250-ml","status":"publish","type":"product","link":"https:\/\/pelartlabbenelux.com\/nl\/product\/toner-activator-wt-for-skin-with-pigmentation-pelart-laboratory-de-lys-blanc-line-250-ml\/","title":{"rendered":"Toner-Activator \u201cWT\u201d voor de gepigmenteerde huid De Lys Blanc Line, 250 ml"},"content":{"rendered":"<p>Een professionele activerende toner ontworpen om de effectiviteit van oplichtende programma&#8217;s te versterken en de huid voor te bereiden op zuurbehandelingen. Het zuurcomplex blokkeert het transport van melanine naar de keratinocyten, wat een gelijkmatige teint bevordert en de zichtbaarheid van pigmentatie vermindert.<\/p>\n<p>Glycol-, kojic-, melk-, salicyl- en azela\u00efnezuur exfoli\u00ebren op milde wijze, egaliseren het microreli\u00ebf en de dikte van de epidermis, wat zorgt voor een meer gelijkmatige en diepere penetratie van actieve ingredi\u00ebnten. Ferulazuur biedt antioxiderende bescherming, stimuleert de collageensynthese en verbetert de stevigheid van de huid.<\/p>\n<p>De toner bereidt de huid voor op peelings, versterkt de werking van oplichtende producten en verhoogt de effectiviteit van professionele huidverzorgingsbehandelingen.<\/p>\n<p><strong>Belangrijkste voordelen:<\/strong><\/p>\n<p>\u2022 Licht de huid op en egaliseert de teint<br \/>\n\u2022 Vermindert pigmentatie<br \/>\n\u2022 Verfijnt de huidtextuur<br \/>\n\u2022 Bereidt de huid voor op zuurbehandelingen<\/p>\n<p><strong>Gebruik:<\/strong><\/p>\n<p>Breng aan op een wattenschijfje en neem hiermee zachtjes het gezicht, de hals en het decollet\u00e9 af voordat u de producten gebruikt met art. 10042, 10044 of 10045. Gebruik &#8217;s avonds gedurende een kuur van 2 weken voorafgaand aan een peelingbehandeling.<\/p>\n<p><strong>Ingredi\u00ebnten:<\/strong><\/p>\n<p>Aqua (Water), Denatured Alcohol, Propylene Glycol, Isopentadiol, Urea, Acids: Glycolic, Ferulic, Kojic, Lactic, Salicylic, Azelaic, D-Panthenol, Sorbitan Caprylate, Propanediol, Benzoic Acid, Essential Oils: Lime, Bergamot.<\/p>\n","protected":false},"excerpt":{"rendered":"<p>Een professionele activerende toner ontworpen om de effectiviteit van oplichtende programma&#8217;s te versterken en de huid voor te bereiden op zuurbehandelingen. Het zuurcomplex blokkeert het transport van melanine naar de keratinocyten, wat een gelijkmatige teint bevordert en de zichtbaarheid van pigmentatie vermindert. Glycol-, kojic-, melk-, salicyl- en azela\u00efnezuur exfoli\u00ebren op milde wijze, egaliseren het microreli\u00ebf [&hellip;]<\/p>\n","protected":false},"featured_media":8555,"comment_status":"open","ping_status":"closed","template":"","meta":[],"product_brand":[62],"product_cat":[137],"product_tag":[],"class_list":{"0":"post-8554","1":"product","2":"type-product","3":"status-publish","4":"has-post-thumbnail","6":"product_brand-de-lys-blanc-line","7":"product_cat-de-lys-blanc-line-huidverzorging-tegen-pigmentatie-met-lelie","9":"first","10":"instock","11":"shipping-taxable","12":"purchasable","13":"product-type-simple"},"aioseo_notices":[],"_links":{"self":[{"href":"https:\/\/pelartlabbenelux.com\/nl\/wp-json\/wp\/v2\/product\/8554","targetHints":{"allow":["GET"]}}],"collection":[{"href":"https:\/\/pelartlabbenelux.com\/nl\/wp-json\/wp\/v2\/product"}],"about":[{"href":"https:\/\/pelartlabbenelux.com\/nl\/wp-json\/wp\/v2\/types\/product"}],"replies":[{"embeddable":true,"href":"https:\/\/pelartlabbenelux.com\/nl\/wp-json\/wp\/v2\/comments?post=8554"}],"version-history":[{"count":2,"href":"https:\/\/pelartlabbenelux.com\/nl\/wp-json\/wp\/v2\/product\/8554\/revisions"}],"predecessor-version":[{"id":9028,"href":"https:\/\/pelartlabbenelux.com\/nl\/wp-json\/wp\/v2\/product\/8554\/revisions\/9028"}],"wp:featuredmedia":[{"embeddable":true,"href":"https:\/\/pelartlabbenelux.com\/nl\/wp-json\/wp\/v2\/media\/8555"}],"wp:attachment":[{"href":"https:\/\/pelartlabbenelux.com\/nl\/wp-json\/wp\/v2\/media?parent=8554"}],"wp:term":[{"taxonomy":"product_brand","embeddable":true,"href":"https:\/\/pelartlabbenelux.com\/nl\/wp-json\/wp\/v2\/product_brand?post=8554"},{"taxonomy":"product_cat","embeddable":true,"href":"https:\/\/pelartlabbenelux.com\/nl\/wp-json\/wp\/v2\/product_cat?post=8554"},{"taxonomy":"product_tag","embeddable":true,"href":"https:\/\/pelartlabbenelux.com\/nl\/wp-json\/wp\/v2\/product_tag?post=8554"}],"curies":[{"name":"wp","href":"https:\/\/api.w.org\/{rel}","templated":true}]}}