{"id":8518,"date":"2026-01-28T16:07:40","date_gmt":"2026-01-28T16:07:40","guid":{"rendered":"https:\/\/pelartlabbenelux.com\/product\/nourishing-night-cream-for-sensitive-and-couperose-prone-skin-pelart-laboratory-apricot-line-250-ml\/"},"modified":"2026-02-08T15:05:09","modified_gmt":"2026-02-08T15:05:09","slug":"nourishing-night-cream-for-sensitive-and-couperose-prone-skin-pelart-laboratory-apricot-line-250-ml","status":"publish","type":"product","link":"https:\/\/pelartlabbenelux.com\/nl\/product\/nourishing-night-cream-for-sensitive-and-couperose-prone-skin-pelart-laboratory-apricot-line-250-ml\/","title":{"rendered":"Voedende Nachtcr\u00e8me voor de gevoelige en couperosegevoelige huid Apricot Line, 250 ml"},"content":{"rendered":"<p>Voedende Nachtcr\u00e8me Apricot Line is een professionele nachtcr\u00e8me ontworpen voor de gevoelige huid die vatbaar is voor couperose en verhoogde vasculaire reactiviteit. De formule is ontwikkeld om het herstel van de huid tijdens de nachtelijke regeneratie te ondersteunen, ontstekingsprocessen te verminderen en de wanden van de capillairen te versterken.<\/p>\n<p>Een complex van plantaardige oli\u00ebn en extracten biedt uitgesproken vaatbeschermende en kalmerende effecten. Extracten van muizedoorn, blauwe bes, sophora en goudsbloem helpen de capillairen te versterken, hun doorlaatbaarheid te verlagen en roodheid te verminderen. Olijfolie, sheaboter en squalaan voeden de huid intensief, herstellen de beschadigde lipidenbarri\u00e8re en beschermen tegen transepidermaal waterverlies.<\/p>\n<p>De actieve ingredi\u00ebnten zorgen voor een diepe hydratatie, verhogen de stevigheid en elasticiteit van de huid en verminderen gevoeligheid en ongemak. Panthenol en rutine ondersteunen het herstel van de huid en versterken de weerstand tegen externe irriterende factoren.<\/p>\n<p><strong>Belangrijkste effecten:<\/strong><\/p>\n<p>\u2022 intensieve voeding en huidherstel<br \/>\n\u2022 vermindering van roodheid en vasculaire reactiviteit<br \/>\n\u2022 versterking van de capillairen<br \/>\n\u2022 verbetering van de stevigheid en elasticiteit<br \/>\n\u2022 afname van de huidgevoeligheid<\/p>\n<p><strong>Gebruik:<\/strong><\/p>\n<p>Breng 2 uur voor het slapengaan een kleine hoeveelheid aan op de gereinigde gezichtshuid. Aanbevolen voor gebruik in combinatie met Vitamin C Serum (art. 10034) en CO\u2082 Complex (art. 10093).<\/p>\n<p><strong>Ingredi\u00ebnten:<\/strong><\/p>\n<p>Aqua (Water), Extracten: Ruscus, Kamille, Blauwe bes, Goudsbloem, Sophora, Calgan, Cederden, D-Panthenol, Oli\u00ebn: Olijf, Shea, Squalene, Rutine, Glycerine, Glycerol Glucoside, Cafe\u00efne, Tocopherol Acetate, Parfum.<\/p>\n","protected":false},"excerpt":{"rendered":"<p>Voedende Nachtcr\u00e8me Apricot Line is een professionele nachtcr\u00e8me ontworpen voor de gevoelige huid die vatbaar is voor couperose en verhoogde vasculaire reactiviteit. De formule is ontwikkeld om het herstel van de huid tijdens de nachtelijke regeneratie te ondersteunen, ontstekingsprocessen te verminderen en de wanden van de capillairen te versterken. Een complex van plantaardige oli\u00ebn en [&hellip;]<\/p>\n","protected":false},"featured_media":8519,"comment_status":"open","ping_status":"closed","template":"","meta":[],"product_brand":[60],"product_cat":[135],"product_tag":[],"class_list":{"0":"post-8518","1":"product","2":"type-product","3":"status-publish","4":"has-post-thumbnail","6":"product_brand-apricot-line","7":"product_cat-apricot-line-cosmetica-voor-de-gevoelige-huid-met-couperose","9":"first","10":"instock","11":"shipping-taxable","12":"purchasable","13":"product-type-simple"},"aioseo_notices":[],"_links":{"self":[{"href":"https:\/\/pelartlabbenelux.com\/nl\/wp-json\/wp\/v2\/product\/8518","targetHints":{"allow":["GET"]}}],"collection":[{"href":"https:\/\/pelartlabbenelux.com\/nl\/wp-json\/wp\/v2\/product"}],"about":[{"href":"https:\/\/pelartlabbenelux.com\/nl\/wp-json\/wp\/v2\/types\/product"}],"replies":[{"embeddable":true,"href":"https:\/\/pelartlabbenelux.com\/nl\/wp-json\/wp\/v2\/comments?post=8518"}],"version-history":[{"count":2,"href":"https:\/\/pelartlabbenelux.com\/nl\/wp-json\/wp\/v2\/product\/8518\/revisions"}],"predecessor-version":[{"id":8946,"href":"https:\/\/pelartlabbenelux.com\/nl\/wp-json\/wp\/v2\/product\/8518\/revisions\/8946"}],"wp:featuredmedia":[{"embeddable":true,"href":"https:\/\/pelartlabbenelux.com\/nl\/wp-json\/wp\/v2\/media\/8519"}],"wp:attachment":[{"href":"https:\/\/pelartlabbenelux.com\/nl\/wp-json\/wp\/v2\/media?parent=8518"}],"wp:term":[{"taxonomy":"product_brand","embeddable":true,"href":"https:\/\/pelartlabbenelux.com\/nl\/wp-json\/wp\/v2\/product_brand?post=8518"},{"taxonomy":"product_cat","embeddable":true,"href":"https:\/\/pelartlabbenelux.com\/nl\/wp-json\/wp\/v2\/product_cat?post=8518"},{"taxonomy":"product_tag","embeddable":true,"href":"https:\/\/pelartlabbenelux.com\/nl\/wp-json\/wp\/v2\/product_tag?post=8518"}],"curies":[{"name":"wp","href":"https:\/\/api.w.org\/{rel}","templated":true}]}}