{"id":8481,"date":"2026-01-28T16:07:20","date_gmt":"2026-01-28T16:07:20","guid":{"rendered":"https:\/\/pelartlabbenelux.com\/product\/barraskilo-night-cream-with-azelaic-ccid-and-snail-mucin-for-oily-and-problematic-skin-pelart-laboratory-50-ml\/"},"modified":"2026-02-08T17:10:23","modified_gmt":"2026-02-08T17:10:23","slug":"barraskilo-night-cream-with-azelaic-ccid-and-snail-mucin-for-oily-and-problematic-skin-pelart-laboratory-50-ml","status":"publish","type":"product","link":"https:\/\/pelartlabbenelux.com\/nl\/product\/barraskilo-night-cream-with-azelaic-ccid-and-snail-mucin-for-oily-and-problematic-skin-pelart-laboratory-50-ml\/","title":{"rendered":"BARRASKILO Nachtcr\u00e8me met azela\u00efnezuur en slakkenmucin voor de vette en problematische huid, 50 ml"},"content":{"rendered":"<p>Een professionele nachtcr\u00e8me die is ontworpen om de belangrijkste mechanismen van de pathogenese van acne aan te pakken en het herstel van de huid te ondersteunen tijdens de nachtelijke regeneratie. De formule, op basis van azela\u00efne- en kojiczuur, levert uitgesproken anti-acne effecten, helpt post-inflammatoire pigmentatie te verlichten en egaliseert de huidteint.<\/p>\n<p>De cr\u00e8me heeft keratolytische, antimicrobi\u00eble en antivirale eigenschappen, versnelt de vernieuwing van de epidermis, vermindert hyperkeratose en verbetert de algehele huidconditie, waardoor de huid gladder, stralender en gezonder oogt.<\/p>\n<p>Slakkenmucin \u2014 een zeer actief biocomplex dat enzymen, koper, zink, ijzer, glycolzuur, vitaminen A, C en E, prote\u00efnen, collageen en elastine bevat \u2014 pakt effectief een breed scala aan huidproblemen aan, waaronder ontstekingen, acne, pigmentatie, rimpels, wallen en tekenen van fotoveroudering, terwijl het de barri\u00e8re herstelt en versterkt.<\/p>\n<p><strong>Belangrijkste voordelen:<\/strong><\/p>\n<p>\u2022 Ontstekingsremmende en anti-acne werking<br \/>\n\u2022 Verlicht post-acne vlekjes en pigmentatie<br \/>\n\u2022 Keratolytisch en antimicrobieel effect<br \/>\n\u2022 Versnelt de huidregeneratie<br \/>\n\u2022 Verbetert textuur, teint en uitstraling<\/p>\n<p><strong>Gebruik:<\/strong><\/p>\n<p>&#8217;s Avonds aanbrengen op het gezicht, de hals en het decollet\u00e9 na de reiniging en tonisering.<\/p>\n<p><strong>Ingredi\u00ebnten:<\/strong><\/p>\n<p>Aqua (Water), Azelaic Acid, Sodium Salicinate, Niacinamide, Yeast Extract, Horse Chestnut Seed Extract, Tea Tree Extract, Ammonium Glycyrrhizate, Panthenol, Propylene Glycol, Zinc Gluconate, Caffeine, Biotin, Isopentyldiol, Glycerin, Squalane, Snail Mucin, Mannitol, Sodium Citrate, Acetyl Tetrapeptide-15, Bisabolol, Kojic Acid, Sodium Hyaluronate, Essential Oils: Rosemary, Geranium.<\/p>\n","protected":false},"excerpt":{"rendered":"<p>Een professionele nachtcr\u00e8me die is ontworpen om de belangrijkste mechanismen van de pathogenese van acne aan te pakken en het herstel van de huid te ondersteunen tijdens de nachtelijke regeneratie. De formule, op basis van azela\u00efne- en kojiczuur, levert uitgesproken anti-acne effecten, helpt post-inflammatoire pigmentatie te verlichten en egaliseert de huidteint. De cr\u00e8me heeft keratolytische, [&hellip;]<\/p>\n","protected":false},"featured_media":8482,"comment_status":"open","ping_status":"closed","template":"","meta":[],"product_brand":[58],"product_cat":[134],"product_tag":[],"class_list":{"0":"post-8481","1":"product","2":"type-product","3":"status-publish","4":"has-post-thumbnail","6":"product_brand-inula-line","7":"product_cat-inula-line-beautylijn-voor-vette-en-probleemhuid","9":"first","10":"instock","11":"shipping-taxable","12":"purchasable","13":"product-type-simple"},"aioseo_notices":[],"_links":{"self":[{"href":"https:\/\/pelartlabbenelux.com\/nl\/wp-json\/wp\/v2\/product\/8481","targetHints":{"allow":["GET"]}}],"collection":[{"href":"https:\/\/pelartlabbenelux.com\/nl\/wp-json\/wp\/v2\/product"}],"about":[{"href":"https:\/\/pelartlabbenelux.com\/nl\/wp-json\/wp\/v2\/types\/product"}],"replies":[{"embeddable":true,"href":"https:\/\/pelartlabbenelux.com\/nl\/wp-json\/wp\/v2\/comments?post=8481"}],"version-history":[{"count":2,"href":"https:\/\/pelartlabbenelux.com\/nl\/wp-json\/wp\/v2\/product\/8481\/revisions"}],"predecessor-version":[{"id":9108,"href":"https:\/\/pelartlabbenelux.com\/nl\/wp-json\/wp\/v2\/product\/8481\/revisions\/9108"}],"wp:featuredmedia":[{"embeddable":true,"href":"https:\/\/pelartlabbenelux.com\/nl\/wp-json\/wp\/v2\/media\/8482"}],"wp:attachment":[{"href":"https:\/\/pelartlabbenelux.com\/nl\/wp-json\/wp\/v2\/media?parent=8481"}],"wp:term":[{"taxonomy":"product_brand","embeddable":true,"href":"https:\/\/pelartlabbenelux.com\/nl\/wp-json\/wp\/v2\/product_brand?post=8481"},{"taxonomy":"product_cat","embeddable":true,"href":"https:\/\/pelartlabbenelux.com\/nl\/wp-json\/wp\/v2\/product_cat?post=8481"},{"taxonomy":"product_tag","embeddable":true,"href":"https:\/\/pelartlabbenelux.com\/nl\/wp-json\/wp\/v2\/product_tag?post=8481"}],"curies":[{"name":"wp","href":"https:\/\/api.w.org\/{rel}","templated":true}]}}