{"id":8459,"date":"2026-01-28T16:07:20","date_gmt":"2026-01-28T16:07:20","guid":{"rendered":"https:\/\/pelartlabbenelux.com\/product\/restorative-cream-spf-15-for-sensitive-and-couperose-prone-skin-pelart-laboratory-apricot-line-50-ml\/"},"modified":"2026-02-08T15:04:10","modified_gmt":"2026-02-08T15:04:10","slug":"restorative-cream-spf-15-for-sensitive-and-couperose-prone-skin-pelart-laboratory-apricot-line-50-ml","status":"publish","type":"product","link":"https:\/\/pelartlabbenelux.com\/nl\/product\/restorative-cream-spf-15-for-sensitive-and-couperose-prone-skin-pelart-laboratory-apricot-line-50-ml\/","title":{"rendered":"Herstellende Cr\u00e8me SPF 15 voor de gevoelige en couperosegevoelige huid Apricot Line, 50 ml"},"content":{"rendered":"<p>Herstellende Cr\u00e8me SPF 15 is een professionele cr\u00e8me ontworpen voor de gevoelige huid met tekenen van couperose en een verstoorde barri\u00e8refunctie. De lichte textuur trekt snel in, laat geen vette glans achter en zorgt de hele dag door voor een comfortabel draaggevoel.<\/p>\n<p>De formule richt zich op het versterken en toniseren van de wanden van de capillairen, het verminderen van hun doorlaatbaarheid en kwetsbaarheid, en het beschermen van de huid tegen omgevingsstress. Een complex van plantenextracten van muizedoorn, blauwe bes, sophora en goudsbloem biedt uitgesproken vaatbeschermende en kalmerende effecten, vermindert de gevoeligheid van de huid en verzacht roodheid.<\/p>\n<p>Druivenpitolie, rijk aan bioflavono\u00efden en proanthocyanidinen, biedt sterke antioxiderende bescherming en verbetert de microcirculatie. Panthenol, squalaan en oli\u00ebn van shea en bernagie herstellen de hydrolipidenbarri\u00e8re, verhogen de hydratatie en verbeteren de huidelasticiteit. Een complex van fysieke en chemische SPF 15-filters beschermt de huid tegen fotoschade en helpt het verergeren van vasculaire verschijnselen te voorkomen.<\/p>\n<p><strong>Belangrijkste effecten:<\/strong><\/p>\n<p>\u2022 versterking van de capillairen en vermindering van kwetsbaarheid<br \/>\n\u2022 bescherming tegen UV-blootstelling en externe agressoren<br \/>\n\u2022 vermindering van roodheid en zwellingen<br \/>\n\u2022 herstel van de barri\u00e8refunctie van de huid<br \/>\n\u2022 hydratatie en bieden van comfort<\/p>\n<p><strong>Gebruik:<\/strong><\/p>\n<p>Breng &#8217;s ochtends een kleine hoeveelheid cr\u00e8me aan op de gereinigde gezichtshuid. Aanbevolen voor gebruik in combinatie met Vitamin C Serum (art. 10034) en CO\u2082 Complex (art. 10093).<\/p>\n<p><strong>Ingredi\u00ebnten:<\/strong><\/p>\n<p>AQUA (Water), Extracten: Ruscus, Kamille, Blauwe bes, Goudsbloem, Sophora, Calgan, Algen Cylindrotheca fusiformis, Cederden, Oli\u00ebn: Druivenpit, Shea, Bernagie, D-Panthenol, Cafe\u00efne, Glycerine, Escine, Tocoferol, Rutine, Sodium Ascorbyl Phosphate, Squalaan, Complex van fysieke en chemische filters, Parfum.<\/p>\n","protected":false},"excerpt":{"rendered":"<p>Herstellende Cr\u00e8me SPF 15 is een professionele cr\u00e8me ontworpen voor de gevoelige huid met tekenen van couperose en een verstoorde barri\u00e8refunctie. De lichte textuur trekt snel in, laat geen vette glans achter en zorgt de hele dag door voor een comfortabel draaggevoel. De formule richt zich op het versterken en toniseren van de wanden van [&hellip;]<\/p>\n","protected":false},"featured_media":8460,"comment_status":"open","ping_status":"closed","template":"","meta":[],"product_brand":[60],"product_cat":[135],"product_tag":[],"class_list":{"0":"post-8459","1":"product","2":"type-product","3":"status-publish","4":"has-post-thumbnail","6":"product_brand-apricot-line","7":"product_cat-apricot-line-cosmetica-voor-de-gevoelige-huid-met-couperose","9":"first","10":"instock","11":"shipping-taxable","12":"purchasable","13":"product-type-simple"},"aioseo_notices":[],"_links":{"self":[{"href":"https:\/\/pelartlabbenelux.com\/nl\/wp-json\/wp\/v2\/product\/8459","targetHints":{"allow":["GET"]}}],"collection":[{"href":"https:\/\/pelartlabbenelux.com\/nl\/wp-json\/wp\/v2\/product"}],"about":[{"href":"https:\/\/pelartlabbenelux.com\/nl\/wp-json\/wp\/v2\/types\/product"}],"replies":[{"embeddable":true,"href":"https:\/\/pelartlabbenelux.com\/nl\/wp-json\/wp\/v2\/comments?post=8459"}],"version-history":[{"count":2,"href":"https:\/\/pelartlabbenelux.com\/nl\/wp-json\/wp\/v2\/product\/8459\/revisions"}],"predecessor-version":[{"id":8944,"href":"https:\/\/pelartlabbenelux.com\/nl\/wp-json\/wp\/v2\/product\/8459\/revisions\/8944"}],"wp:featuredmedia":[{"embeddable":true,"href":"https:\/\/pelartlabbenelux.com\/nl\/wp-json\/wp\/v2\/media\/8460"}],"wp:attachment":[{"href":"https:\/\/pelartlabbenelux.com\/nl\/wp-json\/wp\/v2\/media?parent=8459"}],"wp:term":[{"taxonomy":"product_brand","embeddable":true,"href":"https:\/\/pelartlabbenelux.com\/nl\/wp-json\/wp\/v2\/product_brand?post=8459"},{"taxonomy":"product_cat","embeddable":true,"href":"https:\/\/pelartlabbenelux.com\/nl\/wp-json\/wp\/v2\/product_cat?post=8459"},{"taxonomy":"product_tag","embeddable":true,"href":"https:\/\/pelartlabbenelux.com\/nl\/wp-json\/wp\/v2\/product_tag?post=8459"}],"curies":[{"name":"wp","href":"https:\/\/api.w.org\/{rel}","templated":true}]}}