{"id":8199,"date":"2026-01-28T16:10:30","date_gmt":"2026-01-28T16:10:30","guid":{"rendered":"https:\/\/pelartlabbenelux.com\/product\/enzyme-therapy-professional-box-set-10-procedures-kit-professional-beauty-therapy-line\/"},"modified":"2026-02-05T14:21:06","modified_gmt":"2026-02-05T14:21:06","slug":"enzyme-therapy-professional-box-set-10-procedures-kit-professional-beauty-therapy-line","status":"publish","type":"product","link":"https:\/\/pelartlabbenelux.com\/fr\/produit\/enzyme-therapy-professional-box-set-10-procedures-kit-professional-beauty-therapy-line\/","title":{"rendered":"Enzyme Therapy Professional Box Set, kit pour 10 proc\u00e9dures, Professional Beauty Therapy Line"},"content":{"rendered":"<p>Enzyme Therapy Professional Box Set \u2014 syst\u00e8me professionnel multi-\u00e9tapes con\u00e7u pour une th\u00e9rapie enzymatique intensive de la peau et une biorevitalisation non invasive. Ce coffret complet offre un effet transformateur profond, ciblant le renouvellement cellulaire, la d\u00e9toxification et un raffermissement imm\u00e9diat des tissus gr\u00e2ce \u00e0 un protocole synergique en trois \u00e9tapes.<\/p>\n<p><strong>Le coffret professionnel comprend :<\/strong><\/p>\n<p>\u2022 Enzyme Therapy \u00c9tape 1 (50 g) \u2014 poudre destin\u00e9e au nettoyage enzymatique profond et \u00e0 l\u2019hydrolyse de la k\u00e9ratine.<br \/>\n\u2022 Enzyme Therapy \u00c9tape 2 (50 g) \u2014 poudre stimulante activant la synth\u00e8se du collag\u00e8ne et procurant un effet lifting visible.<br \/>\n\u2022 Enzyme Therapy Activator (180 ml) \u2014 solution activatrice sp\u00e9cialis\u00e9e pour la pr\u00e9paration des compositions des \u00e9tapes 1 et 2.<br \/>\n\u2022 Accessoires professionnels \u2014 bol de m\u00e9lange d\u00e9di\u00e9 et pinceau professionnel pour une application pr\u00e9cise et ma\u00eetris\u00e9e du protocole.<\/p>\n<p><strong>Effets cl\u00e9s :<\/strong><\/p>\n<p>\u2022 Exfoliation enzymatique intensive et nettoyage profond des pores<br \/>\n\u2022 Stimulation de la production de collag\u00e8ne et d\u2019\u00e9lastine avec effet lifting<br \/>\n\u2022 Puissante protection antioxydante et d\u00e9toxification cutan\u00e9e<br \/>\n\u2022 Am\u00e9lioration du microrelief, de l\u2019uniformit\u00e9 du teint et de l\u2019\u00e9lasticit\u00e9<br \/>\n\u2022 Hydratation profonde et restauration d\u2019un teint sain et \u00e9clatant<\/p>\n<p><strong>Mode d\u2019utilisation :<\/strong><\/p>\n<p>Usage professionnel uniquement. Pr\u00e9parer le soin en m\u00e9langeant l\u2019\u00c9tape 1 ou l\u2019\u00c9tape 2 avec l\u2019Activateur, strictement selon le protocole du sp\u00e9cialiste.<\/p>\n<p><strong>Ingr\u00e9dients :<\/strong><\/p>\n<p><strong>\u2022 \u00c9tape 1 :<\/strong> Rice Powder, Protease, Keratinase, Lipase, Papain, Sodium Cocoyl Isethionate, Papaya Fruit Extract, Sodium Bicarbonate, Tartaric Acid, Citric Acid, Centella Asiatica Extract, Pea Extract, Cyclodextrin, Spirulina Powder, Matcha Green Tea.<br \/>\n<strong>\u2022 \u00c9tape 2 :<\/strong> Maltodextrin, Albumin, Protease, Lipase, Aspartic Acid, Glutamic Acid, Arginine, Serine, Lysine, Citric Acid, Spirulina Powder, Matcha Green Tea.<br \/>\n<strong>\u2022 Activateur :<\/strong> Aqua (Water), Glycerin, Sodium Bicarbonate, Panthenol, Urea, Propylene Glycol, Centella Asiatica Extract, Glycine Soja Seed Extract, Trehalose, Hyaluronic Acid, Ginkgo Biloba Leaf Extract.<\/p>\n","protected":false},"excerpt":{"rendered":"<p>Enzyme Therapy Professional Box Set \u2014 syst\u00e8me professionnel multi-\u00e9tapes con\u00e7u pour une th\u00e9rapie enzymatique intensive de la peau et une biorevitalisation non invasive. Ce coffret complet offre un effet transformateur profond, ciblant le renouvellement cellulaire, la d\u00e9toxification et un raffermissement imm\u00e9diat des tissus gr\u00e2ce \u00e0 un protocole synergique en trois \u00e9tapes. Le coffret professionnel comprend [&hellip;]<\/p>\n","protected":false},"featured_media":8200,"comment_status":"open","ping_status":"closed","template":"","meta":[],"product_brand":[82],"product_cat":[133],"product_tag":[120],"class_list":{"0":"post-8199","1":"product","2":"type-product","3":"status-publish","4":"has-post-thumbnail","6":"product_brand-professional-beauty-therapy-line","7":"product_cat-professional-beauty-therapy-line-de-therapie-esthetique-professionnelle","8":"product_tag-enregistrez-vous-en-tant-que-cosmetologue-pour-acheter-cet-article","10":"first","11":"instock","12":"shipping-taxable","13":"product-type-simple"},"aioseo_notices":[],"_links":{"self":[{"href":"https:\/\/pelartlabbenelux.com\/fr\/wp-json\/wp\/v2\/product\/8199","targetHints":{"allow":["GET"]}}],"collection":[{"href":"https:\/\/pelartlabbenelux.com\/fr\/wp-json\/wp\/v2\/product"}],"about":[{"href":"https:\/\/pelartlabbenelux.com\/fr\/wp-json\/wp\/v2\/types\/product"}],"replies":[{"embeddable":true,"href":"https:\/\/pelartlabbenelux.com\/fr\/wp-json\/wp\/v2\/comments?post=8199"}],"version-history":[{"count":2,"href":"https:\/\/pelartlabbenelux.com\/fr\/wp-json\/wp\/v2\/product\/8199\/revisions"}],"predecessor-version":[{"id":8304,"href":"https:\/\/pelartlabbenelux.com\/fr\/wp-json\/wp\/v2\/product\/8199\/revisions\/8304"}],"wp:featuredmedia":[{"embeddable":true,"href":"https:\/\/pelartlabbenelux.com\/fr\/wp-json\/wp\/v2\/media\/8200"}],"wp:attachment":[{"href":"https:\/\/pelartlabbenelux.com\/fr\/wp-json\/wp\/v2\/media?parent=8199"}],"wp:term":[{"taxonomy":"product_brand","embeddable":true,"href":"https:\/\/pelartlabbenelux.com\/fr\/wp-json\/wp\/v2\/product_brand?post=8199"},{"taxonomy":"product_cat","embeddable":true,"href":"https:\/\/pelartlabbenelux.com\/fr\/wp-json\/wp\/v2\/product_cat?post=8199"},{"taxonomy":"product_tag","embeddable":true,"href":"https:\/\/pelartlabbenelux.com\/fr\/wp-json\/wp\/v2\/product_tag?post=8199"}],"curies":[{"name":"wp","href":"https:\/\/api.w.org\/{rel}","templated":true}]}}