{"id":8193,"date":"2026-01-28T16:09:48","date_gmt":"2026-01-28T16:09:48","guid":{"rendered":"https:\/\/pelartlabbenelux.com\/product\/carboxy-3d-modulator-stage-%e2%84%963-professional-beauty-therapy-line-50-ml\/"},"modified":"2026-02-05T14:16:10","modified_gmt":"2026-02-05T14:16:10","slug":"carboxy-3d-modulator-stage-%e2%84%963-professional-beauty-therapy-line-50-ml","status":"publish","type":"product","link":"https:\/\/pelartlabbenelux.com\/fr\/produit\/carboxy-3d-modulator-stage-%e2%84%963-professional-beauty-therapy-line-50-ml\/","title":{"rendered":"Carboxy 3D Modulator (\u00e9tape n\u00b03), Professional Beauty Therapy Line, 50 ml"},"content":{"rendered":"<p>Carboxy 3D Modulator \u2014 s\u00e9rum modulateur professionnel constituant la phase finale de la proc\u00e9dure de carboxyth\u00e9rapie, destin\u00e9 \u00e0 la restauration profonde et \u00e0 la stabilisation de la peau apr\u00e8s une exposition intensive. Lors de cette derni\u00e8re \u00e9tape, les composants actifs p\u00e9n\u00e8trent dans les couches profondes de la peau, renfor\u00e7ant les effets de la carboxyth\u00e9rapie et soutenant les processus r\u00e9g\u00e9n\u00e9ratifs activ\u00e9s.<\/p>\n<p>Sa formule exerce une action apaisante et anti-inflammatoire marqu\u00e9e, hydrate intens\u00e9ment et nourrit la peau, tout en contribuant \u00e0 la restauration de la barri\u00e8re \u00e9pidermique. Un complexe d\u2019acides amin\u00e9s, de mucine d\u2019escargot, de Centella asiatica et de niacinamide soutient la synth\u00e8se du collag\u00e8ne et de la matrice intercellulaire, augmentant la r\u00e9sistance et la capacit\u00e9 d\u2019adaptation de la peau.<\/p>\n<p>Le s\u00e9rum finalise la proc\u00e9dure de carboxyth\u00e9rapie, r\u00e9duit la r\u00e9activit\u00e9 cutan\u00e9e et assure confort, douceur et aspect soign\u00e9 de la peau.<\/p>\n<p><strong>Effets cl\u00e9s :<\/strong><\/p>\n<p>\u2022 Hydratation profonde et restauration cutan\u00e9e<br \/>\n\u2022 R\u00e9duction de l\u2019inflammation et des irritations<br \/>\n\u2022 Renforcement de la barri\u00e8re \u00e9pidermique<br \/>\n\u2022 Soutien des processus r\u00e9g\u00e9n\u00e9ratifs<br \/>\n\u2022 Am\u00e9lioration du confort et de la douceur de la peau<\/p>\n<p><strong>Mode d\u2019utilisation :<\/strong><\/p>\n<p>Appliquer le s\u00e9rum sur la peau apr\u00e8s les \u00e9tapes pr\u00e9c\u00e9dentes de la proc\u00e9dure.<br \/>\nLaisser agir 15 minutes, puis retirer l\u2019exc\u00e9dent \u00e0 l\u2019aide d\u2019un mouchoir.<br \/>\nEn p\u00e9riode d\u2019exposition solaire active, compl\u00e9ter imp\u00e9rativement le soin par l\u2019application d\u2019une protection solaire SPF 50 ou sup\u00e9rieure.<\/p>\n<p><strong>Ingr\u00e9dients :<\/strong><\/p>\n<p>Aqua (Water), Glycerin, Glycerol Glucoside, Snail Mucin, Urea, Centella Asiatica Extract, Trehalose, Serine, Pentylene Glycol, Glycerol Polyacrylate, Algin, Caprylyl Glycol, Sodium Hyaluronate, Pullulan, Disodium Phosphate, Potassium Phosphate, Niacinamide, D-Panthenol, Green Tea Extract, Chamomile Extract, Lactic Acid, Valine, Lysine, Serine, Fragrance Composition, Sorbitan Caprylate, Propanediol, Benzoic Acid<\/p>\n","protected":false},"excerpt":{"rendered":"<p>Carboxy 3D Modulator \u2014 s\u00e9rum modulateur professionnel constituant la phase finale de la proc\u00e9dure de carboxyth\u00e9rapie, destin\u00e9 \u00e0 la restauration profonde et \u00e0 la stabilisation de la peau apr\u00e8s une exposition intensive. Lors de cette derni\u00e8re \u00e9tape, les composants actifs p\u00e9n\u00e8trent dans les couches profondes de la peau, renfor\u00e7ant les effets de la carboxyth\u00e9rapie et [&hellip;]<\/p>\n","protected":false},"featured_media":8194,"comment_status":"open","ping_status":"closed","template":"","meta":[],"product_brand":[82],"product_cat":[133],"product_tag":[120],"class_list":{"0":"post-8193","1":"product","2":"type-product","3":"status-publish","4":"has-post-thumbnail","6":"product_brand-professional-beauty-therapy-line","7":"product_cat-professional-beauty-therapy-line-de-therapie-esthetique-professionnelle","8":"product_tag-enregistrez-vous-en-tant-que-cosmetologue-pour-acheter-cet-article","10":"first","11":"instock","12":"shipping-taxable","13":"product-type-simple"},"aioseo_notices":[],"_links":{"self":[{"href":"https:\/\/pelartlabbenelux.com\/fr\/wp-json\/wp\/v2\/product\/8193","targetHints":{"allow":["GET"]}}],"collection":[{"href":"https:\/\/pelartlabbenelux.com\/fr\/wp-json\/wp\/v2\/product"}],"about":[{"href":"https:\/\/pelartlabbenelux.com\/fr\/wp-json\/wp\/v2\/types\/product"}],"replies":[{"embeddable":true,"href":"https:\/\/pelartlabbenelux.com\/fr\/wp-json\/wp\/v2\/comments?post=8193"}],"version-history":[{"count":2,"href":"https:\/\/pelartlabbenelux.com\/fr\/wp-json\/wp\/v2\/product\/8193\/revisions"}],"predecessor-version":[{"id":8296,"href":"https:\/\/pelartlabbenelux.com\/fr\/wp-json\/wp\/v2\/product\/8193\/revisions\/8296"}],"wp:featuredmedia":[{"embeddable":true,"href":"https:\/\/pelartlabbenelux.com\/fr\/wp-json\/wp\/v2\/media\/8194"}],"wp:attachment":[{"href":"https:\/\/pelartlabbenelux.com\/fr\/wp-json\/wp\/v2\/media?parent=8193"}],"wp:term":[{"taxonomy":"product_brand","embeddable":true,"href":"https:\/\/pelartlabbenelux.com\/fr\/wp-json\/wp\/v2\/product_brand?post=8193"},{"taxonomy":"product_cat","embeddable":true,"href":"https:\/\/pelartlabbenelux.com\/fr\/wp-json\/wp\/v2\/product_cat?post=8193"},{"taxonomy":"product_tag","embeddable":true,"href":"https:\/\/pelartlabbenelux.com\/fr\/wp-json\/wp\/v2\/product_tag?post=8193"}],"curies":[{"name":"wp","href":"https:\/\/api.w.org\/{rel}","templated":true}]}}