{"id":8187,"date":"2026-01-28T16:09:48","date_gmt":"2026-01-28T16:09:48","guid":{"rendered":"https:\/\/pelartlabbenelux.com\/product\/enzyme-therapy-activator-professional-beauty-therapy-line-180-ml\/"},"modified":"2026-02-05T14:19:42","modified_gmt":"2026-02-05T14:19:42","slug":"enzyme-therapy-activator-professional-beauty-therapy-line-180-ml","status":"publish","type":"product","link":"https:\/\/pelartlabbenelux.com\/fr\/produit\/enzyme-therapy-activator-professional-beauty-therapy-line-180-ml\/","title":{"rendered":"Enzyme Therapy Activator, Professional Beauty Therapy Line, 180 ml"},"content":{"rendered":"<p>Enzyme Therapy Activator \u2014 solution activatrice professionnelle destin\u00e9e \u00e0 \u00eatre utilis\u00e9e dans les protocoles de th\u00e9rapie enzymatique. Elle active les phases en poudre et d\u00e9clenche les principaux processus biochimiques cutan\u00e9s, garantissant une efficacit\u00e9 maximale de la proc\u00e9dure. La formule am\u00e9liore la p\u00e9n\u00e9tration des composants actifs et pr\u00e9pare la peau \u00e0 une restauration en profondeur.<\/p>\n<p>L\u2019activateur contient un complexe de stimulateurs de croissance et de r\u00e9g\u00e9n\u00e9ration, des agents hydratants \u00e0 m\u00e9canismes d\u2019action multiples, des antioxydants et des phytohormones. Les extraits de Centella asiatica, de sauge et de Ginkgo biloba renforcent les parois capillaires, am\u00e9liorent la microcirculation et l\u2019oxyg\u00e9nation des tissus, contribuant \u00e0 unifier le teint et \u00e0 am\u00e9liorer l\u2019\u00e9tat g\u00e9n\u00e9ral de la peau.<\/p>\n<p>Le produit maintient un niveau d\u2019hydratation optimal, renforce la nutrition cutan\u00e9e et augmente la r\u00e9sistance de la peau aux facteurs de stress externes, ce qui en fait un \u00e9l\u00e9ment cl\u00e9 de la th\u00e9rapie enzymatique professionnelle.<\/p>\n<p><strong>Effets cl\u00e9s :<\/strong><\/p>\n<p>\u2022 Activation et optimisation de l\u2019action des complexes enzymatiques<br \/>\n\u2022 Hydratation intensive et restauration cutan\u00e9e<br \/>\n\u2022 Am\u00e9lioration de la microcirculation et de l\u2019oxyg\u00e9nation tissulaire<br \/>\n\u2022 Stimulation des processus r\u00e9g\u00e9n\u00e9ratifs et m\u00e9taboliques<br \/>\n\u2022 Protection antioxydante et renforcement vasculaire<\/p>\n<p><strong>Mode d\u2019utilisation :<\/strong><\/p>\n<p>Utiliser pour la pr\u00e9paration des m\u00e9langes de travail dans le cadre de la th\u00e9rapie enzymatique (\u00e9tapes 1 et 2), conform\u00e9ment au protocole professionnel.<br \/>\nUsage professionnel uniquement.<\/p>\n<p><strong>Ingr\u00e9dients :<\/strong><\/p>\n<p>Water, Glycerin, Sodium Bicarbonate, Panthenol, Urea, Propylene Glycol, Centella Asiatica Extract, Glycine Soja Seed Extract, Trehalose, Serine, Pentylene Glycol, Glycerol Polyacrylate, Algin, Caprylyl Glycol, Sodium Hyaluronate, Sage Leaf Extract, Ginkgo Biloba Leaf Extract, Pullulan, Disodium Phosphate, Potassium Phosphate, Phenoxyethanol, Methylparaben, Propylparaben, 2-Bromo-2-Nitropropane-1,3-Diol, Fragrance, Benzyl Salicylate, Linalool<\/p>\n","protected":false},"excerpt":{"rendered":"<p>Enzyme Therapy Activator \u2014 solution activatrice professionnelle destin\u00e9e \u00e0 \u00eatre utilis\u00e9e dans les protocoles de th\u00e9rapie enzymatique. Elle active les phases en poudre et d\u00e9clenche les principaux processus biochimiques cutan\u00e9s, garantissant une efficacit\u00e9 maximale de la proc\u00e9dure. La formule am\u00e9liore la p\u00e9n\u00e9tration des composants actifs et pr\u00e9pare la peau \u00e0 une restauration en profondeur. L\u2019activateur [&hellip;]<\/p>\n","protected":false},"featured_media":8188,"comment_status":"open","ping_status":"closed","template":"","meta":[],"product_brand":[82],"product_cat":[133],"product_tag":[120],"class_list":{"0":"post-8187","1":"product","2":"type-product","3":"status-publish","4":"has-post-thumbnail","6":"product_brand-professional-beauty-therapy-line","7":"product_cat-professional-beauty-therapy-line-de-therapie-esthetique-professionnelle","8":"product_tag-enregistrez-vous-en-tant-que-cosmetologue-pour-acheter-cet-article","10":"first","11":"instock","12":"shipping-taxable","13":"product-type-simple"},"aioseo_notices":[],"_links":{"self":[{"href":"https:\/\/pelartlabbenelux.com\/fr\/wp-json\/wp\/v2\/product\/8187","targetHints":{"allow":["GET"]}}],"collection":[{"href":"https:\/\/pelartlabbenelux.com\/fr\/wp-json\/wp\/v2\/product"}],"about":[{"href":"https:\/\/pelartlabbenelux.com\/fr\/wp-json\/wp\/v2\/types\/product"}],"replies":[{"embeddable":true,"href":"https:\/\/pelartlabbenelux.com\/fr\/wp-json\/wp\/v2\/comments?post=8187"}],"version-history":[{"count":2,"href":"https:\/\/pelartlabbenelux.com\/fr\/wp-json\/wp\/v2\/product\/8187\/revisions"}],"predecessor-version":[{"id":8302,"href":"https:\/\/pelartlabbenelux.com\/fr\/wp-json\/wp\/v2\/product\/8187\/revisions\/8302"}],"wp:featuredmedia":[{"embeddable":true,"href":"https:\/\/pelartlabbenelux.com\/fr\/wp-json\/wp\/v2\/media\/8188"}],"wp:attachment":[{"href":"https:\/\/pelartlabbenelux.com\/fr\/wp-json\/wp\/v2\/media?parent=8187"}],"wp:term":[{"taxonomy":"product_brand","embeddable":true,"href":"https:\/\/pelartlabbenelux.com\/fr\/wp-json\/wp\/v2\/product_brand?post=8187"},{"taxonomy":"product_cat","embeddable":true,"href":"https:\/\/pelartlabbenelux.com\/fr\/wp-json\/wp\/v2\/product_cat?post=8187"},{"taxonomy":"product_tag","embeddable":true,"href":"https:\/\/pelartlabbenelux.com\/fr\/wp-json\/wp\/v2\/product_tag?post=8187"}],"curies":[{"name":"wp","href":"https:\/\/api.w.org\/{rel}","templated":true}]}}