{"id":8179,"date":"2026-01-28T16:09:27","date_gmt":"2026-01-28T16:09:27","guid":{"rendered":"https:\/\/pelartlabbenelux.com\/product\/medical-concentrate-recell-line-50-ml\/"},"modified":"2026-02-05T14:26:50","modified_gmt":"2026-02-05T14:26:50","slug":"medical-concentrate-recell-line-50-ml","status":"publish","type":"product","link":"https:\/\/pelartlabbenelux.com\/fr\/produit\/medical-concentrate-recell-line-50-ml\/","title":{"rendered":"Concentr\u00e9 m\u00e9dical, Recell Line, 50 ml"},"content":{"rendered":"<p>Concentr\u00e9 m\u00e9dical R2 \u00e0 base d\u2019huile de naftalan \u2014 composant cl\u00e9 de la th\u00e9rapie \u043a\u043e\u043c\u043f\u043b\u0435\u043a\u0441\u043d\u043e\u0439 du psoriasis (en association avec la pommade R1). Sa forme liquide, d\u00e9velopp\u00e9e \u00e0 l\u2019aide de technologies modernes, se dissout enti\u00e8rement dans l\u2019eau, ce qui permet un traitement efficace des zones cutan\u00e9es \u00e9tendues, quelle que soit leur localisation.<\/p>\n<p>Le concentr\u00e9 exerce une action anti-inflammatoire et apaisante marqu\u00e9e, contribue \u00e0 la normalisation des processus de k\u00e9ratinisation, active la r\u00e9g\u00e9n\u00e9ration cutan\u00e9e et soutient la r\u00e9ponse immunitaire. Il est utilis\u00e9 dans le cadre d\u2019un traitement en cure du psoriasis, de la s\u00e9borrh\u00e9e et de la dermatite atopique.<\/p>\n<p><strong>Effets cl\u00e9s :<\/strong><\/p>\n<p>\u2022 R\u00e9duction de l\u2019inflammation, des d\u00e9mangeaisons et des irritations<br \/>\n\u2022 Action k\u00e9ratoplastique et normalisation de la k\u00e9ratinisation<br \/>\n\u2022 Stimulation de la r\u00e9g\u00e9n\u00e9ration et de la r\u00e9paration cutan\u00e9e<br \/>\n\u2022 Effet immunomodulateur<br \/>\n\u2022 Adapt\u00e9 au traitement de larges zones cutan\u00e9es affect\u00e9es<\/p>\n<p><strong>Mode d\u2019utilisation :<\/strong><\/p>\n<p>Utiliser strictement conform\u00e9ment au protocole th\u00e9rapeutique.<\/p>\n<p>Dur\u00e9e de la cure : 28 \u00e0 30 jours ; prolongation possible selon recommandation m\u00e9dicale.<\/p>\n<p><strong>Contre-indications :<\/strong><\/p>\n<p>Maladies cardiovasculaires d\u00e9compens\u00e9es, pathologies oncologiques, insuffisance h\u00e9patique ou r\u00e9nale, hypersensibilit\u00e9 individuelle aux composants.<\/p>\n<p><strong>Ingr\u00e9dients :<\/strong><\/p>\n<p>Huile de naftalan, t\u00e9r\u00e9benthine, huile de ricin, acide ol\u00e9ique.<\/p>\n","protected":false},"excerpt":{"rendered":"<p>Concentr\u00e9 m\u00e9dical R2 \u00e0 base d\u2019huile de naftalan \u2014 composant cl\u00e9 de la th\u00e9rapie \u043a\u043e\u043c\u043f\u043b\u0435\u043a\u0441\u043d\u043e\u0439 du psoriasis (en association avec la pommade R1). Sa forme liquide, d\u00e9velopp\u00e9e \u00e0 l\u2019aide de technologies modernes, se dissout enti\u00e8rement dans l\u2019eau, ce qui permet un traitement efficace des zones cutan\u00e9es \u00e9tendues, quelle que soit leur localisation. Le concentr\u00e9 exerce [&hellip;]<\/p>\n","protected":false},"featured_media":8180,"comment_status":"open","ping_status":"closed","template":"","meta":[],"product_brand":[76],"product_cat":[132],"product_tag":[],"class_list":{"0":"post-8179","1":"product","2":"type-product","3":"status-publish","4":"has-post-thumbnail","6":"product_brand-recell-line","7":"product_cat-recell-line-pour-le-psoriasis","9":"first","10":"instock","11":"shipping-taxable","12":"purchasable","13":"product-type-simple"},"aioseo_notices":[],"_links":{"self":[{"href":"https:\/\/pelartlabbenelux.com\/fr\/wp-json\/wp\/v2\/product\/8179","targetHints":{"allow":["GET"]}}],"collection":[{"href":"https:\/\/pelartlabbenelux.com\/fr\/wp-json\/wp\/v2\/product"}],"about":[{"href":"https:\/\/pelartlabbenelux.com\/fr\/wp-json\/wp\/v2\/types\/product"}],"replies":[{"embeddable":true,"href":"https:\/\/pelartlabbenelux.com\/fr\/wp-json\/wp\/v2\/comments?post=8179"}],"version-history":[{"count":2,"href":"https:\/\/pelartlabbenelux.com\/fr\/wp-json\/wp\/v2\/product\/8179\/revisions"}],"predecessor-version":[{"id":8312,"href":"https:\/\/pelartlabbenelux.com\/fr\/wp-json\/wp\/v2\/product\/8179\/revisions\/8312"}],"wp:featuredmedia":[{"embeddable":true,"href":"https:\/\/pelartlabbenelux.com\/fr\/wp-json\/wp\/v2\/media\/8180"}],"wp:attachment":[{"href":"https:\/\/pelartlabbenelux.com\/fr\/wp-json\/wp\/v2\/media?parent=8179"}],"wp:term":[{"taxonomy":"product_brand","embeddable":true,"href":"https:\/\/pelartlabbenelux.com\/fr\/wp-json\/wp\/v2\/product_brand?post=8179"},{"taxonomy":"product_cat","embeddable":true,"href":"https:\/\/pelartlabbenelux.com\/fr\/wp-json\/wp\/v2\/product_cat?post=8179"},{"taxonomy":"product_tag","embeddable":true,"href":"https:\/\/pelartlabbenelux.com\/fr\/wp-json\/wp\/v2\/product_tag?post=8179"}],"curies":[{"name":"wp","href":"https:\/\/api.w.org\/{rel}","templated":true}]}}