{"id":8177,"date":"2026-01-28T16:09:27","date_gmt":"2026-01-28T16:09:27","guid":{"rendered":"https:\/\/pelartlabbenelux.com\/product\/treatment-cream-recell-line-100-ml\/"},"modified":"2026-02-05T14:27:50","modified_gmt":"2026-02-05T14:27:50","slug":"treatment-cream-recell-line-100-ml","status":"publish","type":"product","link":"https:\/\/pelartlabbenelux.com\/fr\/produit\/treatment-cream-recell-line-100-ml\/","title":{"rendered":"Cr\u00e8me de traitement, Recell Line, 100 ml"},"content":{"rendered":"<p>Cr\u00e8me de traitement R3 \u00e0 base d\u2019huile de naftalan est destin\u00e9e au soin cutan\u00e9 \u043a\u043e\u043c\u043f\u043b\u0435\u043a\u0441\u043d\u044b\u0439 en cas de psoriasis, de s\u00e9borrh\u00e9e et de dermatite atopique. Le produit r\u00e9duit efficacement les signes d\u2019inflammation, normalise les processus de maturation des couches superficielles de l\u2019\u00e9piderme et acc\u00e9l\u00e8re l\u2019exfoliation des cellules cutan\u00e9es non viables.<\/p>\n<p>Le complexe actif d\u2019huiles et d\u2019extraits CO\u2082 optimise les m\u00e9canismes d\u2019autor\u00e9gulation de la peau, renforce ses fonctions protectrices et soutient l\u2019immunit\u00e9 cutan\u00e9e. La cr\u00e8me r\u00e9duit les d\u00e9mangeaisons et la desquamation, p\u00e9n\u00e8tre rapidement et ne laisse pas de traces sur les v\u00eatements, ce qui la rend adapt\u00e9e \u00e0 une utilisation quotidienne dans le cadre d\u2019un traitement en cure.<\/p>\n<p><strong>Effets cl\u00e9s :<\/strong><\/p>\n<p>\u2022 R\u00e9duction de l\u2019inflammation et des d\u00e9mangeaisons cutan\u00e9es<br \/>\n\u2022 Normalisation des processus de k\u00e9ratinisation \u00e9pidermique<br \/>\n\u2022 Acc\u00e9l\u00e9ration du renouvellement et de la r\u00e9g\u00e9n\u00e9ration de la peau<br \/>\n\u2022 Diminution de la desquamation et des irritations<br \/>\n\u2022 Renforcement des fonctions protectrices de la peau<\/p>\n<p><strong>Mode d\u2019utilisation :<\/strong><\/p>\n<p>Appliquer une fine couche sur la peau s\u00e8che des zones concern\u00e9es.<\/p>\n<p>Dur\u00e9e de la cure : 28 \u00e0 30 jours ; prolongation possible selon recommandation m\u00e9dicale.<\/p>\n<p><strong>Contre-indications :<\/strong><\/p>\n<p>Hypersensibilit\u00e9 individuelle aux composants du produit.<\/p>\n<p><strong>Ingr\u00e9dients :<\/strong><\/p>\n<p>Huile de naftalan, huile d\u2019olive, cire, goudron de houille, huile de ricin, huile de bouleau, extrait d\u2019\u00e9corce de ch\u00eane, goudron de bouleau, extrait de gen\u00e9vrier, extrait CO\u2082 d\u2019aloe, extrait CO\u2082 de calendula, huile de tamanu, extrait CO\u2082 de camomille, octopirox, extrait CO\u2082 de racine de r\u00e9glisse, huile de c\u00e8dre, huile d\u2019eucalyptus.<\/p>\n","protected":false},"excerpt":{"rendered":"<p>Cr\u00e8me de traitement R3 \u00e0 base d\u2019huile de naftalan est destin\u00e9e au soin cutan\u00e9 \u043a\u043e\u043c\u043f\u043b\u0435\u043a\u0441\u043d\u044b\u0439 en cas de psoriasis, de s\u00e9borrh\u00e9e et de dermatite atopique. Le produit r\u00e9duit efficacement les signes d\u2019inflammation, normalise les processus de maturation des couches superficielles de l\u2019\u00e9piderme et acc\u00e9l\u00e8re l\u2019exfoliation des cellules cutan\u00e9es non viables. Le complexe actif d\u2019huiles et [&hellip;]<\/p>\n","protected":false},"featured_media":8178,"comment_status":"open","ping_status":"closed","template":"","meta":[],"product_brand":[76],"product_cat":[132],"product_tag":[],"class_list":{"0":"post-8177","1":"product","2":"type-product","3":"status-publish","4":"has-post-thumbnail","6":"product_brand-recell-line","7":"product_cat-recell-line-pour-le-psoriasis","9":"first","10":"instock","11":"shipping-taxable","12":"purchasable","13":"product-type-simple"},"aioseo_notices":[],"_links":{"self":[{"href":"https:\/\/pelartlabbenelux.com\/fr\/wp-json\/wp\/v2\/product\/8177","targetHints":{"allow":["GET"]}}],"collection":[{"href":"https:\/\/pelartlabbenelux.com\/fr\/wp-json\/wp\/v2\/product"}],"about":[{"href":"https:\/\/pelartlabbenelux.com\/fr\/wp-json\/wp\/v2\/types\/product"}],"replies":[{"embeddable":true,"href":"https:\/\/pelartlabbenelux.com\/fr\/wp-json\/wp\/v2\/comments?post=8177"}],"version-history":[{"count":2,"href":"https:\/\/pelartlabbenelux.com\/fr\/wp-json\/wp\/v2\/product\/8177\/revisions"}],"predecessor-version":[{"id":8314,"href":"https:\/\/pelartlabbenelux.com\/fr\/wp-json\/wp\/v2\/product\/8177\/revisions\/8314"}],"wp:featuredmedia":[{"embeddable":true,"href":"https:\/\/pelartlabbenelux.com\/fr\/wp-json\/wp\/v2\/media\/8178"}],"wp:attachment":[{"href":"https:\/\/pelartlabbenelux.com\/fr\/wp-json\/wp\/v2\/media?parent=8177"}],"wp:term":[{"taxonomy":"product_brand","embeddable":true,"href":"https:\/\/pelartlabbenelux.com\/fr\/wp-json\/wp\/v2\/product_brand?post=8177"},{"taxonomy":"product_cat","embeddable":true,"href":"https:\/\/pelartlabbenelux.com\/fr\/wp-json\/wp\/v2\/product_cat?post=8177"},{"taxonomy":"product_tag","embeddable":true,"href":"https:\/\/pelartlabbenelux.com\/fr\/wp-json\/wp\/v2\/product_tag?post=8177"}],"curies":[{"name":"wp","href":"https:\/\/api.w.org\/{rel}","templated":true}]}}