{"id":8175,"date":"2026-01-28T16:09:27","date_gmt":"2026-01-28T16:09:27","guid":{"rendered":"https:\/\/pelartlabbenelux.com\/product\/medical-shampoo-recell-line-250-ml\/"},"modified":"2026-02-05T14:29:32","modified_gmt":"2026-02-05T14:29:32","slug":"medical-shampoo-recell-line-250-ml","status":"publish","type":"product","link":"https:\/\/pelartlabbenelux.com\/fr\/produit\/medical-shampoo-recell-line-250-ml\/","title":{"rendered":"Shampooing m\u00e9dical, Recell Line, 250 ml"},"content":{"rendered":"<p>Shampooing m\u00e9dical R4 \u00e0 base d\u2019huile de naftalan est un shampooing th\u00e9rapeutique destin\u00e9 au soin du cuir chevelu en cas de psoriasis, de dermatite s\u00e9borrh\u00e9ique et de dermatite atopique. Sa formule enrichie en stimulateurs biog\u00e9niques nettoie efficacement le cuir chevelu, r\u00e9duit l\u2019inflammation et \u00e9limine la desquamation, tout en am\u00e9liorant la microcirculation et en nourrissant les follicules pileux.<\/p>\n<p>Le shampooing poss\u00e8de une action antiseptique prononc\u00e9e, neutralise l\u2019activit\u00e9 bact\u00e9rienne, favorise le dess\u00e8chement des \u00e9l\u00e9ments inflammatoires et acc\u00e9l\u00e8re les processus de r\u00e9g\u00e9n\u00e9ration. Les composants actifs renforcent les cheveux, am\u00e9liorent la structure de la fibre capillaire et apportent \u00e9lasticit\u00e9 et brillance naturelle. Le produit tonifie et conditionne le cuir chevelu, renfor\u00e7ant ses fonctions protectrices et barri\u00e8res.<\/p>\n<p><strong>Effets cl\u00e9s :<\/strong><\/p>\n<p>\u2022 R\u00e9duction de l\u2019inflammation, des d\u00e9mangeaisons et de la desquamation du cuir chevelu<br \/>\n\u2022 Action antiseptique et antimicrobienne<br \/>\n\u2022 Renforcement des follicules pileux et stimulation de la croissance des cheveux<br \/>\n\u2022 Am\u00e9lioration de la microcirculation et de la r\u00e9g\u00e9n\u00e9ration cutan\u00e9e<br \/>\n\u2022 Restauration de la structure capillaire, apport de brillance et d\u2019\u00e9lasticit\u00e9<\/p>\n<p><strong>Mode d\u2019utilisation :<\/strong><\/p>\n<p>Appliquer sur le cuir chevelu humide en effectuant de l\u00e9gers mouvements de massage.<br \/>\nLaisser agir 1 \u00e0 2 minutes, puis rincer abondamment \u00e0 l\u2019eau ti\u00e8de.<br \/>\nR\u00e9p\u00e9ter si n\u00e9cessaire. Utiliser quotidiennement.<\/p>\n<p>Dur\u00e9e de la cure : jusqu\u2019\u00e0 28\u201330 jours.<br \/>\nLa prolongation de la cure et l\u2019utilisation en entretien 1 \u00e0 2 fois par semaine se font selon recommandation m\u00e9dicale.<\/p>\n<p><strong>Contre-indications :<\/strong><\/p>\n<p>Hypersensibilit\u00e9 individuelle aux composants du produit.<\/p>\n","protected":false},"excerpt":{"rendered":"<p>Shampooing m\u00e9dical R4 \u00e0 base d\u2019huile de naftalan est un shampooing th\u00e9rapeutique destin\u00e9 au soin du cuir chevelu en cas de psoriasis, de dermatite s\u00e9borrh\u00e9ique et de dermatite atopique. Sa formule enrichie en stimulateurs biog\u00e9niques nettoie efficacement le cuir chevelu, r\u00e9duit l\u2019inflammation et \u00e9limine la desquamation, tout en am\u00e9liorant la microcirculation et en nourrissant les [&hellip;]<\/p>\n","protected":false},"featured_media":8176,"comment_status":"open","ping_status":"closed","template":"","meta":[],"product_brand":[76],"product_cat":[132],"product_tag":[],"class_list":{"0":"post-8175","1":"product","2":"type-product","3":"status-publish","4":"has-post-thumbnail","6":"product_brand-recell-line","7":"product_cat-recell-line-pour-le-psoriasis","9":"first","10":"instock","11":"shipping-taxable","12":"purchasable","13":"product-type-simple"},"aioseo_notices":[],"_links":{"self":[{"href":"https:\/\/pelartlabbenelux.com\/fr\/wp-json\/wp\/v2\/product\/8175","targetHints":{"allow":["GET"]}}],"collection":[{"href":"https:\/\/pelartlabbenelux.com\/fr\/wp-json\/wp\/v2\/product"}],"about":[{"href":"https:\/\/pelartlabbenelux.com\/fr\/wp-json\/wp\/v2\/types\/product"}],"replies":[{"embeddable":true,"href":"https:\/\/pelartlabbenelux.com\/fr\/wp-json\/wp\/v2\/comments?post=8175"}],"version-history":[{"count":2,"href":"https:\/\/pelartlabbenelux.com\/fr\/wp-json\/wp\/v2\/product\/8175\/revisions"}],"predecessor-version":[{"id":8316,"href":"https:\/\/pelartlabbenelux.com\/fr\/wp-json\/wp\/v2\/product\/8175\/revisions\/8316"}],"wp:featuredmedia":[{"embeddable":true,"href":"https:\/\/pelartlabbenelux.com\/fr\/wp-json\/wp\/v2\/media\/8176"}],"wp:attachment":[{"href":"https:\/\/pelartlabbenelux.com\/fr\/wp-json\/wp\/v2\/media?parent=8175"}],"wp:term":[{"taxonomy":"product_brand","embeddable":true,"href":"https:\/\/pelartlabbenelux.com\/fr\/wp-json\/wp\/v2\/product_brand?post=8175"},{"taxonomy":"product_cat","embeddable":true,"href":"https:\/\/pelartlabbenelux.com\/fr\/wp-json\/wp\/v2\/product_cat?post=8175"},{"taxonomy":"product_tag","embeddable":true,"href":"https:\/\/pelartlabbenelux.com\/fr\/wp-json\/wp\/v2\/product_tag?post=8175"}],"curies":[{"name":"wp","href":"https:\/\/api.w.org\/{rel}","templated":true}]}}