{"id":8169,"date":"2026-01-28T16:08:44","date_gmt":"2026-01-28T16:08:44","guid":{"rendered":"https:\/\/pelartlabbenelux.com\/product\/3d-lifting-serum-for-the-eye-area-smart-biologica-complexes-30-ml\/"},"modified":"2026-02-05T14:57:37","modified_gmt":"2026-02-05T14:57:37","slug":"3d-lifting-serum-for-the-eye-area-smart-biologica-complexes-30-ml","status":"publish","type":"product","link":"https:\/\/pelartlabbenelux.com\/fr\/produit\/3d-lifting-serum-for-the-eye-area-smart-biologica-complexes-30-ml\/","title":{"rendered":"S\u00e9rum lifting 3D pour le contour des yeux Smart Biologica Complexes, 30 ml"},"content":{"rendered":"<p>S\u00e9rum professionnel lifting 3D pour le regard avec un effet visible instantan\u00e9. Sa formule, bas\u00e9e sur le Matrixyl\u00ae 3000 et l&rsquo;Easyliance, est con\u00e7ue pour lisser les rides d&rsquo;expression et les ridules, am\u00e9liorer la fermet\u00e9 cutan\u00e9e et restaurer la structure de la peau. Le s\u00e9rum stimule la synth\u00e8se du collag\u00e8ne et de l&rsquo;\u00e9lastine, hydrate en profondeur et renforce la densit\u00e9 de la peau, offrant au contour de l\u2019\u0153il un aspect rafra\u00eechi et un effet lifting prononc\u00e9. Sa texture l\u00e9g\u00e8re p\u00e9n\u00e8tre rapidement et pr\u00e9pare id\u00e9alement la peau \u00e0 l&rsquo;application d&rsquo;une cr\u00e8me contour des yeux.<\/p>\n<p><strong>Effets cl\u00e9s :<\/strong><br \/>\n\u2022 Lifting prononc\u00e9 du contour des yeux<br \/>\n\u2022 Lissage des rides d&rsquo;expression et des ridules<br \/>\n\u2022 Am\u00e9lioration de la fermet\u00e9 et de l&rsquo;\u00e9lasticit\u00e9<br \/>\n\u2022 Hydratation intensive et restauration<br \/>\n\u2022 Teint unifi\u00e9 et regard rafra\u00eechi<\/p>\n<p><strong>Mode d\u2019utilisation :<\/strong><br \/>\nAppliquer sur la peau nettoy\u00e9e du contour des yeux par de l\u00e9gers mouvements de massage. Utiliser en combinaison avec une cr\u00e8me contour des yeux.<\/p>\n<p><strong>Ingr\u00e9dients :<\/strong><br \/>\nPurified Water, Matrixyl 3000, Hydrolyzed Yeast Protein, Butylene Glycol, Pentylene Glycol, D-Panthenol, Violet Extract, Disodium Acetyl Glucosamine Phosphate, Sodium Glucuronate, Magnesium Sulfate, Easyliance, Ethylhexyl Olivate, Sodium Acrylate Copolymer, Polyglycerin-4 Oleate, Raspberry Oil, Fragrance Composition, Sorbitan Caprylate, 1,2-Propanediol, Benzoic Acid.<\/p>\n","protected":false},"excerpt":{"rendered":"<p>S\u00e9rum professionnel lifting 3D pour le regard avec un effet visible instantan\u00e9. Sa formule, bas\u00e9e sur le Matrixyl\u00ae 3000 et l&rsquo;Easyliance, est con\u00e7ue pour lisser les rides d&rsquo;expression et les ridules, am\u00e9liorer la fermet\u00e9 cutan\u00e9e et restaurer la structure de la peau. Le s\u00e9rum stimule la synth\u00e8se du collag\u00e8ne et de l&rsquo;\u00e9lastine, hydrate en profondeur [&hellip;]<\/p>\n","protected":false},"featured_media":8170,"comment_status":"open","ping_status":"closed","template":"","meta":[],"product_brand":[70],"product_cat":[131],"product_tag":[],"class_list":{"0":"post-8169","1":"product","2":"type-product","3":"status-publish","4":"has-post-thumbnail","6":"product_brand-smart-biologica-complexes","7":"product_cat-complexes-biologiques-intelligents-complexes-biologiques-intelligents","9":"first","10":"instock","11":"shipping-taxable","12":"purchasable","13":"product-type-simple"},"aioseo_notices":[],"_links":{"self":[{"href":"https:\/\/pelartlabbenelux.com\/fr\/wp-json\/wp\/v2\/product\/8169","targetHints":{"allow":["GET"]}}],"collection":[{"href":"https:\/\/pelartlabbenelux.com\/fr\/wp-json\/wp\/v2\/product"}],"about":[{"href":"https:\/\/pelartlabbenelux.com\/fr\/wp-json\/wp\/v2\/types\/product"}],"replies":[{"embeddable":true,"href":"https:\/\/pelartlabbenelux.com\/fr\/wp-json\/wp\/v2\/comments?post=8169"}],"version-history":[{"count":2,"href":"https:\/\/pelartlabbenelux.com\/fr\/wp-json\/wp\/v2\/product\/8169\/revisions"}],"predecessor-version":[{"id":8346,"href":"https:\/\/pelartlabbenelux.com\/fr\/wp-json\/wp\/v2\/product\/8169\/revisions\/8346"}],"wp:featuredmedia":[{"embeddable":true,"href":"https:\/\/pelartlabbenelux.com\/fr\/wp-json\/wp\/v2\/media\/8170"}],"wp:attachment":[{"href":"https:\/\/pelartlabbenelux.com\/fr\/wp-json\/wp\/v2\/media?parent=8169"}],"wp:term":[{"taxonomy":"product_brand","embeddable":true,"href":"https:\/\/pelartlabbenelux.com\/fr\/wp-json\/wp\/v2\/product_brand?post=8169"},{"taxonomy":"product_cat","embeddable":true,"href":"https:\/\/pelartlabbenelux.com\/fr\/wp-json\/wp\/v2\/product_cat?post=8169"},{"taxonomy":"product_tag","embeddable":true,"href":"https:\/\/pelartlabbenelux.com\/fr\/wp-json\/wp\/v2\/product_tag?post=8169"}],"curies":[{"name":"wp","href":"https:\/\/api.w.org\/{rel}","templated":true}]}}