{"id":8167,"date":"2026-01-28T16:08:44","date_gmt":"2026-01-28T16:08:44","guid":{"rendered":"https:\/\/pelartlabbenelux.com\/product\/ultra-soft-cleansing-oleo-gel-smart-biologica-complexes-100-ml\/"},"modified":"2026-02-05T15:17:04","modified_gmt":"2026-02-05T15:17:04","slug":"ultra-soft-cleansing-oleo-gel-smart-biologica-complexes-100-ml","status":"publish","type":"product","link":"https:\/\/pelartlabbenelux.com\/fr\/produit\/ultra-soft-cleansing-oleo-gel-smart-biologica-complexes-100-ml\/","title":{"rendered":"Ol\u00e9o-gel nettoyant ultra-doux Smart Biologica Complexes, 100 ml"},"content":{"rendered":"<p>Ol\u00e9o-gel nettoyant ultra-l\u00e9ger, con\u00e7u pour un nettoyage doux et efficace de tous les types de peau. Sa formule, bas\u00e9e sur un complexe d\u2019huiles v\u00e9g\u00e9tales, interagit d\u00e9licatement avec les lipides cutan\u00e9s, assurant un nettoyage profond des pores sans alt\u00e9rer l\u2019\u00e9quilibre hydro-lipidique. Le gel ne dess\u00e8che pas et n\u2019irrite pas la peau, aide \u00e0 maintenir son niveau d\u2019hydratation naturel et procure une sensation de confort, m\u00eame aux peaux sensibles. Convient \u00e0 un usage quotidien et pr\u00e9pare efficacement la peau aux \u00e9tapes suivantes du soin.<\/p>\n<p><strong>Effets cl\u00e9s :<\/strong><br \/>\n\u2022 nettoyage doux et d\u00e9licat sans irritation<br \/>\n\u2022 maintien et soutien de l\u2019\u00e9quilibre hydro-lipidique<br \/>\n\u2022 pr\u00e9vention de la s\u00e9cheresse et des tiraillements<br \/>\n\u2022 hydratation et restauration cutan\u00e9e<br \/>\n\u2022 confort et protection, m\u00eame pour les peaux sensibles<\/p>\n<p><strong>Mode d\u2019utilisation :<\/strong><br \/>\nAppliquer une petite quantit\u00e9 de gel sur la peau, r\u00e9partir uniform\u00e9ment par de l\u00e9gers mouvements de massage, puis rincer \u00e0 l\u2019eau. Convient \u00e0 un usage quotidien.<\/p>\n<p><strong>Ingr\u00e9dients :<\/strong><br \/>\nGlycerin, Olive Oil, Almond Oil, Grape Seed Oil, Avocado Oil, Coco-Caprylate, Sucralose Stearate, Tocopherol Acetate, Black Cumin Oil, Coco-Glucoside, Hemp Oil, CO2 Extract of Sage.<\/p>\n","protected":false},"excerpt":{"rendered":"<p>Ol\u00e9o-gel nettoyant ultra-l\u00e9ger, con\u00e7u pour un nettoyage doux et efficace de tous les types de peau. Sa formule, bas\u00e9e sur un complexe d\u2019huiles v\u00e9g\u00e9tales, interagit d\u00e9licatement avec les lipides cutan\u00e9s, assurant un nettoyage profond des pores sans alt\u00e9rer l\u2019\u00e9quilibre hydro-lipidique. Le gel ne dess\u00e8che pas et n\u2019irrite pas la peau, aide \u00e0 maintenir son niveau [&hellip;]<\/p>\n","protected":false},"featured_media":8168,"comment_status":"open","ping_status":"closed","template":"","meta":[],"product_brand":[70],"product_cat":[131],"product_tag":[],"class_list":{"0":"post-8167","1":"product","2":"type-product","3":"status-publish","4":"has-post-thumbnail","6":"product_brand-smart-biologica-complexes","7":"product_cat-complexes-biologiques-intelligents-complexes-biologiques-intelligents","9":"first","10":"instock","11":"shipping-taxable","12":"purchasable","13":"product-type-simple"},"aioseo_notices":[],"_links":{"self":[{"href":"https:\/\/pelartlabbenelux.com\/fr\/wp-json\/wp\/v2\/product\/8167","targetHints":{"allow":["GET"]}}],"collection":[{"href":"https:\/\/pelartlabbenelux.com\/fr\/wp-json\/wp\/v2\/product"}],"about":[{"href":"https:\/\/pelartlabbenelux.com\/fr\/wp-json\/wp\/v2\/types\/product"}],"replies":[{"embeddable":true,"href":"https:\/\/pelartlabbenelux.com\/fr\/wp-json\/wp\/v2\/comments?post=8167"}],"version-history":[{"count":2,"href":"https:\/\/pelartlabbenelux.com\/fr\/wp-json\/wp\/v2\/product\/8167\/revisions"}],"predecessor-version":[{"id":8348,"href":"https:\/\/pelartlabbenelux.com\/fr\/wp-json\/wp\/v2\/product\/8167\/revisions\/8348"}],"wp:featuredmedia":[{"embeddable":true,"href":"https:\/\/pelartlabbenelux.com\/fr\/wp-json\/wp\/v2\/media\/8168"}],"wp:attachment":[{"href":"https:\/\/pelartlabbenelux.com\/fr\/wp-json\/wp\/v2\/media?parent=8167"}],"wp:term":[{"taxonomy":"product_brand","embeddable":true,"href":"https:\/\/pelartlabbenelux.com\/fr\/wp-json\/wp\/v2\/product_brand?post=8167"},{"taxonomy":"product_cat","embeddable":true,"href":"https:\/\/pelartlabbenelux.com\/fr\/wp-json\/wp\/v2\/product_cat?post=8167"},{"taxonomy":"product_tag","embeddable":true,"href":"https:\/\/pelartlabbenelux.com\/fr\/wp-json\/wp\/v2\/product_tag?post=8167"}],"curies":[{"name":"wp","href":"https:\/\/api.w.org\/{rel}","templated":true}]}}