{"id":8165,"date":"2026-01-28T16:08:44","date_gmt":"2026-01-28T16:08:44","guid":{"rendered":"https:\/\/pelartlabbenelux.com\/product\/3d-moisturizing-day-cream-with-spf-30-smart-biologica-complexes-50-ml\/"},"modified":"2026-02-05T15:18:02","modified_gmt":"2026-02-05T15:18:02","slug":"3d-moisturizing-day-cream-with-spf-30-smart-biologica-complexes-50-ml","status":"publish","type":"product","link":"https:\/\/pelartlabbenelux.com\/fr\/produit\/3d-moisturizing-day-cream-with-spf-30-smart-biologica-complexes-50-ml\/","title":{"rendered":"Cr\u00e8me de jour hydratante 3D avec SPF 30 Smart Biologica Complexes, 50 ml"},"content":{"rendered":"<p>Cr\u00e8me de jour innovante 3D avec SPF 30 pour une protection compl\u00e8te, une hydratation et la pr\u00e9vention du vieillissement cutan\u00e9. Sa formule, dot\u00e9e de filtres UV modernes, assure une protection fiable contre les rayonnements UVA et UVB, pr\u00e9venant ainsi le photo-vieillissement. Les actifs aident \u00e0 lisser les rides, renforcent la souplesse de la peau et am\u00e9liorent son confort. L&rsquo;extrait de noyau de datte nourrit et hydrate intens\u00e9ment, soutenant l&rsquo;\u00e9quilibre naturel et l&rsquo;aspect sain de la peau. Convient \u00e0 un usage quotidien et aux conditions urbaines.<\/p>\n<p><strong>Effets cl\u00e9s :<\/strong><br \/>\n\u2022 protection contre les rayonnements UVA\/UVB (SPF 30)<br \/>\n\u2022 hydratation et nutrition intenses<br \/>\n\u2022 pr\u00e9vention du photo-vieillissement<br \/>\n\u2022 r\u00e9duction de l&rsquo;apparence des rides<br \/>\n\u2022 am\u00e9lioration du lissage et du confort cutan\u00e9<\/p>\n<p><strong>Mode d\u2019utilisation :<\/strong><br \/>\nAppliquer une petite quantit\u00e9 de cr\u00e8me sur le visage, le cou et le d\u00e9collet\u00e9, en r\u00e9partissant par de l\u00e9gers mouvements de massage jusqu&rsquo;\u00e0 absorption compl\u00e8te. Utiliser quotidiennement dans le cadre de la routine de soin du matin.<\/p>\n<p><strong>Ingr\u00e9dients :<\/strong><br \/>\nPurified Water, Ethylhexyl Methoxycinnamate, Diethylamino Hydroxybenzoyl Hexyl Benzoate, MethylenebisBenzotriazolyl Tetramethylbutylphenol, Polystearate of Sucrose, Hydrogenated Polyisobutene, Hydrolyzed Silk Proteins, Di-Caprylyl Carbonate, Coco-Caprylate, Glycerin, Sesame Oil, Disodium Acetyl Glucosamine Phosphate, Methylglucoside Phosphate, Copper Lysine\/Proline Complex, Sodium Glucuronate, Magnesium Sulfate, Date Pit Extract, Black Cumin Oil, Disodium Cetearyl Sulfosuccinate, Mimosa Wax, Fragrance Composition, Sorbitan Caprylate, 1,2-Propanediol, Benzoic Acid.<\/p>\n","protected":false},"excerpt":{"rendered":"<p>Cr\u00e8me de jour innovante 3D avec SPF 30 pour une protection compl\u00e8te, une hydratation et la pr\u00e9vention du vieillissement cutan\u00e9. Sa formule, dot\u00e9e de filtres UV modernes, assure une protection fiable contre les rayonnements UVA et UVB, pr\u00e9venant ainsi le photo-vieillissement. Les actifs aident \u00e0 lisser les rides, renforcent la souplesse de la peau et [&hellip;]<\/p>\n","protected":false},"featured_media":8166,"comment_status":"open","ping_status":"closed","template":"","meta":[],"product_brand":[70],"product_cat":[131],"product_tag":[],"class_list":{"0":"post-8165","1":"product","2":"type-product","3":"status-publish","4":"has-post-thumbnail","6":"product_brand-smart-biologica-complexes","7":"product_cat-complexes-biologiques-intelligents-complexes-biologiques-intelligents","9":"first","10":"instock","11":"shipping-taxable","12":"purchasable","13":"product-type-simple"},"aioseo_notices":[],"_links":{"self":[{"href":"https:\/\/pelartlabbenelux.com\/fr\/wp-json\/wp\/v2\/product\/8165","targetHints":{"allow":["GET"]}}],"collection":[{"href":"https:\/\/pelartlabbenelux.com\/fr\/wp-json\/wp\/v2\/product"}],"about":[{"href":"https:\/\/pelartlabbenelux.com\/fr\/wp-json\/wp\/v2\/types\/product"}],"replies":[{"embeddable":true,"href":"https:\/\/pelartlabbenelux.com\/fr\/wp-json\/wp\/v2\/comments?post=8165"}],"version-history":[{"count":2,"href":"https:\/\/pelartlabbenelux.com\/fr\/wp-json\/wp\/v2\/product\/8165\/revisions"}],"predecessor-version":[{"id":8350,"href":"https:\/\/pelartlabbenelux.com\/fr\/wp-json\/wp\/v2\/product\/8165\/revisions\/8350"}],"wp:featuredmedia":[{"embeddable":true,"href":"https:\/\/pelartlabbenelux.com\/fr\/wp-json\/wp\/v2\/media\/8166"}],"wp:attachment":[{"href":"https:\/\/pelartlabbenelux.com\/fr\/wp-json\/wp\/v2\/media?parent=8165"}],"wp:term":[{"taxonomy":"product_brand","embeddable":true,"href":"https:\/\/pelartlabbenelux.com\/fr\/wp-json\/wp\/v2\/product_brand?post=8165"},{"taxonomy":"product_cat","embeddable":true,"href":"https:\/\/pelartlabbenelux.com\/fr\/wp-json\/wp\/v2\/product_cat?post=8165"},{"taxonomy":"product_tag","embeddable":true,"href":"https:\/\/pelartlabbenelux.com\/fr\/wp-json\/wp\/v2\/product_tag?post=8165"}],"curies":[{"name":"wp","href":"https:\/\/api.w.org\/{rel}","templated":true}]}}