{"id":8163,"date":"2026-01-28T16:08:44","date_gmt":"2026-01-28T16:08:44","guid":{"rendered":"https:\/\/pelartlabbenelux.com\/product\/3d-cream-for-delicate-eye-area-care-smart-biologica-complexes-30-ml\/"},"modified":"2026-02-05T15:19:35","modified_gmt":"2026-02-05T15:19:35","slug":"3d-cream-for-delicate-eye-area-care-smart-biologica-complexes-30-ml","status":"publish","type":"product","link":"https:\/\/pelartlabbenelux.com\/fr\/produit\/3d-cream-for-delicate-eye-area-care-smart-biologica-complexes-30-ml\/","title":{"rendered":"Cr\u00e8me 3D pour le soin d\u00e9licat du contour des yeux Smart Biologica Complexes, 30 ml"},"content":{"rendered":"<p>Cr\u00e8me innovante 3D pour les yeux, con\u00e7ue pour ralentir les signes de l\u2019\u00e2ge et restaurer un aspect frais et soign\u00e9. Sa formule, enrichie en complexes actifs hautement efficaces, procure un effet lifting prononc\u00e9, hydrate la peau en profondeur et am\u00e9liore sa fermet\u00e9. L\u2019extrait de datte nourrit intens\u00e9ment et maintient un niveau d\u2019hydratation optimal. Le complexe Neodermyl et Easyliance stimule la synth\u00e8se du collag\u00e8ne et de l\u2019\u00e9lastine, renforce la matrice intercellulaire et am\u00e9liore la tonicit\u00e9 cutan\u00e9e, offrant un effet rajeunissant visible en peu de temps. Convient \u00e0 un usage quotidien, matin et soir.<\/p>\n<p><strong>Effets cl\u00e9s :<\/strong><br \/>\n\u2022 lifting et augmentation de la fermet\u00e9 cutan\u00e9e<br \/>\n\u2022 hydratation et nutrition profondes<br \/>\n\u2022 lissage des ridules<br \/>\n\u2022 am\u00e9lioration de la densit\u00e9 et de la tonicit\u00e9 de la peau<br \/>\n\u2022 restauration d\u2019un aspect frais et repos\u00e9<\/p>\n<p><strong>Mode d\u2019utilisation :<\/strong><br \/>\nAppliquer une petite quantit\u00e9 de cr\u00e8me sur le contour des yeux du bout des doigts, en r\u00e9partissant d\u00e9licatement par des mouvements de massage circulaires jusqu&rsquo;\u00e0 absorption compl\u00e8te. Utiliser matin et soir.<\/p>\n<p><strong>Ingr\u00e9dients :<\/strong><br \/>\nPurified Water, Olive Oil, Cetearyl Olivate, Sorbitan Olivate, Di-Caprylyl Carbonate, Date Extract, Cetearyl Alcohol, Easylianse, Hydrolyzed Rice Proteins, Disodium Acetyl Glucosamine Phosphate, Methylglucoside Phosphate, Copper Lysine\/Proline Complex, Sodium Glucuronate, Magnesium Sulfate, Raspberry Oil, Rutin, Fragrance Composition, Sorbitan Caprylate, 1,2-Propanediol, Benzoic Acid.<\/p>\n","protected":false},"excerpt":{"rendered":"<p>Cr\u00e8me innovante 3D pour les yeux, con\u00e7ue pour ralentir les signes de l\u2019\u00e2ge et restaurer un aspect frais et soign\u00e9. Sa formule, enrichie en complexes actifs hautement efficaces, procure un effet lifting prononc\u00e9, hydrate la peau en profondeur et am\u00e9liore sa fermet\u00e9. L\u2019extrait de datte nourrit intens\u00e9ment et maintient un niveau d\u2019hydratation optimal. Le complexe [&hellip;]<\/p>\n","protected":false},"featured_media":8164,"comment_status":"open","ping_status":"closed","template":"","meta":[],"product_brand":[70],"product_cat":[131],"product_tag":[],"class_list":{"0":"post-8163","1":"product","2":"type-product","3":"status-publish","4":"has-post-thumbnail","6":"product_brand-smart-biologica-complexes","7":"product_cat-complexes-biologiques-intelligents-complexes-biologiques-intelligents","9":"first","10":"instock","11":"shipping-taxable","12":"purchasable","13":"product-type-simple"},"aioseo_notices":[],"_links":{"self":[{"href":"https:\/\/pelartlabbenelux.com\/fr\/wp-json\/wp\/v2\/product\/8163","targetHints":{"allow":["GET"]}}],"collection":[{"href":"https:\/\/pelartlabbenelux.com\/fr\/wp-json\/wp\/v2\/product"}],"about":[{"href":"https:\/\/pelartlabbenelux.com\/fr\/wp-json\/wp\/v2\/types\/product"}],"replies":[{"embeddable":true,"href":"https:\/\/pelartlabbenelux.com\/fr\/wp-json\/wp\/v2\/comments?post=8163"}],"version-history":[{"count":2,"href":"https:\/\/pelartlabbenelux.com\/fr\/wp-json\/wp\/v2\/product\/8163\/revisions"}],"predecessor-version":[{"id":8352,"href":"https:\/\/pelartlabbenelux.com\/fr\/wp-json\/wp\/v2\/product\/8163\/revisions\/8352"}],"wp:featuredmedia":[{"embeddable":true,"href":"https:\/\/pelartlabbenelux.com\/fr\/wp-json\/wp\/v2\/media\/8164"}],"wp:attachment":[{"href":"https:\/\/pelartlabbenelux.com\/fr\/wp-json\/wp\/v2\/media?parent=8163"}],"wp:term":[{"taxonomy":"product_brand","embeddable":true,"href":"https:\/\/pelartlabbenelux.com\/fr\/wp-json\/wp\/v2\/product_brand?post=8163"},{"taxonomy":"product_cat","embeddable":true,"href":"https:\/\/pelartlabbenelux.com\/fr\/wp-json\/wp\/v2\/product_cat?post=8163"},{"taxonomy":"product_tag","embeddable":true,"href":"https:\/\/pelartlabbenelux.com\/fr\/wp-json\/wp\/v2\/product_tag?post=8163"}],"curies":[{"name":"wp","href":"https:\/\/api.w.org\/{rel}","templated":true}]}}