{"id":8161,"date":"2026-01-28T16:08:43","date_gmt":"2026-01-28T16:08:43","guid":{"rendered":"https:\/\/pelartlabbenelux.com\/product\/facial-massage-mask-ariela-smart-biologica-complexes-250-ml\/"},"modified":"2026-02-05T14:37:19","modified_gmt":"2026-02-05T14:37:19","slug":"facial-massage-mask-ariela-smart-biologica-complexes-250-ml","status":"publish","type":"product","link":"https:\/\/pelartlabbenelux.com\/fr\/produit\/facial-massage-mask-ariela-smart-biologica-complexes-250-ml\/","title":{"rendered":"Masque de massage facial ARIELA Smart Biologica Complexes, 250 ml"},"content":{"rendered":"<p>Masque de massage professionnel \u00e0 la texture souple et mall\u00e9able, con\u00e7u pour les massages esth\u00e9tiques du visage. En association avec diff\u00e9rentes techniques de massage, il am\u00e9liore le drainage lymphatique et la microcirculation, stimule les processus m\u00e9taboliques et renforce le tonus cutan\u00e9.<\/p>\n<p>Sa formule active assure une hydratation intensive, une nutrition profonde et une action r\u00e9paratrice, contribuant \u00e0 l\u2019augmentation de la fermet\u00e9 et de l\u2019\u00e9lasticit\u00e9 de la peau. Apr\u00e8s le soin, la peau devient plus lisse, plus douce et visiblement mieux entretenue, avec une diminution des signes de s\u00e9cheresse, d\u2019irritation et de perte de tonicit\u00e9.<\/p>\n<p><strong>Effets cl\u00e9s :<\/strong><\/p>\n<p>\u2022 Am\u00e9lioration du drainage lymphatique et de la microcirculation<br \/>\n\u2022 Hydratation et nutrition intensives de la peau<br \/>\n\u2022 Augmentation de la fermet\u00e9 et de l\u2019\u00e9lasticit\u00e9<br \/>\n\u2022 R\u00e9g\u00e9n\u00e9ration et protection antioxydante<br \/>\n\u2022 Glisse confortable et prolong\u00e9e pendant le massage<\/p>\n<p><strong>Mode d\u2019utilisation :<\/strong><\/p>\n<p>Utiliser comme base de massage neutre conform\u00e9ment au protocole de soin. Assure une glisse longue dur\u00e9e et une utilisation \u00e9conomique.<\/p>\n<p><strong>Ingr\u00e9dients :<\/strong><\/p>\n<p>Purified Water, Ginseng Oil, Octyldodecanol, Di-Caprylyl Carbonate, Isopentyldiol, C12-C15 Alkyl Benzoate, Propylheptyl Caprylate, Glycerin, Beheneth-25, Undecane, Shea Butter, Tridecane, Butylene Glycol, Coco-Caprylate, Avocado Oil, Cetearyl Glucoside, Cetearyl Alcohol, Tocopherol, Sodium Hyaluronate, Jojoba Oil, Disodium Phosphate, Panthenol, Potassium Phosphate, Polydesoxyribonucleotide, Glyceril Glucoside, Sodium Mannose Phosphate, Mannose, Biotin Tripeptide-1, rh-Oligopeptide-1, rh-Oligopeptide-2, rh-Peptide-1, sh-Peptide-3, sh-Peptide-9, sh-Peptide-59, sh-Peptide-11, sh-Peptide-22, sh-Peptide-62, rh-Oligopeptide-4, sh-Decapeptide-9, Acetyl Hexapeptide-8, Parfum, Sorbitan Caprylate, Benzoic Acid.<\/p>\n","protected":false},"excerpt":{"rendered":"<p>Masque de massage professionnel \u00e0 la texture souple et mall\u00e9able, con\u00e7u pour les massages esth\u00e9tiques du visage. En association avec diff\u00e9rentes techniques de massage, il am\u00e9liore le drainage lymphatique et la microcirculation, stimule les processus m\u00e9taboliques et renforce le tonus cutan\u00e9. Sa formule active assure une hydratation intensive, une nutrition profonde et une action r\u00e9paratrice, [&hellip;]<\/p>\n","protected":false},"featured_media":8162,"comment_status":"open","ping_status":"closed","template":"","meta":[],"product_brand":[70],"product_cat":[131],"product_tag":[],"class_list":{"0":"post-8161","1":"product","2":"type-product","3":"status-publish","4":"has-post-thumbnail","6":"product_brand-smart-biologica-complexes","7":"product_cat-complexes-biologiques-intelligents-complexes-biologiques-intelligents","9":"first","10":"instock","11":"shipping-taxable","12":"purchasable","13":"product-type-simple"},"aioseo_notices":[],"_links":{"self":[{"href":"https:\/\/pelartlabbenelux.com\/fr\/wp-json\/wp\/v2\/product\/8161","targetHints":{"allow":["GET"]}}],"collection":[{"href":"https:\/\/pelartlabbenelux.com\/fr\/wp-json\/wp\/v2\/product"}],"about":[{"href":"https:\/\/pelartlabbenelux.com\/fr\/wp-json\/wp\/v2\/types\/product"}],"replies":[{"embeddable":true,"href":"https:\/\/pelartlabbenelux.com\/fr\/wp-json\/wp\/v2\/comments?post=8161"}],"version-history":[{"count":2,"href":"https:\/\/pelartlabbenelux.com\/fr\/wp-json\/wp\/v2\/product\/8161\/revisions"}],"predecessor-version":[{"id":8326,"href":"https:\/\/pelartlabbenelux.com\/fr\/wp-json\/wp\/v2\/product\/8161\/revisions\/8326"}],"wp:featuredmedia":[{"embeddable":true,"href":"https:\/\/pelartlabbenelux.com\/fr\/wp-json\/wp\/v2\/media\/8162"}],"wp:attachment":[{"href":"https:\/\/pelartlabbenelux.com\/fr\/wp-json\/wp\/v2\/media?parent=8161"}],"wp:term":[{"taxonomy":"product_brand","embeddable":true,"href":"https:\/\/pelartlabbenelux.com\/fr\/wp-json\/wp\/v2\/product_brand?post=8161"},{"taxonomy":"product_cat","embeddable":true,"href":"https:\/\/pelartlabbenelux.com\/fr\/wp-json\/wp\/v2\/product_cat?post=8161"},{"taxonomy":"product_tag","embeddable":true,"href":"https:\/\/pelartlabbenelux.com\/fr\/wp-json\/wp\/v2\/product_tag?post=8161"}],"curies":[{"name":"wp","href":"https:\/\/api.w.org\/{rel}","templated":true}]}}