{"id":8159,"date":"2026-01-28T16:08:43","date_gmt":"2026-01-28T16:08:43","guid":{"rendered":"https:\/\/pelartlabbenelux.com\/product\/co%e2%82%82-extract-against-couperose-smart-biologica-complexes-30-ml\/"},"modified":"2026-02-05T14:40:55","modified_gmt":"2026-02-05T14:40:55","slug":"co%e2%82%82-extract-against-couperose-smart-biologica-complexes-30-ml","status":"publish","type":"product","link":"https:\/\/pelartlabbenelux.com\/fr\/produit\/co%e2%82%82-extract-against-couperose-smart-biologica-complexes-30-ml\/","title":{"rendered":"Extrait CO\u2082 anti-couperose Smart Biologica Complexes, 30 ml"},"content":{"rendered":"<p>Extrait CO\u2082 professionnel anti-couperose, con\u00e7u pour renforcer l\u2019efficacit\u00e9 des cr\u00e8mes et des masques dans les protocoles de soins esth\u00e9tiques. Le complexe d\u2019extraits v\u00e9g\u00e9taux CO\u2082 aide \u00e0 renforcer les parois vasculaires, \u00e0 r\u00e9duire les rougeurs et l\u2019hypersensibilit\u00e9 cutan\u00e9e, \u00e0 am\u00e9liorer la microcirculation et \u00e0 optimiser l\u2019\u00e9tat g\u00e9n\u00e9ral de la peau.<\/p>\n<p>Utilis\u00e9 comme additif actif modulaire pour une correction personnalis\u00e9e dans les programmes de soins destin\u00e9s aux peaux sujettes \u00e0 la couperose et aux r\u00e9actions vasculaires.<\/p>\n<p><strong>Effets cl\u00e9s :<\/strong><\/p>\n<p>\u2022 R\u00e9duction des rougeurs<br \/>\n\u2022 Renforcement des parois vasculaires<br \/>\n\u2022 Am\u00e9lioration de la microcirculation<br \/>\n\u2022 Diminution de la sensibilit\u00e9 cutan\u00e9e<br \/>\n\u2022 Renforcement de l\u2019efficacit\u00e9 des cr\u00e8mes et des masques<\/p>\n<p><strong>Mode d\u2019utilisation :<\/strong><\/p>\n<p>Usage professionnel uniquement.<br \/>\nAjouter aux masques ou aux cr\u00e8mes conform\u00e9ment au protocole de soin.<\/p>\n<p><strong>Ingr\u00e9dients :<\/strong><\/p>\n<p>Huile de p\u00e9pins de raisin, extraits CO\u2082 : marron d\u2019Inde, g\u00e9ranium, raisin, houblon.<\/p>\n","protected":false},"excerpt":{"rendered":"<p>Extrait CO\u2082 professionnel anti-couperose, con\u00e7u pour renforcer l\u2019efficacit\u00e9 des cr\u00e8mes et des masques dans les protocoles de soins esth\u00e9tiques. Le complexe d\u2019extraits v\u00e9g\u00e9taux CO\u2082 aide \u00e0 renforcer les parois vasculaires, \u00e0 r\u00e9duire les rougeurs et l\u2019hypersensibilit\u00e9 cutan\u00e9e, \u00e0 am\u00e9liorer la microcirculation et \u00e0 optimiser l\u2019\u00e9tat g\u00e9n\u00e9ral de la peau. Utilis\u00e9 comme additif actif modulaire pour [&hellip;]<\/p>\n","protected":false},"featured_media":8160,"comment_status":"open","ping_status":"closed","template":"","meta":[],"product_brand":[70],"product_cat":[131],"product_tag":[],"class_list":{"0":"post-8159","1":"product","2":"type-product","3":"status-publish","4":"has-post-thumbnail","6":"product_brand-smart-biologica-complexes","7":"product_cat-complexes-biologiques-intelligents-complexes-biologiques-intelligents","9":"first","10":"instock","11":"shipping-taxable","12":"purchasable","13":"product-type-simple"},"aioseo_notices":[],"_links":{"self":[{"href":"https:\/\/pelartlabbenelux.com\/fr\/wp-json\/wp\/v2\/product\/8159","targetHints":{"allow":["GET"]}}],"collection":[{"href":"https:\/\/pelartlabbenelux.com\/fr\/wp-json\/wp\/v2\/product"}],"about":[{"href":"https:\/\/pelartlabbenelux.com\/fr\/wp-json\/wp\/v2\/types\/product"}],"replies":[{"embeddable":true,"href":"https:\/\/pelartlabbenelux.com\/fr\/wp-json\/wp\/v2\/comments?post=8159"}],"version-history":[{"count":2,"href":"https:\/\/pelartlabbenelux.com\/fr\/wp-json\/wp\/v2\/product\/8159\/revisions"}],"predecessor-version":[{"id":8332,"href":"https:\/\/pelartlabbenelux.com\/fr\/wp-json\/wp\/v2\/product\/8159\/revisions\/8332"}],"wp:featuredmedia":[{"embeddable":true,"href":"https:\/\/pelartlabbenelux.com\/fr\/wp-json\/wp\/v2\/media\/8160"}],"wp:attachment":[{"href":"https:\/\/pelartlabbenelux.com\/fr\/wp-json\/wp\/v2\/media?parent=8159"}],"wp:term":[{"taxonomy":"product_brand","embeddable":true,"href":"https:\/\/pelartlabbenelux.com\/fr\/wp-json\/wp\/v2\/product_brand?post=8159"},{"taxonomy":"product_cat","embeddable":true,"href":"https:\/\/pelartlabbenelux.com\/fr\/wp-json\/wp\/v2\/product_cat?post=8159"},{"taxonomy":"product_tag","embeddable":true,"href":"https:\/\/pelartlabbenelux.com\/fr\/wp-json\/wp\/v2\/product_tag?post=8159"}],"curies":[{"name":"wp","href":"https:\/\/api.w.org\/{rel}","templated":true}]}}