{"id":8157,"date":"2026-01-28T16:08:43","date_gmt":"2026-01-28T16:08:43","guid":{"rendered":"https:\/\/pelartlabbenelux.com\/product\/night-cream-mask-with-amaranth-oil-basic-smart-biologica-complexes-50-ml\/"},"modified":"2026-02-05T14:45:30","modified_gmt":"2026-02-05T14:45:30","slug":"night-cream-mask-with-amaranth-oil-basic-smart-biologica-complexes-50-ml","status":"publish","type":"product","link":"https:\/\/pelartlabbenelux.com\/fr\/produit\/night-cream-mask-with-amaranth-oil-basic-smart-biologica-complexes-50-ml\/","title":{"rendered":"BASIC Cr\u00e8me-masque de nuit \u00e0 l\u2019huile d\u2019amarante Smart Biologica Complexes, 50 ml"},"content":{"rendered":"<p>Cr\u00e8me-masque de nuit professionnelle \u00e0 l\u2019action antioxydante et r\u00e9paratrice prononc\u00e9e, con\u00e7ue pour \u00eatre utilis\u00e9e en association avec les additifs actifs CO\u2082 de la ligne Smart Biologica Complexes. Sa formule vise \u00e0 ralentir les processus de vieillissement cutan\u00e9 et \u00e0 corriger les premiers signes de l\u2019\u00e2ge \u2014 s\u00e9cheresse, perte de fermet\u00e9 et apparition des rides.<\/p>\n<p>La cr\u00e8me-masque procure un effet liftant, am\u00e9liore la densit\u00e9 et l\u2019\u00e9lasticit\u00e9 de la peau, unifie le micro-relief et assure une hydratation intensive. Les composants actifs stimulent la synth\u00e8se des prot\u00e9ines structurelles de la peau, favorisent la r\u00e9cup\u00e9ration apr\u00e8s le stress et la fatigue, am\u00e9liorent la microcirculation et contribuent \u00e0 un teint uniforme.<\/p>\n<p>La sp\u00e9cificit\u00e9 du produit r\u00e9side dans la possibilit\u00e9 d\u2019ajuster son activit\u00e9 et son intensit\u00e9 \u00e0 l\u2019aide des extraits CO\u2082, en fonction des besoins individuels et des variations saisonni\u00e8res de la peau.<\/p>\n<p><strong>Effets cl\u00e9s :<\/strong><\/p>\n<p>\u2022 Action antioxydante prononc\u00e9e<br \/>\n\u2022 Ralentissement des processus de vieillissement cutan\u00e9<br \/>\n\u2022 Augmentation de la fermet\u00e9 et de la densit\u00e9 de la peau<br \/>\n\u2022 Effet liftant et lissage du micro-relief<br \/>\n\u2022 Hydratation et nutrition intensives<br \/>\n\u2022 Am\u00e9lioration de la microcirculation et du teint<br \/>\n\u2022 Renforcement de l\u2019efficacit\u00e9 des actifs CO\u2082<\/p>\n<p><strong>Mode d\u2019utilisation :<\/strong><\/p>\n<p>Le soir, appliquer une petite quantit\u00e9 de cr\u00e8me-masque sur la peau nettoy\u00e9e du visage, du cou et du d\u00e9collet\u00e9, en laissant agir toute la nuit.<br \/>\nRecommand\u00e9e en association avec les additifs actifs CO\u2082 (10090\u201310093).<\/p>\n","protected":false},"excerpt":{"rendered":"<p>Cr\u00e8me-masque de nuit professionnelle \u00e0 l\u2019action antioxydante et r\u00e9paratrice prononc\u00e9e, con\u00e7ue pour \u00eatre utilis\u00e9e en association avec les additifs actifs CO\u2082 de la ligne Smart Biologica Complexes. Sa formule vise \u00e0 ralentir les processus de vieillissement cutan\u00e9 et \u00e0 corriger les premiers signes de l\u2019\u00e2ge \u2014 s\u00e9cheresse, perte de fermet\u00e9 et apparition des rides. La [&hellip;]<\/p>\n","protected":false},"featured_media":8158,"comment_status":"open","ping_status":"closed","template":"","meta":[],"product_brand":[70],"product_cat":[131],"product_tag":[],"class_list":{"0":"post-8157","1":"product","2":"type-product","3":"status-publish","4":"has-post-thumbnail","6":"product_brand-smart-biologica-complexes","7":"product_cat-complexes-biologiques-intelligents-complexes-biologiques-intelligents","9":"first","10":"instock","11":"shipping-taxable","12":"purchasable","13":"product-type-simple"},"aioseo_notices":[],"_links":{"self":[{"href":"https:\/\/pelartlabbenelux.com\/fr\/wp-json\/wp\/v2\/product\/8157","targetHints":{"allow":["GET"]}}],"collection":[{"href":"https:\/\/pelartlabbenelux.com\/fr\/wp-json\/wp\/v2\/product"}],"about":[{"href":"https:\/\/pelartlabbenelux.com\/fr\/wp-json\/wp\/v2\/types\/product"}],"replies":[{"embeddable":true,"href":"https:\/\/pelartlabbenelux.com\/fr\/wp-json\/wp\/v2\/comments?post=8157"}],"version-history":[{"count":2,"href":"https:\/\/pelartlabbenelux.com\/fr\/wp-json\/wp\/v2\/product\/8157\/revisions"}],"predecessor-version":[{"id":8338,"href":"https:\/\/pelartlabbenelux.com\/fr\/wp-json\/wp\/v2\/product\/8157\/revisions\/8338"}],"wp:featuredmedia":[{"embeddable":true,"href":"https:\/\/pelartlabbenelux.com\/fr\/wp-json\/wp\/v2\/media\/8158"}],"wp:attachment":[{"href":"https:\/\/pelartlabbenelux.com\/fr\/wp-json\/wp\/v2\/media?parent=8157"}],"wp:term":[{"taxonomy":"product_brand","embeddable":true,"href":"https:\/\/pelartlabbenelux.com\/fr\/wp-json\/wp\/v2\/product_brand?post=8157"},{"taxonomy":"product_cat","embeddable":true,"href":"https:\/\/pelartlabbenelux.com\/fr\/wp-json\/wp\/v2\/product_cat?post=8157"},{"taxonomy":"product_tag","embeddable":true,"href":"https:\/\/pelartlabbenelux.com\/fr\/wp-json\/wp\/v2\/product_tag?post=8157"}],"curies":[{"name":"wp","href":"https:\/\/api.w.org\/{rel}","templated":true}]}}