{"id":8155,"date":"2026-01-28T16:08:43","date_gmt":"2026-01-28T16:08:43","guid":{"rendered":"https:\/\/pelartlabbenelux.com\/product\/beauty-mask-l-mask-with-cumulative-lifting-effect-smart-biologica-complexes-100-ml\/"},"modified":"2026-02-05T14:43:48","modified_gmt":"2026-02-05T14:43:48","slug":"beauty-mask-l-mask-with-cumulative-lifting-effect-smart-biologica-complexes-100-ml","status":"publish","type":"product","link":"https:\/\/pelartlabbenelux.com\/fr\/produit\/beauty-mask-l-mask-with-cumulative-lifting-effect-smart-biologica-complexes-100-ml\/","title":{"rendered":"BEAUTY MASK-L \u2014 masque \u00e0 effet liftant cumulatif Smart Biologica Complexes, 100 ml"},"content":{"rendered":"<p>Masque modelant professionnel \u00e0 effet liftant cumulatif prononc\u00e9, con\u00e7u pour am\u00e9liorer les contours du visage et renforcer la fermet\u00e9 de la peau. L\u2019actif Slim-Excess agit sur les inhibiteurs de la lipolyse accumul\u00e9s dans les adipocytes, contribuant \u00e0 une r\u00e9duction visuelle des volumes et \u00e0 un ovale du visage plus d\u00e9fini.<\/p>\n<p>L\u2019extrait d\u2019algues rouges assure une hydratation profonde et enrichit la peau en oligo-\u00e9l\u00e9ments, contribuant au maintien de l\u2019\u00e9quilibre hydrique optimal. L\u2019ingr\u00e9dient actif Easyliance offre un effet lissant imm\u00e9diat et prolong\u00e9, r\u00e9duisant la profondeur des rides et am\u00e9liorant la densit\u00e9 cutan\u00e9e. Apr\u00e8s application, la peau est lisse, ferme et visiblement lift\u00e9e.<\/p>\n<p>Utilis\u00e9 dans les protocoles anti-\u00e2ge professionnels et \u00e0 domicile, ainsi qu\u2019en \u00e9tape booster lors du travail avec des s\u00e9rums.<\/p>\n<p><strong>Effets cl\u00e9s :<\/strong><\/p>\n<p>\u2022 Effet liftant cumulatif<br \/>\n\u2022 Am\u00e9lioration des contours et de l\u2019ovale du visage<br \/>\n\u2022 Augmentation de la fermet\u00e9 et de la densit\u00e9 de la peau<br \/>\n\u2022 Att\u00e9nuation de l\u2019apparence des rides<br \/>\n\u2022 Hydratation intensive<br \/>\n\u2022 Am\u00e9lioration de la texture et de la douceur de la peau<\/p>\n<p><strong>Mode d\u2019utilisation :<\/strong><\/p>\n<p>Utiliser deux fois par semaine apr\u00e8s un nettoyage et une tonification approfondis de la peau. Appliquer le masque en couche uniforme, laisser agir 20 minutes, puis rincer \u00e0 l\u2019eau.<br \/>\nPour des r\u00e9sultats optimaux, utiliser en association avec un s\u00e9rum.<\/p>\n","protected":false},"excerpt":{"rendered":"<p>Masque modelant professionnel \u00e0 effet liftant cumulatif prononc\u00e9, con\u00e7u pour am\u00e9liorer les contours du visage et renforcer la fermet\u00e9 de la peau. L\u2019actif Slim-Excess agit sur les inhibiteurs de la lipolyse accumul\u00e9s dans les adipocytes, contribuant \u00e0 une r\u00e9duction visuelle des volumes et \u00e0 un ovale du visage plus d\u00e9fini. L\u2019extrait d\u2019algues rouges assure une [&hellip;]<\/p>\n","protected":false},"featured_media":8156,"comment_status":"open","ping_status":"closed","template":"","meta":[],"product_brand":[70],"product_cat":[131],"product_tag":[],"class_list":{"0":"post-8155","1":"product","2":"type-product","3":"status-publish","4":"has-post-thumbnail","6":"product_brand-smart-biologica-complexes","7":"product_cat-complexes-biologiques-intelligents-complexes-biologiques-intelligents","9":"first","10":"instock","11":"shipping-taxable","12":"purchasable","13":"product-type-simple"},"aioseo_notices":[],"_links":{"self":[{"href":"https:\/\/pelartlabbenelux.com\/fr\/wp-json\/wp\/v2\/product\/8155","targetHints":{"allow":["GET"]}}],"collection":[{"href":"https:\/\/pelartlabbenelux.com\/fr\/wp-json\/wp\/v2\/product"}],"about":[{"href":"https:\/\/pelartlabbenelux.com\/fr\/wp-json\/wp\/v2\/types\/product"}],"replies":[{"embeddable":true,"href":"https:\/\/pelartlabbenelux.com\/fr\/wp-json\/wp\/v2\/comments?post=8155"}],"version-history":[{"count":2,"href":"https:\/\/pelartlabbenelux.com\/fr\/wp-json\/wp\/v2\/product\/8155\/revisions"}],"predecessor-version":[{"id":8336,"href":"https:\/\/pelartlabbenelux.com\/fr\/wp-json\/wp\/v2\/product\/8155\/revisions\/8336"}],"wp:featuredmedia":[{"embeddable":true,"href":"https:\/\/pelartlabbenelux.com\/fr\/wp-json\/wp\/v2\/media\/8156"}],"wp:attachment":[{"href":"https:\/\/pelartlabbenelux.com\/fr\/wp-json\/wp\/v2\/media?parent=8155"}],"wp:term":[{"taxonomy":"product_brand","embeddable":true,"href":"https:\/\/pelartlabbenelux.com\/fr\/wp-json\/wp\/v2\/product_brand?post=8155"},{"taxonomy":"product_cat","embeddable":true,"href":"https:\/\/pelartlabbenelux.com\/fr\/wp-json\/wp\/v2\/product_cat?post=8155"},{"taxonomy":"product_tag","embeddable":true,"href":"https:\/\/pelartlabbenelux.com\/fr\/wp-json\/wp\/v2\/product_tag?post=8155"}],"curies":[{"name":"wp","href":"https:\/\/api.w.org\/{rel}","templated":true}]}}