{"id":8153,"date":"2026-01-28T16:08:43","date_gmt":"2026-01-28T16:08:43","guid":{"rendered":"https:\/\/pelartlabbenelux.com\/product\/beauty-mask-s-beauty-mask-with-instant-lifting-effect-smart-biologica-complexes-100-ml\/"},"modified":"2026-02-05T14:46:46","modified_gmt":"2026-02-05T14:46:46","slug":"beauty-mask-s-beauty-mask-with-instant-lifting-effect-smart-biologica-complexes-100-ml","status":"publish","type":"product","link":"https:\/\/pelartlabbenelux.com\/fr\/produit\/beauty-mask-s-beauty-mask-with-instant-lifting-effect-smart-biologica-complexes-100-ml\/","title":{"rendered":"BEAUTY MASK-S \u2014 masque beaut\u00e9 \u00e0 effet liftant instantan\u00e9 Smart Biologica Complexes, 100 ml"},"content":{"rendered":"<p>Masque beaut\u00e9 professionnel \u00e0 effet liftant instantan\u00e9, dot\u00e9 d\u2019une texture ultra-l\u00e9g\u00e8re et confortable, con\u00e7u pour am\u00e9liorer rapidement l\u2019apparence de la peau. D\u00e8s la premi\u00e8re application, il lisse les rides de d\u00e9shydratation, soulage la sensation de tiraillement et apporte \u00e0 la peau un aspect soign\u00e9 et frais.<\/p>\n<p>La formule soutient la restauration de la barri\u00e8re cutan\u00e9e et du microbiome, offre une protection antioxydante et r\u00e9duit l\u2019impact du photo-vieillissement ainsi que des agressions environnementales.<br \/>\nLe T\u00e9trapeptide-11 am\u00e9liore la qualit\u00e9 de la matrice intercellulaire, l\u2019Ac\u00e9tyl Hexapeptide-8 agit sur les rides d\u2019expression, tandis que l\u2019Ac\u00e9tyl T\u00e9trapeptide-9 stimule la synth\u00e8se de la lumican et du collag\u00e8ne, augmentant la densit\u00e9 et la fermet\u00e9 de la peau.<\/p>\n<p>Recommand\u00e9 pour les soins express, les programmes anti-\u00e2ge et comme \u00e9tape corrective rapide avant des \u00e9v\u00e9nements importants.<\/p>\n<p><strong>Effets cl\u00e9s :<\/strong><\/p>\n<p>\u2022 Effet liftant instantan\u00e9<br \/>\n\u2022 Lissage des rides de d\u00e9shydratation<br \/>\n\u2022 Att\u00e9nuation des rides d\u2019expression<br \/>\n\u2022 Restauration de la barri\u00e8re cutan\u00e9e<br \/>\n\u2022 Soutien du microbiome cutan\u00e9<br \/>\n\u2022 Protection antioxydante<br \/>\n\u2022 Augmentation de la fermet\u00e9 et de la densit\u00e9 de la peau<\/p>\n<p><strong>Mode d\u2019utilisation :<\/strong><\/p>\n<p>Utiliser deux fois par semaine apr\u00e8s un nettoyage et une tonification approfondis de la peau. Appliquer le masque en couche uniforme, laisser agir 20 minutes, puis rincer \u00e0 l\u2019eau.<br \/>\nPour des r\u00e9sultats optimaux, utiliser en association avec un s\u00e9rum.<\/p>\n","protected":false},"excerpt":{"rendered":"<p>Masque beaut\u00e9 professionnel \u00e0 effet liftant instantan\u00e9, dot\u00e9 d\u2019une texture ultra-l\u00e9g\u00e8re et confortable, con\u00e7u pour am\u00e9liorer rapidement l\u2019apparence de la peau. D\u00e8s la premi\u00e8re application, il lisse les rides de d\u00e9shydratation, soulage la sensation de tiraillement et apporte \u00e0 la peau un aspect soign\u00e9 et frais. La formule soutient la restauration de la barri\u00e8re cutan\u00e9e [&hellip;]<\/p>\n","protected":false},"featured_media":8154,"comment_status":"open","ping_status":"closed","template":"","meta":[],"product_brand":[70],"product_cat":[131],"product_tag":[],"class_list":{"0":"post-8153","1":"product","2":"type-product","3":"status-publish","4":"has-post-thumbnail","6":"product_brand-smart-biologica-complexes","7":"product_cat-complexes-biologiques-intelligents-complexes-biologiques-intelligents","9":"first","10":"instock","11":"shipping-taxable","12":"purchasable","13":"product-type-simple"},"aioseo_notices":[],"_links":{"self":[{"href":"https:\/\/pelartlabbenelux.com\/fr\/wp-json\/wp\/v2\/product\/8153","targetHints":{"allow":["GET"]}}],"collection":[{"href":"https:\/\/pelartlabbenelux.com\/fr\/wp-json\/wp\/v2\/product"}],"about":[{"href":"https:\/\/pelartlabbenelux.com\/fr\/wp-json\/wp\/v2\/types\/product"}],"replies":[{"embeddable":true,"href":"https:\/\/pelartlabbenelux.com\/fr\/wp-json\/wp\/v2\/comments?post=8153"}],"version-history":[{"count":2,"href":"https:\/\/pelartlabbenelux.com\/fr\/wp-json\/wp\/v2\/product\/8153\/revisions"}],"predecessor-version":[{"id":8340,"href":"https:\/\/pelartlabbenelux.com\/fr\/wp-json\/wp\/v2\/product\/8153\/revisions\/8340"}],"wp:featuredmedia":[{"embeddable":true,"href":"https:\/\/pelartlabbenelux.com\/fr\/wp-json\/wp\/v2\/media\/8154"}],"wp:attachment":[{"href":"https:\/\/pelartlabbenelux.com\/fr\/wp-json\/wp\/v2\/media?parent=8153"}],"wp:term":[{"taxonomy":"product_brand","embeddable":true,"href":"https:\/\/pelartlabbenelux.com\/fr\/wp-json\/wp\/v2\/product_brand?post=8153"},{"taxonomy":"product_cat","embeddable":true,"href":"https:\/\/pelartlabbenelux.com\/fr\/wp-json\/wp\/v2\/product_cat?post=8153"},{"taxonomy":"product_tag","embeddable":true,"href":"https:\/\/pelartlabbenelux.com\/fr\/wp-json\/wp\/v2\/product_tag?post=8153"}],"curies":[{"name":"wp","href":"https:\/\/api.w.org\/{rel}","templated":true}]}}