{"id":8147,"date":"2026-01-28T16:08:23","date_gmt":"2026-01-28T16:08:23","guid":{"rendered":"https:\/\/pelartlabbenelux.com\/product\/moisturizing-makeup-base-liel-smart-biologica-complexes-30-ml\/"},"modified":"2026-02-05T14:35:46","modified_gmt":"2026-02-05T14:35:46","slug":"moisturizing-makeup-base-liel-smart-biologica-complexes-30-ml","status":"publish","type":"product","link":"https:\/\/pelartlabbenelux.com\/fr\/produit\/moisturizing-makeup-base-liel-smart-biologica-complexes-30-ml\/","title":{"rendered":"Base de maquillage hydratante LIEL Smart Biologica Complexes, 30 ml"},"content":{"rendered":"<p>Base de maquillage hydratante professionnelle, con\u00e7ue pour pr\u00e9parer la peau \u00e0 l\u2019application du fond de teint. Sa formule \u00e9quilibr\u00e9e procure une hydratation intense, lisse le micro-relief cutan\u00e9 et apporte douceur, toucher velout\u00e9 et \u00e9clat naturel.<\/p>\n<p>La base facilite l\u2019application du maquillage, am\u00e9liore sa tenue et assure un confort optimal tout au long de la journ\u00e9e. Convient \u00e0 tous les types de peau, y compris les peaux d\u00e9shydrat\u00e9es et sensibles.<\/p>\n<p><strong>Effets cl\u00e9s :<\/strong><\/p>\n<p>\u2022 Hydratation profonde de la peau<br \/>\n\u2022 Lissage de la texture et du teint<br \/>\n\u2022 Am\u00e9lioration de la tenue du maquillage<br \/>\n\u2022 Douceur, souplesse et \u00e9clat naturel<\/p>\n<p><strong>Mode d\u2019utilisation :<\/strong><\/p>\n<p>Appliquer une petite quantit\u00e9 de la base sur la peau du visage propre, en \u00e9vitant le contour des yeux. Poursuivre ensuite avec l\u2019application du maquillage.<\/p>\n<p><strong>Ingr\u00e9dients :<\/strong><\/p>\n<p>Aqua, Caprylic\/Capric Triglyceride, Glyceryl Stearate, Simmondsia Chinensis (Jojoba) Seed Oil, Mica, Ceteareth-20, Zinc Oxide, Ceteareth-12, Cetearyl Alcohol, Cera Alba (Beeswax), Iron Oxides, Butyrospermum Parkii (Shea) Oil, Titanium Dioxide, Cetyl Palmitate, Sodium Hyaluronate, Glyceryl Glucoside, Acetyl Hexapeptide-8, Lecithin, Butylene Glycol, Silica Dimethyl Silylate, Pentylene Glycol, Sodium Polyacrylate, Tocopheryl Acetate, Aloe Barbadensis Leaf Juice, Panthenol, Glycerin, Isopentyldiol, Centella Asiatica Extract, Magnesium Ascorbyl Phosphate, Arginine, Lysine, Alanine, Histidine, Serine, Proline, Glutamic Acid, Threonine, Valine, Leucine, Glycine, Isoleucine, Phenylalanine, Taurine, Allantoin, Urea, Linoleic Acid, Linolenic Acid, Parfum, Sorbitan Caprylate, Benzoic Acid.<\/p>\n","protected":false},"excerpt":{"rendered":"<p>Base de maquillage hydratante professionnelle, con\u00e7ue pour pr\u00e9parer la peau \u00e0 l\u2019application du fond de teint. Sa formule \u00e9quilibr\u00e9e procure une hydratation intense, lisse le micro-relief cutan\u00e9 et apporte douceur, toucher velout\u00e9 et \u00e9clat naturel. La base facilite l\u2019application du maquillage, am\u00e9liore sa tenue et assure un confort optimal tout au long de la journ\u00e9e. [&hellip;]<\/p>\n","protected":false},"featured_media":8148,"comment_status":"open","ping_status":"closed","template":"","meta":[],"product_brand":[70],"product_cat":[131],"product_tag":[],"class_list":{"0":"post-8147","1":"product","2":"type-product","3":"status-publish","4":"has-post-thumbnail","6":"product_brand-smart-biologica-complexes","7":"product_cat-complexes-biologiques-intelligents-complexes-biologiques-intelligents","9":"first","10":"instock","11":"shipping-taxable","12":"purchasable","13":"product-type-simple"},"aioseo_notices":[],"_links":{"self":[{"href":"https:\/\/pelartlabbenelux.com\/fr\/wp-json\/wp\/v2\/product\/8147","targetHints":{"allow":["GET"]}}],"collection":[{"href":"https:\/\/pelartlabbenelux.com\/fr\/wp-json\/wp\/v2\/product"}],"about":[{"href":"https:\/\/pelartlabbenelux.com\/fr\/wp-json\/wp\/v2\/types\/product"}],"replies":[{"embeddable":true,"href":"https:\/\/pelartlabbenelux.com\/fr\/wp-json\/wp\/v2\/comments?post=8147"}],"version-history":[{"count":2,"href":"https:\/\/pelartlabbenelux.com\/fr\/wp-json\/wp\/v2\/product\/8147\/revisions"}],"predecessor-version":[{"id":8324,"href":"https:\/\/pelartlabbenelux.com\/fr\/wp-json\/wp\/v2\/product\/8147\/revisions\/8324"}],"wp:featuredmedia":[{"embeddable":true,"href":"https:\/\/pelartlabbenelux.com\/fr\/wp-json\/wp\/v2\/media\/8148"}],"wp:attachment":[{"href":"https:\/\/pelartlabbenelux.com\/fr\/wp-json\/wp\/v2\/media?parent=8147"}],"wp:term":[{"taxonomy":"product_brand","embeddable":true,"href":"https:\/\/pelartlabbenelux.com\/fr\/wp-json\/wp\/v2\/product_brand?post=8147"},{"taxonomy":"product_cat","embeddable":true,"href":"https:\/\/pelartlabbenelux.com\/fr\/wp-json\/wp\/v2\/product_cat?post=8147"},{"taxonomy":"product_tag","embeddable":true,"href":"https:\/\/pelartlabbenelux.com\/fr\/wp-json\/wp\/v2\/product_tag?post=8147"}],"curies":[{"name":"wp","href":"https:\/\/api.w.org\/{rel}","templated":true}]}}