{"id":8145,"date":"2026-01-28T16:08:43","date_gmt":"2026-01-28T16:08:43","guid":{"rendered":"https:\/\/pelartlabbenelux.com\/product\/co%e2%82%82-brightening-extract-30-ml\/"},"modified":"2026-02-05T14:39:28","modified_gmt":"2026-02-05T14:39:28","slug":"co%e2%82%82-brightening-extract-30-ml","status":"publish","type":"product","link":"https:\/\/pelartlabbenelux.com\/fr\/produit\/co%e2%82%82-brightening-extract-30-ml\/","title":{"rendered":"Extrait CO\u2082 \u00e9claircissant, 30 ml"},"content":{"rendered":"<p>Extrait CO\u2082 \u00e9claircissant professionnel, con\u00e7u pour renforcer l\u2019efficacit\u00e9 des masques et des cr\u00e8mes dans les protocoles de soins esth\u00e9tiques. Le complexe v\u00e9g\u00e9tal aide \u00e0 unifier le teint, \u00e0 r\u00e9duire les irr\u00e9gularit\u00e9s pigmentaires et \u00e0 am\u00e9liorer l\u2019\u00e9clat global de la peau. Il offre une protection antioxydante, soutient le renouvellement cutan\u00e9 et apporte \u00e0 la peau une apparence plus fra\u00eeche et lumineuse.<\/p>\n<p>Utilis\u00e9 comme additif actif modulaire pour la correction des teints ternes et irr\u00e9guliers.<\/p>\n<p><strong>Effets cl\u00e9s :<\/strong><\/p>\n<p>\u2022 \u00c9claircissement et unification du teint<br \/>\n\u2022 R\u00e9duction de la pigmentation<br \/>\n\u2022 Protection antioxydante<br \/>\n\u2022 Am\u00e9lioration de l\u2019\u00e9clat du teint<br \/>\n\u2022 Renforcement de l\u2019efficacit\u00e9 des cr\u00e8mes et des masques<\/p>\n<p><strong>Mode d\u2019utilisation :<\/strong><\/p>\n<p>Usage professionnel uniquement. Ajouter aux masques ou aux cr\u00e8mes conform\u00e9ment au protocole de soin.<\/p>\n<p><strong>Ingr\u00e9dients :<\/strong><\/p>\n<p>Huile de noyau de p\u00eache, huile d\u2019olive, extraits CO\u2082 : argousier, r\u00e9glisse, caf\u00e9, lys.<\/p>\n","protected":false},"excerpt":{"rendered":"<p>Extrait CO\u2082 \u00e9claircissant professionnel, con\u00e7u pour renforcer l\u2019efficacit\u00e9 des masques et des cr\u00e8mes dans les protocoles de soins esth\u00e9tiques. Le complexe v\u00e9g\u00e9tal aide \u00e0 unifier le teint, \u00e0 r\u00e9duire les irr\u00e9gularit\u00e9s pigmentaires et \u00e0 am\u00e9liorer l\u2019\u00e9clat global de la peau. Il offre une protection antioxydante, soutient le renouvellement cutan\u00e9 et apporte \u00e0 la peau une [&hellip;]<\/p>\n","protected":false},"featured_media":8146,"comment_status":"open","ping_status":"closed","template":"","meta":[],"product_brand":[70],"product_cat":[131],"product_tag":[],"class_list":{"0":"post-8145","1":"product","2":"type-product","3":"status-publish","4":"has-post-thumbnail","6":"product_brand-smart-biologica-complexes","7":"product_cat-complexes-biologiques-intelligents-complexes-biologiques-intelligents","9":"first","10":"instock","11":"shipping-taxable","12":"purchasable","13":"product-type-simple"},"aioseo_notices":[],"_links":{"self":[{"href":"https:\/\/pelartlabbenelux.com\/fr\/wp-json\/wp\/v2\/product\/8145","targetHints":{"allow":["GET"]}}],"collection":[{"href":"https:\/\/pelartlabbenelux.com\/fr\/wp-json\/wp\/v2\/product"}],"about":[{"href":"https:\/\/pelartlabbenelux.com\/fr\/wp-json\/wp\/v2\/types\/product"}],"replies":[{"embeddable":true,"href":"https:\/\/pelartlabbenelux.com\/fr\/wp-json\/wp\/v2\/comments?post=8145"}],"version-history":[{"count":2,"href":"https:\/\/pelartlabbenelux.com\/fr\/wp-json\/wp\/v2\/product\/8145\/revisions"}],"predecessor-version":[{"id":8330,"href":"https:\/\/pelartlabbenelux.com\/fr\/wp-json\/wp\/v2\/product\/8145\/revisions\/8330"}],"wp:featuredmedia":[{"embeddable":true,"href":"https:\/\/pelartlabbenelux.com\/fr\/wp-json\/wp\/v2\/media\/8146"}],"wp:attachment":[{"href":"https:\/\/pelartlabbenelux.com\/fr\/wp-json\/wp\/v2\/media?parent=8145"}],"wp:term":[{"taxonomy":"product_brand","embeddable":true,"href":"https:\/\/pelartlabbenelux.com\/fr\/wp-json\/wp\/v2\/product_brand?post=8145"},{"taxonomy":"product_cat","embeddable":true,"href":"https:\/\/pelartlabbenelux.com\/fr\/wp-json\/wp\/v2\/product_cat?post=8145"},{"taxonomy":"product_tag","embeddable":true,"href":"https:\/\/pelartlabbenelux.com\/fr\/wp-json\/wp\/v2\/product_tag?post=8145"}],"curies":[{"name":"wp","href":"https:\/\/api.w.org\/{rel}","templated":true}]}}