{"id":8143,"date":"2026-01-28T16:08:43","date_gmt":"2026-01-28T16:08:43","guid":{"rendered":"https:\/\/pelartlabbenelux.com\/product\/co%e2%82%82-anti-age-extract-30-ml\/"},"modified":"2026-02-05T14:38:21","modified_gmt":"2026-02-05T14:38:21","slug":"co%e2%82%82-anti-age-extract-30-ml","status":"publish","type":"product","link":"https:\/\/pelartlabbenelux.com\/fr\/produit\/co%e2%82%82-anti-age-extract-30-ml\/","title":{"rendered":"Extrait CO\u2082 anti-\u00e2ge, 30 ml"},"content":{"rendered":"<p>Extrait actif professionnel CO\u2082 anti-\u00e2ge, con\u00e7u pour renforcer l\u2019efficacit\u00e9 des cr\u00e8mes et des masques dans les protocoles de soins esth\u00e9tiques. Le complexe d\u2019extraits v\u00e9g\u00e9taux offre une action antioxydante et r\u00e9g\u00e9n\u00e9rante marqu\u00e9e, contribue \u00e0 am\u00e9liorer la densit\u00e9 et l\u2019\u00e9lasticit\u00e9 de la peau, soutient le tonus cutan\u00e9 et ralentit l\u2019apparition des signes du vieillissement.<\/p>\n<p>Utilis\u00e9 comme additif actif modulaire pour une correction individualis\u00e9e dans les programmes anti-\u00e2ge professionnels.<\/p>\n<p><strong>Effets cl\u00e9s :<\/strong><\/p>\n<p>\u2022 Protection antioxydante<br \/>\n\u2022 Stimulation de la r\u00e9g\u00e9n\u00e9ration cutan\u00e9e<br \/>\n\u2022 Augmentation de la fermet\u00e9 et de l\u2019\u00e9lasticit\u00e9<br \/>\n\u2022 Am\u00e9lioration du tonus et de la qualit\u00e9 de la peau<br \/>\n\u2022 Renforcement de l\u2019efficacit\u00e9 des cr\u00e8mes et des masques<\/p>\n<p><strong>Mode d\u2019utilisation :<\/strong><\/p>\n<p>Usage professionnel uniquement. Ajouter aux masques ou aux cr\u00e8mes conform\u00e9ment au protocole de soin.<\/p>\n","protected":false},"excerpt":{"rendered":"<p>Extrait actif professionnel CO\u2082 anti-\u00e2ge, con\u00e7u pour renforcer l\u2019efficacit\u00e9 des cr\u00e8mes et des masques dans les protocoles de soins esth\u00e9tiques. Le complexe d\u2019extraits v\u00e9g\u00e9taux offre une action antioxydante et r\u00e9g\u00e9n\u00e9rante marqu\u00e9e, contribue \u00e0 am\u00e9liorer la densit\u00e9 et l\u2019\u00e9lasticit\u00e9 de la peau, soutient le tonus cutan\u00e9 et ralentit l\u2019apparition des signes du vieillissement. Utilis\u00e9 comme additif [&hellip;]<\/p>\n","protected":false},"featured_media":8144,"comment_status":"open","ping_status":"closed","template":"","meta":[],"product_brand":[70],"product_cat":[131],"product_tag":[],"class_list":{"0":"post-8143","1":"product","2":"type-product","3":"status-publish","4":"has-post-thumbnail","6":"product_brand-smart-biologica-complexes","7":"product_cat-complexes-biologiques-intelligents-complexes-biologiques-intelligents","9":"first","10":"instock","11":"shipping-taxable","12":"purchasable","13":"product-type-simple"},"aioseo_notices":[],"_links":{"self":[{"href":"https:\/\/pelartlabbenelux.com\/fr\/wp-json\/wp\/v2\/product\/8143","targetHints":{"allow":["GET"]}}],"collection":[{"href":"https:\/\/pelartlabbenelux.com\/fr\/wp-json\/wp\/v2\/product"}],"about":[{"href":"https:\/\/pelartlabbenelux.com\/fr\/wp-json\/wp\/v2\/types\/product"}],"replies":[{"embeddable":true,"href":"https:\/\/pelartlabbenelux.com\/fr\/wp-json\/wp\/v2\/comments?post=8143"}],"version-history":[{"count":2,"href":"https:\/\/pelartlabbenelux.com\/fr\/wp-json\/wp\/v2\/product\/8143\/revisions"}],"predecessor-version":[{"id":8328,"href":"https:\/\/pelartlabbenelux.com\/fr\/wp-json\/wp\/v2\/product\/8143\/revisions\/8328"}],"wp:featuredmedia":[{"embeddable":true,"href":"https:\/\/pelartlabbenelux.com\/fr\/wp-json\/wp\/v2\/media\/8144"}],"wp:attachment":[{"href":"https:\/\/pelartlabbenelux.com\/fr\/wp-json\/wp\/v2\/media?parent=8143"}],"wp:term":[{"taxonomy":"product_brand","embeddable":true,"href":"https:\/\/pelartlabbenelux.com\/fr\/wp-json\/wp\/v2\/product_brand?post=8143"},{"taxonomy":"product_cat","embeddable":true,"href":"https:\/\/pelartlabbenelux.com\/fr\/wp-json\/wp\/v2\/product_cat?post=8143"},{"taxonomy":"product_tag","embeddable":true,"href":"https:\/\/pelartlabbenelux.com\/fr\/wp-json\/wp\/v2\/product_tag?post=8143"}],"curies":[{"name":"wp","href":"https:\/\/api.w.org\/{rel}","templated":true}]}}