{"id":8141,"date":"2026-01-28T16:08:43","date_gmt":"2026-01-28T16:08:43","guid":{"rendered":"https:\/\/pelartlabbenelux.com\/product\/co%e2%82%82-anti-acne-extract-for-acne-prone-skin-30-ml\/"},"modified":"2026-02-05T14:34:47","modified_gmt":"2026-02-05T14:34:47","slug":"co%e2%82%82-anti-acne-extract-for-acne-prone-skin-30-ml","status":"publish","type":"product","link":"https:\/\/pelartlabbenelux.com\/fr\/produit\/co%e2%82%82-anti-acne-extract-for-acne-prone-skin-30-ml\/","title":{"rendered":"Extrait CO\u2082 anti-acn\u00e9 pour peaux \u00e0 tendance acn\u00e9ique, 30 ml"},"content":{"rendered":"<p>Extrait CO\u2082 anti-acn\u00e9 \u2014 extrait actif professionnel \u00e0 base de CO\u2082, con\u00e7u pour la correction des peaux \u00e0 tendance acn\u00e9ique. Il est utilis\u00e9 comme additif modulaire afin de renforcer l\u2019efficacit\u00e9 des masques et des cr\u00e8mes dans les protocoles de soins esth\u00e9tiques et cosm\u00e9tiques.<\/p>\n<p>Les extraits v\u00e9g\u00e9taux obtenus par extraction au CO\u2082 poss\u00e8dent des propri\u00e9t\u00e9s s\u00e9bor\u00e9gulatrices, anti-inflammatoires et antiseptiques prononc\u00e9es. Ils contribuent \u00e0 r\u00e9duire les \u00e9l\u00e9ments inflammatoires, \u00e0 normaliser l\u2019\u00e9tat de la peau et \u00e0 am\u00e9liorer visiblement son apparence globale.<\/p>\n<p><strong>Effets cl\u00e9s :<\/strong><\/p>\n<p>\u2022 R\u00e9gulation de l\u2019activit\u00e9 des glandes s\u00e9bac\u00e9es<br \/>\n\u2022 Action anti-inflammatoire et antiseptique<br \/>\n\u2022 R\u00e9duction des manifestations de l\u2019acn\u00e9 et du post-acn\u00e9<br \/>\n\u2022 Renforcement de l\u2019efficacit\u00e9 des produits cosm\u00e9tiques<br \/>\n\u2022 Am\u00e9lioration globale de l\u2019\u00e9tat des peaux probl\u00e9matiques<\/p>\n<p><strong>Mode d\u2019utilisation :<\/strong><\/p>\n<p>Usage professionnel uniquement.<br \/>\nAjouter aux masques ou aux cr\u00e8mes conform\u00e9ment au protocole de soin.<\/p>\n<p><strong>Ingr\u00e9dients :<\/strong><\/p>\n<p>Huile d\u2019olive, extraits CO\u2082 : achill\u00e9e millefeuille, plantain, sauge, millepertuis.<\/p>\n","protected":false},"excerpt":{"rendered":"<p>Extrait CO\u2082 anti-acn\u00e9 \u2014 extrait actif professionnel \u00e0 base de CO\u2082, con\u00e7u pour la correction des peaux \u00e0 tendance acn\u00e9ique. Il est utilis\u00e9 comme additif modulaire afin de renforcer l\u2019efficacit\u00e9 des masques et des cr\u00e8mes dans les protocoles de soins esth\u00e9tiques et cosm\u00e9tiques. Les extraits v\u00e9g\u00e9taux obtenus par extraction au CO\u2082 poss\u00e8dent des propri\u00e9t\u00e9s s\u00e9bor\u00e9gulatrices, [&hellip;]<\/p>\n","protected":false},"featured_media":8142,"comment_status":"open","ping_status":"closed","template":"","meta":[],"product_brand":[70],"product_cat":[131],"product_tag":[],"class_list":{"0":"post-8141","1":"product","2":"type-product","3":"status-publish","4":"has-post-thumbnail","6":"product_brand-smart-biologica-complexes","7":"product_cat-complexes-biologiques-intelligents-complexes-biologiques-intelligents","9":"first","10":"instock","11":"shipping-taxable","12":"purchasable","13":"product-type-simple"},"aioseo_notices":[],"_links":{"self":[{"href":"https:\/\/pelartlabbenelux.com\/fr\/wp-json\/wp\/v2\/product\/8141","targetHints":{"allow":["GET"]}}],"collection":[{"href":"https:\/\/pelartlabbenelux.com\/fr\/wp-json\/wp\/v2\/product"}],"about":[{"href":"https:\/\/pelartlabbenelux.com\/fr\/wp-json\/wp\/v2\/types\/product"}],"replies":[{"embeddable":true,"href":"https:\/\/pelartlabbenelux.com\/fr\/wp-json\/wp\/v2\/comments?post=8141"}],"version-history":[{"count":2,"href":"https:\/\/pelartlabbenelux.com\/fr\/wp-json\/wp\/v2\/product\/8141\/revisions"}],"predecessor-version":[{"id":8322,"href":"https:\/\/pelartlabbenelux.com\/fr\/wp-json\/wp\/v2\/product\/8141\/revisions\/8322"}],"wp:featuredmedia":[{"embeddable":true,"href":"https:\/\/pelartlabbenelux.com\/fr\/wp-json\/wp\/v2\/media\/8142"}],"wp:attachment":[{"href":"https:\/\/pelartlabbenelux.com\/fr\/wp-json\/wp\/v2\/media?parent=8141"}],"wp:term":[{"taxonomy":"product_brand","embeddable":true,"href":"https:\/\/pelartlabbenelux.com\/fr\/wp-json\/wp\/v2\/product_brand?post=8141"},{"taxonomy":"product_cat","embeddable":true,"href":"https:\/\/pelartlabbenelux.com\/fr\/wp-json\/wp\/v2\/product_cat?post=8141"},{"taxonomy":"product_tag","embeddable":true,"href":"https:\/\/pelartlabbenelux.com\/fr\/wp-json\/wp\/v2\/product_tag?post=8141"}],"curies":[{"name":"wp","href":"https:\/\/api.w.org\/{rel}","templated":true}]}}