{"id":8139,"date":"2026-01-28T16:08:43","date_gmt":"2026-01-28T16:08:43","guid":{"rendered":"https:\/\/pelartlabbenelux.com\/product\/basic-universal-day-cream-gel-50-ml\/"},"modified":"2026-02-05T14:42:13","modified_gmt":"2026-02-05T14:42:13","slug":"basic-universal-day-cream-gel-50-ml","status":"publish","type":"product","link":"https:\/\/pelartlabbenelux.com\/fr\/produit\/basic-universal-day-cream-gel-50-ml\/","title":{"rendered":"BASIC Cr\u00e8me-gel universelle de jour, 50 ml"},"content":{"rendered":"<p>Cr\u00e8me-gel de jour professionnelle universelle, con\u00e7ue pour \u00eatre utilis\u00e9e en association avec les actifs CO\u2082 et les produits de la ligne Smart Biologica Complexes. Sa formule polyvalente permet d\u2019ajuster l\u2019intensit\u00e9 et l\u2019orientation des soins en fonction de l\u2019\u00e9tat de la peau, des besoins individuels et des variations saisonni\u00e8res.<\/p>\n<p>La cr\u00e8me-gel assure une hydratation et une nutrition \u00e9quilibr\u00e9es, soutient les processus de r\u00e9g\u00e9n\u00e9ration cutan\u00e9e, am\u00e9liore la texture de la peau et favorise un renouvellement visible. Le complexe Marine BlueVital C et l\u2019extrait CO\u2082 de microalgues offrent une action multifonctionnelle visant \u00e0 pr\u00e9server la jeunesse et la sant\u00e9 de la peau.<\/p>\n<p><strong>Effets cl\u00e9s :<\/strong><\/p>\n<p>\u2022 Hydratation et nutrition intensives<br \/>\n\u2022 Soutien de la r\u00e9g\u00e9n\u00e9ration cutan\u00e9e<br \/>\n\u2022 Am\u00e9lioration de la texture de la peau<br \/>\n\u2022 Personnalisation des soins selon les besoins individuels<br \/>\n\u2022 Renforcement de l\u2019efficacit\u00e9 des actifs CO\u2082<\/p>\n<p><strong>Mode d\u2019utilisation :<\/strong><\/p>\n<p>Appliquer une petite quantit\u00e9 de cr\u00e8me le matin sur la peau nettoy\u00e9e du visage, du cou et du d\u00e9collet\u00e9.<br \/>\nRecommand\u00e9e en association avec les additifs actifs CO\u2082 (10090\u201310093).<\/p>\n","protected":false},"excerpt":{"rendered":"<p>Cr\u00e8me-gel de jour professionnelle universelle, con\u00e7ue pour \u00eatre utilis\u00e9e en association avec les actifs CO\u2082 et les produits de la ligne Smart Biologica Complexes. Sa formule polyvalente permet d\u2019ajuster l\u2019intensit\u00e9 et l\u2019orientation des soins en fonction de l\u2019\u00e9tat de la peau, des besoins individuels et des variations saisonni\u00e8res. La cr\u00e8me-gel assure une hydratation et une [&hellip;]<\/p>\n","protected":false},"featured_media":8140,"comment_status":"open","ping_status":"closed","template":"","meta":[],"product_brand":[70],"product_cat":[131],"product_tag":[],"class_list":{"0":"post-8139","1":"product","2":"type-product","3":"status-publish","4":"has-post-thumbnail","6":"product_brand-smart-biologica-complexes","7":"product_cat-complexes-biologiques-intelligents-complexes-biologiques-intelligents","9":"first","10":"instock","11":"shipping-taxable","12":"purchasable","13":"product-type-simple"},"aioseo_notices":[],"_links":{"self":[{"href":"https:\/\/pelartlabbenelux.com\/fr\/wp-json\/wp\/v2\/product\/8139","targetHints":{"allow":["GET"]}}],"collection":[{"href":"https:\/\/pelartlabbenelux.com\/fr\/wp-json\/wp\/v2\/product"}],"about":[{"href":"https:\/\/pelartlabbenelux.com\/fr\/wp-json\/wp\/v2\/types\/product"}],"replies":[{"embeddable":true,"href":"https:\/\/pelartlabbenelux.com\/fr\/wp-json\/wp\/v2\/comments?post=8139"}],"version-history":[{"count":2,"href":"https:\/\/pelartlabbenelux.com\/fr\/wp-json\/wp\/v2\/product\/8139\/revisions"}],"predecessor-version":[{"id":8334,"href":"https:\/\/pelartlabbenelux.com\/fr\/wp-json\/wp\/v2\/product\/8139\/revisions\/8334"}],"wp:featuredmedia":[{"embeddable":true,"href":"https:\/\/pelartlabbenelux.com\/fr\/wp-json\/wp\/v2\/media\/8140"}],"wp:attachment":[{"href":"https:\/\/pelartlabbenelux.com\/fr\/wp-json\/wp\/v2\/media?parent=8139"}],"wp:term":[{"taxonomy":"product_brand","embeddable":true,"href":"https:\/\/pelartlabbenelux.com\/fr\/wp-json\/wp\/v2\/product_brand?post=8139"},{"taxonomy":"product_cat","embeddable":true,"href":"https:\/\/pelartlabbenelux.com\/fr\/wp-json\/wp\/v2\/product_cat?post=8139"},{"taxonomy":"product_tag","embeddable":true,"href":"https:\/\/pelartlabbenelux.com\/fr\/wp-json\/wp\/v2\/product_tag?post=8139"}],"curies":[{"name":"wp","href":"https:\/\/api.w.org\/{rel}","templated":true}]}}