{"id":8137,"date":"2026-01-28T16:08:02","date_gmt":"2026-01-28T16:08:02","guid":{"rendered":"https:\/\/pelartlabbenelux.com\/product\/hydra-recovery-restoring-moisturizing-serum-trifolium-pretense-line-100-ml\/"},"modified":"2026-02-05T15:50:23","modified_gmt":"2026-02-05T15:50:23","slug":"hydra-recovery-restoring-moisturizing-serum-trifolium-pretense-line-100-ml","status":"publish","type":"product","link":"https:\/\/pelartlabbenelux.com\/fr\/produit\/hydra-recovery-restoring-moisturizing-serum-trifolium-pretense-line-100-ml\/","title":{"rendered":"S\u00e9rum Hydratant Restaurateur HYDRA RECOVERY Trifolium Pretense Line, 100 ml"},"content":{"rendered":"<p>S\u00e9rum intens\u00e9ment hydratant \u00e0 l&rsquo;acide hyaluronique, con\u00e7u pour restaurer la peau et ralentir les processus de vieillissement. Sa formule sature la peau d&rsquo;humidit\u00e9 en profondeur, lisse visiblement les rides et soutient les m\u00e9canismes naturels d&rsquo;hydratation.<\/p>\n<p>Le complexe lipidique restaurateur favorise la synth\u00e8se des c\u00e9ramides et renforce la barri\u00e8re cutan\u00e9e. Le b\u00eata-glucane stimule la r\u00e9g\u00e9n\u00e9ration cellulaire, am\u00e9liore l&rsquo;\u00e9lasticit\u00e9 de la peau et renforce les capillaires. Le s\u00e9rum am\u00e9liore le tonus de la peau, lui donne un aspect frais et soign\u00e9, et soutient le m\u00e9tabolisme cellulaire ainsi que la protection antioxydante.<\/p>\n<p><strong>Effets cl\u00e9s :<\/strong><br \/>\n\u2022 hydratation profonde et prolong\u00e9e \u2022 lissage visible des rides \u2022 restauration de la barri\u00e8re cutan\u00e9e \u2022 augmentation de l&rsquo;\u00e9lasticit\u00e9 et de la fermet\u00e9 \u2022 ralentissement des processus de vieillissement<\/p>\n<p><strong>Mode d\u2019utilisation :<\/strong><br \/>\nAppliquer sur la peau nettoy\u00e9e du visage matin et soir avant la cr\u00e8me ou le masque de cette gamme.<\/p>\n<p><strong>Ingr\u00e9dients :<\/strong><br \/>\nD-Panthenol, Aloe Vera, Urea, Low Molecular Weight Hyaluronic Acid (100 kDa 0.75 mg\/ml) and High Molecular Weight Hyaluronic Acid (1000 kDa 0.75 mg\/ml), Centella Asiatica Extract, Acetylated Hyaluronic Acid, Beta-Glucan.<\/p>\n","protected":false},"excerpt":{"rendered":"<p>S\u00e9rum intens\u00e9ment hydratant \u00e0 l&rsquo;acide hyaluronique, con\u00e7u pour restaurer la peau et ralentir les processus de vieillissement. Sa formule sature la peau d&rsquo;humidit\u00e9 en profondeur, lisse visiblement les rides et soutient les m\u00e9canismes naturels d&rsquo;hydratation. Le complexe lipidique restaurateur favorise la synth\u00e8se des c\u00e9ramides et renforce la barri\u00e8re cutan\u00e9e. Le b\u00eata-glucane stimule la r\u00e9g\u00e9n\u00e9ration cellulaire, [&hellip;]<\/p>\n","protected":false},"featured_media":8138,"comment_status":"open","ping_status":"closed","template":"","meta":[],"product_brand":[64],"product_cat":[130],"product_tag":[],"class_list":{"0":"post-8137","1":"product","2":"type-product","3":"status-publish","4":"has-post-thumbnail","6":"product_brand-trifolium-pretense-line","7":"product_cat-trifolium-pretense-line-avec-bioflavonoides-issus-du-trefle-et-peptides","9":"first","10":"instock","11":"shipping-taxable","12":"purchasable","13":"product-type-simple"},"aioseo_notices":[],"_links":{"self":[{"href":"https:\/\/pelartlabbenelux.com\/fr\/wp-json\/wp\/v2\/product\/8137","targetHints":{"allow":["GET"]}}],"collection":[{"href":"https:\/\/pelartlabbenelux.com\/fr\/wp-json\/wp\/v2\/product"}],"about":[{"href":"https:\/\/pelartlabbenelux.com\/fr\/wp-json\/wp\/v2\/types\/product"}],"replies":[{"embeddable":true,"href":"https:\/\/pelartlabbenelux.com\/fr\/wp-json\/wp\/v2\/comments?post=8137"}],"version-history":[{"count":2,"href":"https:\/\/pelartlabbenelux.com\/fr\/wp-json\/wp\/v2\/product\/8137\/revisions"}],"predecessor-version":[{"id":8365,"href":"https:\/\/pelartlabbenelux.com\/fr\/wp-json\/wp\/v2\/product\/8137\/revisions\/8365"}],"wp:featuredmedia":[{"embeddable":true,"href":"https:\/\/pelartlabbenelux.com\/fr\/wp-json\/wp\/v2\/media\/8138"}],"wp:attachment":[{"href":"https:\/\/pelartlabbenelux.com\/fr\/wp-json\/wp\/v2\/media?parent=8137"}],"wp:term":[{"taxonomy":"product_brand","embeddable":true,"href":"https:\/\/pelartlabbenelux.com\/fr\/wp-json\/wp\/v2\/product_brand?post=8137"},{"taxonomy":"product_cat","embeddable":true,"href":"https:\/\/pelartlabbenelux.com\/fr\/wp-json\/wp\/v2\/product_cat?post=8137"},{"taxonomy":"product_tag","embeddable":true,"href":"https:\/\/pelartlabbenelux.com\/fr\/wp-json\/wp\/v2\/product_tag?post=8137"}],"curies":[{"name":"wp","href":"https:\/\/api.w.org\/{rel}","templated":true}]}}