{"id":8131,"date":"2026-01-28T16:08:02","date_gmt":"2026-01-28T16:08:02","guid":{"rendered":"https:\/\/pelartlabbenelux.com\/product\/matting-day-cream-with-collagen-spf-30-without-tint-trifolium-pretense-line-50-ml-2\/"},"modified":"2026-02-05T15:52:28","modified_gmt":"2026-02-05T15:52:28","slug":"matting-day-cream-with-collagen-spf-30-without-tint-trifolium-pretense-line-50-ml-2","status":"publish","type":"product","link":"https:\/\/pelartlabbenelux.com\/fr\/produit\/matting-day-cream-with-collagen-spf-30-without-tint-trifolium-pretense-line-50-ml-2\/","title":{"rendered":"Cr\u00e8me de jour matifiante au collag\u00e8ne SPF 30 sans teinte Trifolium Pretense Line, 50 ml"},"content":{"rendered":"<p>Cr\u00e8me de jour matifiante au collag\u00e8ne et SPF 30 sans pigment, con\u00e7ue pour la protection quotidienne et la restauration de la peau. Sa formule soutient efficacement la r\u00e9g\u00e9n\u00e9ration des cellules dermiques et \u00e9pidermiques, prot\u00e8ge l\u2019ADN contre les photodommages et aide \u00e0 maintenir une structure cutan\u00e9e saine.<\/p>\n<p>Le collag\u00e8ne de bas poids mol\u00e9culaire et les oligosaccharides aident \u00e0 retenir l\u2019humidit\u00e9, stimulent l\u2019activit\u00e9 cellulaire et am\u00e9liorent la fermet\u00e9 de la peau. La cr\u00e8me restaure l\u2019\u00e9quilibre hydrique, hydrate, adoucit et donne \u00e0 la peau un aspect frais et soign\u00e9 sans alt\u00e9rer son teint. Convient \u00e0 tous les types de peau et id\u00e9ale comme base de maquillage.<\/p>\n<p><strong>Effets cl\u00e9s :<\/strong><br \/>\n\u2022 protection contre les rayonnements UVA\/UVB<br \/>\n\u2022 restauration et soutien de la structure de la peau<br \/>\n\u2022 hydratation et \u00e9quilibre hydrique<br \/>\n\u2022 augmentation de la fermet\u00e9 et de l\u2019\u00e9lasticit\u00e9<br \/>\n\u2022 pr\u00e9vention du photo-vieillissement<\/p>\n<p><strong>Mode d\u2019utilisation :<\/strong><br \/>\nLe matin, appliquer une petite quantit\u00e9 de cr\u00e8me sur la peau nettoy\u00e9e du visage, du cou et du d\u00e9collet\u00e9.<\/p>\n<p><strong>Ingr\u00e9dients :<\/strong><br \/>\nUVA\/UVB filter complex, Wheat Protein, Wheat Germ Oil, D-Panthenol, Glycerin, Mango Oil, Shea Butter, Biosaccharide, Caffeine, Squalane, Corn Starch, Low Molecular Weight Collagen, Allantoin, Hyaluronic Acid.<\/p>\n","protected":false},"excerpt":{"rendered":"<p>Cr\u00e8me de jour matifiante au collag\u00e8ne et SPF 30 sans pigment, con\u00e7ue pour la protection quotidienne et la restauration de la peau. Sa formule soutient efficacement la r\u00e9g\u00e9n\u00e9ration des cellules dermiques et \u00e9pidermiques, prot\u00e8ge l\u2019ADN contre les photodommages et aide \u00e0 maintenir une structure cutan\u00e9e saine. Le collag\u00e8ne de bas poids mol\u00e9culaire et les oligosaccharides [&hellip;]<\/p>\n","protected":false},"featured_media":8132,"comment_status":"open","ping_status":"closed","template":"","meta":[],"product_brand":[64],"product_cat":[130],"product_tag":[],"class_list":{"0":"post-8131","1":"product","2":"type-product","3":"status-publish","4":"has-post-thumbnail","6":"product_brand-trifolium-pretense-line","7":"product_cat-trifolium-pretense-line-avec-bioflavonoides-issus-du-trefle-et-peptides","9":"first","10":"instock","11":"shipping-taxable","12":"purchasable","13":"product-type-simple"},"aioseo_notices":[],"_links":{"self":[{"href":"https:\/\/pelartlabbenelux.com\/fr\/wp-json\/wp\/v2\/product\/8131","targetHints":{"allow":["GET"]}}],"collection":[{"href":"https:\/\/pelartlabbenelux.com\/fr\/wp-json\/wp\/v2\/product"}],"about":[{"href":"https:\/\/pelartlabbenelux.com\/fr\/wp-json\/wp\/v2\/types\/product"}],"replies":[{"embeddable":true,"href":"https:\/\/pelartlabbenelux.com\/fr\/wp-json\/wp\/v2\/comments?post=8131"}],"version-history":[{"count":2,"href":"https:\/\/pelartlabbenelux.com\/fr\/wp-json\/wp\/v2\/product\/8131\/revisions"}],"predecessor-version":[{"id":8371,"href":"https:\/\/pelartlabbenelux.com\/fr\/wp-json\/wp\/v2\/product\/8131\/revisions\/8371"}],"wp:featuredmedia":[{"embeddable":true,"href":"https:\/\/pelartlabbenelux.com\/fr\/wp-json\/wp\/v2\/media\/8132"}],"wp:attachment":[{"href":"https:\/\/pelartlabbenelux.com\/fr\/wp-json\/wp\/v2\/media?parent=8131"}],"wp:term":[{"taxonomy":"product_brand","embeddable":true,"href":"https:\/\/pelartlabbenelux.com\/fr\/wp-json\/wp\/v2\/product_brand?post=8131"},{"taxonomy":"product_cat","embeddable":true,"href":"https:\/\/pelartlabbenelux.com\/fr\/wp-json\/wp\/v2\/product_cat?post=8131"},{"taxonomy":"product_tag","embeddable":true,"href":"https:\/\/pelartlabbenelux.com\/fr\/wp-json\/wp\/v2\/product_tag?post=8131"}],"curies":[{"name":"wp","href":"https:\/\/api.w.org\/{rel}","templated":true}]}}