{"id":8129,"date":"2026-01-28T16:08:02","date_gmt":"2026-01-28T16:08:02","guid":{"rendered":"https:\/\/pelartlabbenelux.com\/product\/night-cream-with-collagen-trifolium-pretense-line-50-ml\/"},"modified":"2026-02-05T15:53:07","modified_gmt":"2026-02-05T15:53:07","slug":"night-cream-with-collagen-trifolium-pretense-line-50-ml","status":"publish","type":"product","link":"https:\/\/pelartlabbenelux.com\/fr\/produit\/night-cream-with-collagen-trifolium-pretense-line-50-ml\/","title":{"rendered":"Cr\u00e8me de nuit au collag\u00e8ne Trifolium Pretense Line, 50 ml"},"content":{"rendered":"<p>La cr\u00e8me de nuit au collag\u00e8ne est con\u00e7ue pour une restauration intensive de la peau pendant le sommeil. Sa formule comble les carences en collag\u00e8ne, prot\u00e8ge les structures de la matrice dermique et aide \u00e0 am\u00e9liorer la densit\u00e9 et la fermet\u00e9 cutan\u00e9es.<\/p>\n<p>Le complexe de peptides stimule la synth\u00e8se de nouvelles fibres de collag\u00e8ne et aide \u00e0 r\u00e9duire la profondeur des rides. Les antioxydants soutiennent l\u2019activit\u00e9 des fibroblastes et ralentissent les processus de vieillissement pr\u00e9matur\u00e9. La cr\u00e8me restaure la barri\u00e8re lipidique, normalise la k\u00e9ratinisation et assure une hydratation profonde. La peau devient plus lisse, plus ferme et visiblement rafra\u00eechie.<\/p>\n<p><strong>Effets cl\u00e9s :<\/strong><br \/>\n\u2022 stimulation de la synth\u00e8se du collag\u00e8ne<br \/>\n\u2022 r\u00e9duction de l\u2019apparence des rides<br \/>\n\u2022 restauration de la barri\u00e8re lipidique<br \/>\n\u2022 am\u00e9lioration de la fermet\u00e9 et de l\u2019\u00e9lasticit\u00e9<br \/>\n\u2022 hydratation nocturne intensive<\/p>\n<p><strong>Mode d\u2019utilisation :<\/strong><br \/>\nAppliquer le soir sur la peau nettoy\u00e9e du visage, du cou et du d\u00e9collet\u00e9. Recommand\u00e9e en combinaison avec les s\u00e9rums (art. 10052, 10053, 10054) ou les toniques (art. 10050, 10051).<\/p>\n<p><strong>Ingr\u00e9dients :<\/strong><br \/>\nD-Panthenol, Grape Seed Oil, Palmitoyl Pentapeptide-3, Diacetate Dipetide, Shea Butter, Hydrolyzed Collagen, Soy Protein, Squalane, Allantoin, Avocado Oil, Biosaccharide, Abyssinian Mustard Seed Oil.<\/p>\n","protected":false},"excerpt":{"rendered":"<p>La cr\u00e8me de nuit au collag\u00e8ne est con\u00e7ue pour une restauration intensive de la peau pendant le sommeil. Sa formule comble les carences en collag\u00e8ne, prot\u00e8ge les structures de la matrice dermique et aide \u00e0 am\u00e9liorer la densit\u00e9 et la fermet\u00e9 cutan\u00e9es. Le complexe de peptides stimule la synth\u00e8se de nouvelles fibres de collag\u00e8ne et [&hellip;]<\/p>\n","protected":false},"featured_media":8130,"comment_status":"open","ping_status":"closed","template":"","meta":[],"product_brand":[64],"product_cat":[130],"product_tag":[],"class_list":{"0":"post-8129","1":"product","2":"type-product","3":"status-publish","4":"has-post-thumbnail","6":"product_brand-trifolium-pretense-line","7":"product_cat-trifolium-pretense-line-avec-bioflavonoides-issus-du-trefle-et-peptides","9":"first","10":"instock","11":"shipping-taxable","12":"purchasable","13":"product-type-simple"},"aioseo_notices":[],"_links":{"self":[{"href":"https:\/\/pelartlabbenelux.com\/fr\/wp-json\/wp\/v2\/product\/8129","targetHints":{"allow":["GET"]}}],"collection":[{"href":"https:\/\/pelartlabbenelux.com\/fr\/wp-json\/wp\/v2\/product"}],"about":[{"href":"https:\/\/pelartlabbenelux.com\/fr\/wp-json\/wp\/v2\/types\/product"}],"replies":[{"embeddable":true,"href":"https:\/\/pelartlabbenelux.com\/fr\/wp-json\/wp\/v2\/comments?post=8129"}],"version-history":[{"count":2,"href":"https:\/\/pelartlabbenelux.com\/fr\/wp-json\/wp\/v2\/product\/8129\/revisions"}],"predecessor-version":[{"id":8373,"href":"https:\/\/pelartlabbenelux.com\/fr\/wp-json\/wp\/v2\/product\/8129\/revisions\/8373"}],"wp:featuredmedia":[{"embeddable":true,"href":"https:\/\/pelartlabbenelux.com\/fr\/wp-json\/wp\/v2\/media\/8130"}],"wp:attachment":[{"href":"https:\/\/pelartlabbenelux.com\/fr\/wp-json\/wp\/v2\/media?parent=8129"}],"wp:term":[{"taxonomy":"product_brand","embeddable":true,"href":"https:\/\/pelartlabbenelux.com\/fr\/wp-json\/wp\/v2\/product_brand?post=8129"},{"taxonomy":"product_cat","embeddable":true,"href":"https:\/\/pelartlabbenelux.com\/fr\/wp-json\/wp\/v2\/product_cat?post=8129"},{"taxonomy":"product_tag","embeddable":true,"href":"https:\/\/pelartlabbenelux.com\/fr\/wp-json\/wp\/v2\/product_tag?post=8129"}],"curies":[{"name":"wp","href":"https:\/\/api.w.org\/{rel}","templated":true}]}}