{"id":8125,"date":"2026-01-28T16:08:02","date_gmt":"2026-01-28T16:08:02","guid":{"rendered":"https:\/\/pelartlabbenelux.com\/product\/cream-with-retinol-and-vitamin-c-trifolium-pretense-line-50-ml\/"},"modified":"2026-02-05T15:54:16","modified_gmt":"2026-02-05T15:54:16","slug":"cream-with-retinol-and-vitamin-c-trifolium-pretense-line-50-ml","status":"publish","type":"product","link":"https:\/\/pelartlabbenelux.com\/fr\/produit\/cream-with-retinol-and-vitamin-c-trifolium-pretense-line-50-ml\/","title":{"rendered":"Cr\u00e8me au R\u00e9tinol et \u00e0 la Vitamine C Trifolium Pretense Line, 50 ml"},"content":{"rendered":"<p>La cr\u00e8me au r\u00e9tinol et \u00e0 la vitamine C combine des actions r\u00e9g\u00e9n\u00e9rantes et hydratantes visant \u00e0 renouveler et \u00e0 renforcer la peau. Sa formule stimule le renouvellement cellulaire, am\u00e9liore la texture et le teint de la peau, et favorise la synth\u00e8se du collag\u00e8ne, de l\u2019\u00e9lastine et de l\u2019acide hyaluronique.<\/p>\n<p>Le r\u00e9tinol active les processus de renouvellement dans le derme, r\u00e9duit l&rsquo;\u00e9paisseur de la couche corn\u00e9e et augmente la densit\u00e9 cutan\u00e9e. La vitamine C assure une protection antioxydante, renforce les capillaires et d\u00e9fend la peau contre les radicaux libres. Un complexe d&rsquo;huiles et d&rsquo;extraits v\u00e9g\u00e9taux soutient la restauration de la peau, renforce sa fermet\u00e9 et am\u00e9liore l&rsquo;\u00e9tat g\u00e9n\u00e9ral de l&rsquo;\u00e9piderme.<\/p>\n<p><strong>Effets cl\u00e9s :<\/strong><br \/>\n\u2022 stimulation du renouvellement cellulaire \u2022 am\u00e9lioration de la texture et du teint de la peau \u2022 augmentation de la fermet\u00e9 et de la densit\u00e9 \u2022 protection antioxydante \u2022 restauration et nutrition de la peau<\/p>\n<p><strong>Mode d\u2019utilisation :<\/strong><br \/>\nAppliquer le soir sur la peau nettoy\u00e9e du visage, du cou et du d\u00e9collet\u00e9. Commencer par deux utilisations par semaine. Ajuster la fr\u00e9quence et la dur\u00e9e de la cure individuellement. Toujours utiliser une cr\u00e8me hydratante de jour avec SPF.<\/p>\n<p><strong>Ingr\u00e9dients :<\/strong><br \/>\nOils: Mango, Apricot Kernel, Grape Seed, D-Panthenol, Butterfly Pea Extract, Sodium Citrate, Sodium Ascorbyl Phosphate, Borage Oil, Soybean Oil, Carrot Extract, Beta-Carotene, Tocopherol Acetate, Caffeine, Squalane, Sea Buckthorn Oil, Allantoin, Retinol.<\/p>\n","protected":false},"excerpt":{"rendered":"<p>La cr\u00e8me au r\u00e9tinol et \u00e0 la vitamine C combine des actions r\u00e9g\u00e9n\u00e9rantes et hydratantes visant \u00e0 renouveler et \u00e0 renforcer la peau. Sa formule stimule le renouvellement cellulaire, am\u00e9liore la texture et le teint de la peau, et favorise la synth\u00e8se du collag\u00e8ne, de l\u2019\u00e9lastine et de l\u2019acide hyaluronique. Le r\u00e9tinol active les processus [&hellip;]<\/p>\n","protected":false},"featured_media":8126,"comment_status":"open","ping_status":"closed","template":"","meta":[],"product_brand":[64],"product_cat":[130],"product_tag":[],"class_list":{"0":"post-8125","1":"product","2":"type-product","3":"status-publish","4":"has-post-thumbnail","6":"product_brand-trifolium-pretense-line","7":"product_cat-trifolium-pretense-line-avec-bioflavonoides-issus-du-trefle-et-peptides","9":"first","10":"instock","11":"shipping-taxable","12":"purchasable","13":"product-type-simple"},"aioseo_notices":[],"_links":{"self":[{"href":"https:\/\/pelartlabbenelux.com\/fr\/wp-json\/wp\/v2\/product\/8125","targetHints":{"allow":["GET"]}}],"collection":[{"href":"https:\/\/pelartlabbenelux.com\/fr\/wp-json\/wp\/v2\/product"}],"about":[{"href":"https:\/\/pelartlabbenelux.com\/fr\/wp-json\/wp\/v2\/types\/product"}],"replies":[{"embeddable":true,"href":"https:\/\/pelartlabbenelux.com\/fr\/wp-json\/wp\/v2\/comments?post=8125"}],"version-history":[{"count":2,"href":"https:\/\/pelartlabbenelux.com\/fr\/wp-json\/wp\/v2\/product\/8125\/revisions"}],"predecessor-version":[{"id":8377,"href":"https:\/\/pelartlabbenelux.com\/fr\/wp-json\/wp\/v2\/product\/8125\/revisions\/8377"}],"wp:featuredmedia":[{"embeddable":true,"href":"https:\/\/pelartlabbenelux.com\/fr\/wp-json\/wp\/v2\/media\/8126"}],"wp:attachment":[{"href":"https:\/\/pelartlabbenelux.com\/fr\/wp-json\/wp\/v2\/media?parent=8125"}],"wp:term":[{"taxonomy":"product_brand","embeddable":true,"href":"https:\/\/pelartlabbenelux.com\/fr\/wp-json\/wp\/v2\/product_brand?post=8125"},{"taxonomy":"product_cat","embeddable":true,"href":"https:\/\/pelartlabbenelux.com\/fr\/wp-json\/wp\/v2\/product_cat?post=8125"},{"taxonomy":"product_tag","embeddable":true,"href":"https:\/\/pelartlabbenelux.com\/fr\/wp-json\/wp\/v2\/product_tag?post=8125"}],"curies":[{"name":"wp","href":"https:\/\/api.w.org\/{rel}","templated":true}]}}