{"id":8123,"date":"2026-01-28T16:08:02","date_gmt":"2026-01-28T16:08:02","guid":{"rendered":"https:\/\/pelartlabbenelux.com\/product\/regenerating-eye-cream-with-peptides-trifolium-pretense-line-100-ml\/"},"modified":"2026-02-05T16:04:24","modified_gmt":"2026-02-05T16:04:24","slug":"regenerating-eye-cream-with-peptides-trifolium-pretense-line-100-ml","status":"publish","type":"product","link":"https:\/\/pelartlabbenelux.com\/fr\/produit\/regenerating-eye-cream-with-peptides-trifolium-pretense-line-100-ml\/","title":{"rendered":"Cr\u00e8me r\u00e9g\u00e9n\u00e9rante pour les yeux aux peptides Trifolium Pretense Line, 100 ml"},"content":{"rendered":"<p>Cr\u00e8me r\u00e9g\u00e9n\u00e9rante pour les yeux avec un complexe de peptides, con\u00e7ue pour restaurer la structure de la peau et ralentir le vieillissement. Les peptides stimulent la synth\u00e8se du collag\u00e8ne et am\u00e9liorent la fermet\u00e9 ainsi que la densit\u00e9 cutan\u00e9e. Les actifs renforcent la microcirculation, r\u00e9duisent les poches et att\u00e9nuent l&rsquo;apparence des cernes.<\/p>\n<p>L&rsquo;escine renforce les parois vasculaires et r\u00e9duit les gonflements, la chrysine \u00e9claircit la zone sous les yeux, et l&rsquo;arginine-peptide (Argireline\u00ae) aide \u00e0 d\u00e9tendre les muscles du visage, lissant visuellement les rides. La cr\u00e8me procure une hydratation confortable et convient \u00e0 un soin quotidien.<\/p>\n<p><strong>Effets cl\u00e9s :<\/strong><br \/>\n\u2022 restaure et renforce la peau du contour des yeux \u2022 r\u00e9duit les cernes et les poches \u2022 augmente la fermet\u00e9 et la densit\u00e9 \u2022 lisse les rides d&rsquo;expression \u2022 apporte une hydratation intensive<\/p>\n<p><strong>Mode d\u2019utilisation :<\/strong><br \/>\nAppliquer une petite quantit\u00e9 sur la peau du contour des yeux par de l\u00e9gers mouvements de massage matin et soir.<\/p>\n<p><strong>Ingr\u00e9dients :<\/strong><br \/>\nKonjac Mannan, Oils: Jojoba, Wheat Germ, D-Panthenyl Triacetate, Palmitoyl Tripeptide-38, Chrysin, Palmitoyl Oligopeptide, Palmitoyl Tripeptide-7, Caffeine, Shea Butter, Amaranth Oil, Biosaccharide, Acetyl Hexapeptide-8, Sandalwood Essential Oil, Acetylated Hyaluronic Acid, Epigallocatechin Gallate, Epigallocatechin Gallate Glucoside, Methylisothiazolinone, Phenoxyethanol, Allantoin, Fragrant composition.<\/p>\n","protected":false},"excerpt":{"rendered":"<p>Cr\u00e8me r\u00e9g\u00e9n\u00e9rante pour les yeux avec un complexe de peptides, con\u00e7ue pour restaurer la structure de la peau et ralentir le vieillissement. Les peptides stimulent la synth\u00e8se du collag\u00e8ne et am\u00e9liorent la fermet\u00e9 ainsi que la densit\u00e9 cutan\u00e9e. Les actifs renforcent la microcirculation, r\u00e9duisent les poches et att\u00e9nuent l&rsquo;apparence des cernes. L&rsquo;escine renforce les parois [&hellip;]<\/p>\n","protected":false},"featured_media":8124,"comment_status":"open","ping_status":"closed","template":"","meta":[],"product_brand":[64],"product_cat":[130],"product_tag":[],"class_list":{"0":"post-8123","1":"product","2":"type-product","3":"status-publish","4":"has-post-thumbnail","6":"product_brand-trifolium-pretense-line","7":"product_cat-trifolium-pretense-line-avec-bioflavonoides-issus-du-trefle-et-peptides","9":"first","10":"instock","11":"shipping-taxable","12":"purchasable","13":"product-type-simple"},"aioseo_notices":[],"_links":{"self":[{"href":"https:\/\/pelartlabbenelux.com\/fr\/wp-json\/wp\/v2\/product\/8123","targetHints":{"allow":["GET"]}}],"collection":[{"href":"https:\/\/pelartlabbenelux.com\/fr\/wp-json\/wp\/v2\/product"}],"about":[{"href":"https:\/\/pelartlabbenelux.com\/fr\/wp-json\/wp\/v2\/types\/product"}],"replies":[{"embeddable":true,"href":"https:\/\/pelartlabbenelux.com\/fr\/wp-json\/wp\/v2\/comments?post=8123"}],"version-history":[{"count":2,"href":"https:\/\/pelartlabbenelux.com\/fr\/wp-json\/wp\/v2\/product\/8123\/revisions"}],"predecessor-version":[{"id":8379,"href":"https:\/\/pelartlabbenelux.com\/fr\/wp-json\/wp\/v2\/product\/8123\/revisions\/8379"}],"wp:featuredmedia":[{"embeddable":true,"href":"https:\/\/pelartlabbenelux.com\/fr\/wp-json\/wp\/v2\/media\/8124"}],"wp:attachment":[{"href":"https:\/\/pelartlabbenelux.com\/fr\/wp-json\/wp\/v2\/media?parent=8123"}],"wp:term":[{"taxonomy":"product_brand","embeddable":true,"href":"https:\/\/pelartlabbenelux.com\/fr\/wp-json\/wp\/v2\/product_brand?post=8123"},{"taxonomy":"product_cat","embeddable":true,"href":"https:\/\/pelartlabbenelux.com\/fr\/wp-json\/wp\/v2\/product_cat?post=8123"},{"taxonomy":"product_tag","embeddable":true,"href":"https:\/\/pelartlabbenelux.com\/fr\/wp-json\/wp\/v2\/product_tag?post=8123"}],"curies":[{"name":"wp","href":"https:\/\/api.w.org\/{rel}","templated":true}]}}