{"id":8121,"date":"2026-01-28T16:08:02","date_gmt":"2026-01-28T16:08:02","guid":{"rendered":"https:\/\/pelartlabbenelux.com\/product\/regenerating-eye-cream-with-peptides-trifolium-pretense-line-30-ml\/"},"modified":"2026-02-05T16:05:01","modified_gmt":"2026-02-05T16:05:01","slug":"regenerating-eye-cream-with-peptides-trifolium-pretense-line-30-ml","status":"publish","type":"product","link":"https:\/\/pelartlabbenelux.com\/fr\/produit\/regenerating-eye-cream-with-peptides-trifolium-pretense-line-30-ml\/","title":{"rendered":"Cr\u00e8me r\u00e9g\u00e9n\u00e9rante pour les yeux aux peptides Trifolium Pretense Line, 30 ml"},"content":{"rendered":"<p>Cr\u00e8me r\u00e9g\u00e9n\u00e9rante pour les yeux avec un complexe de peptides, con\u00e7ue pour restaurer la structure de la peau et r\u00e9duire l\u2019apparence des signes de l&rsquo;\u00e2ge. Les peptides stimulent la synth\u00e8se du collag\u00e8ne et am\u00e9liorent la fermet\u00e9 cutan\u00e9e, tandis que les oligopeptides et les huiles v\u00e9g\u00e9tales apportent une hydratation et un confort optimaux.<\/p>\n<p>L&rsquo;escine renforce les parois capillaires et r\u00e9duit les poches, la chrysine aide \u00e0 \u00e9claircir les cernes, et l&rsquo;Argireline\u00ae procure un effet relaxant musculaire doux, lissant visuellement les rides d&rsquo;expression. La cr\u00e8me am\u00e9liore la microcirculation et donne \u00e0 la peau un aspect plus frais et soign\u00e9.<\/p>\n<p><strong>Effets cl\u00e9s :<\/strong><br \/>\n\u2022 restaure et renforce la peau du contour des yeux \u2022 r\u00e9duit les cernes et les poches \u2022 augmente la fermet\u00e9 et la densit\u00e9 de la peau \u2022 lisse les rides d&rsquo;expression \u2022 apporte une hydratation intensive et du confort<\/p>\n<p><strong>Mode d\u2019utilisation :<\/strong><br \/>\nAppliquer une petite quantit\u00e9 sur la peau du contour des yeux par de l\u00e9gers mouvements de massage matin et soir.<\/p>\n<p><strong>Ingr\u00e9dients :<\/strong><br \/>\nKonjac Mannan, Oils: Jojoba, Wheat Germ, D-Panthenyl Triacetate, Palmitoyl Tripeptide-38, Chrysin, Palmitoyl Oligopeptide, Palmitoyl Tripeptide-7, Caffeine, Shea Butter, Amaranth Oil, Biosaccharide, Acetyl Hexapeptide-8, Sandalwood Essential Oil, Acetylated Hyaluronic Acid, Epigallocatechin Gallate, Epigallocatechin Gallate Glucoside, Methylisothiazolinone, Phenoxyethanol, Allantoin, Fragrant composition.<\/p>\n","protected":false},"excerpt":{"rendered":"<p>Cr\u00e8me r\u00e9g\u00e9n\u00e9rante pour les yeux avec un complexe de peptides, con\u00e7ue pour restaurer la structure de la peau et r\u00e9duire l\u2019apparence des signes de l&rsquo;\u00e2ge. Les peptides stimulent la synth\u00e8se du collag\u00e8ne et am\u00e9liorent la fermet\u00e9 cutan\u00e9e, tandis que les oligopeptides et les huiles v\u00e9g\u00e9tales apportent une hydratation et un confort optimaux. L&rsquo;escine renforce les [&hellip;]<\/p>\n","protected":false},"featured_media":8122,"comment_status":"open","ping_status":"closed","template":"","meta":[],"product_brand":[64],"product_cat":[130],"product_tag":[],"class_list":{"0":"post-8121","1":"product","2":"type-product","3":"status-publish","4":"has-post-thumbnail","6":"product_brand-trifolium-pretense-line","7":"product_cat-trifolium-pretense-line-avec-bioflavonoides-issus-du-trefle-et-peptides","9":"first","10":"instock","11":"shipping-taxable","12":"purchasable","13":"product-type-simple"},"aioseo_notices":[],"_links":{"self":[{"href":"https:\/\/pelartlabbenelux.com\/fr\/wp-json\/wp\/v2\/product\/8121","targetHints":{"allow":["GET"]}}],"collection":[{"href":"https:\/\/pelartlabbenelux.com\/fr\/wp-json\/wp\/v2\/product"}],"about":[{"href":"https:\/\/pelartlabbenelux.com\/fr\/wp-json\/wp\/v2\/types\/product"}],"replies":[{"embeddable":true,"href":"https:\/\/pelartlabbenelux.com\/fr\/wp-json\/wp\/v2\/comments?post=8121"}],"version-history":[{"count":2,"href":"https:\/\/pelartlabbenelux.com\/fr\/wp-json\/wp\/v2\/product\/8121\/revisions"}],"predecessor-version":[{"id":8381,"href":"https:\/\/pelartlabbenelux.com\/fr\/wp-json\/wp\/v2\/product\/8121\/revisions\/8381"}],"wp:featuredmedia":[{"embeddable":true,"href":"https:\/\/pelartlabbenelux.com\/fr\/wp-json\/wp\/v2\/media\/8122"}],"wp:attachment":[{"href":"https:\/\/pelartlabbenelux.com\/fr\/wp-json\/wp\/v2\/media?parent=8121"}],"wp:term":[{"taxonomy":"product_brand","embeddable":true,"href":"https:\/\/pelartlabbenelux.com\/fr\/wp-json\/wp\/v2\/product_brand?post=8121"},{"taxonomy":"product_cat","embeddable":true,"href":"https:\/\/pelartlabbenelux.com\/fr\/wp-json\/wp\/v2\/product_cat?post=8121"},{"taxonomy":"product_tag","embeddable":true,"href":"https:\/\/pelartlabbenelux.com\/fr\/wp-json\/wp\/v2\/product_tag?post=8121"}],"curies":[{"name":"wp","href":"https:\/\/api.w.org\/{rel}","templated":true}]}}