{"id":8119,"date":"2026-01-28T16:08:02","date_gmt":"2026-01-28T16:08:02","guid":{"rendered":"https:\/\/pelartlabbenelux.com\/product\/silkworm-silk-mask-trifolium-pretense-line-250-ml\/"},"modified":"2026-02-05T16:05:49","modified_gmt":"2026-02-05T16:05:49","slug":"silkworm-silk-mask-trifolium-pretense-line-250-ml","status":"publish","type":"product","link":"https:\/\/pelartlabbenelux.com\/fr\/produit\/silkworm-silk-mask-trifolium-pretense-line-250-ml\/","title":{"rendered":"Masque de Soie SILKWORM Trifolium Pretense Line, 250 ml"},"content":{"rendered":"<p>Le masque de soie \u00e0 la s\u00e9ricine est un produit polyvalent pour restaurer la fra\u00eecheur, la fermet\u00e9 et le confort de la peau. La s\u00e9ricine (une prot\u00e9ine d\u2019origine naturelle) et un complexe d\u2019acides amin\u00e9s hydratent intens\u00e9ment la peau, renforcent ses fonctions protectrices et am\u00e9liorent son \u00e9lasticit\u00e9.<\/p>\n<p>Le masque procure des effets antioxydants et lifting prononc\u00e9s, aidant \u00e0 r\u00e9duire la s\u00e9cheresse et les premiers signes de l\u2019\u00e2ge. L\u2019acide hyaluronique renforce l\u2019hydratation, l\u2019allanto\u00efne adoucit la peau et stimule son renouvellement, tandis que les polysaccharides naturels soutiennent la d\u00e9fense immunitaire cutan\u00e9e.<\/p>\n<p><strong>Effets cl\u00e9s :<\/strong><br \/>\n\u2022 hydratation et nutrition intensives \u2022 am\u00e9lioration de la fermet\u00e9 et de l\u2019\u00e9lasticit\u00e9 \u2022 effet lifting \u2022 r\u00e9duction de la s\u00e9cheresse et de l\u2019irritation \u2022 restauration et d\u00e9toxification<\/p>\n<p><strong>Mode d\u2019utilisation :<\/strong><br \/>\nAppliquer deux fois par semaine sur une peau nettoy\u00e9e et tonifi\u00e9e. Laisser agir 20 minutes, puis rincer \u00e0 l\u2019eau. Recommand\u00e9 en combinaison avec les s\u00e9rums 10052, 10053, 10054.<\/p>\n<p><strong>Ingr\u00e9dients :<\/strong><br \/>\nKaolin, Mulberry Silkworm Oil, Biosaccharide-4, Alpha-Glucan, Avocado Oil, Shea Butter, D-Panthenol, Biosaccharide-1, Titanium Dioxide, Dimethicone, Allantoin.<\/p>\n","protected":false},"excerpt":{"rendered":"<p>Le masque de soie \u00e0 la s\u00e9ricine est un produit polyvalent pour restaurer la fra\u00eecheur, la fermet\u00e9 et le confort de la peau. La s\u00e9ricine (une prot\u00e9ine d\u2019origine naturelle) et un complexe d\u2019acides amin\u00e9s hydratent intens\u00e9ment la peau, renforcent ses fonctions protectrices et am\u00e9liorent son \u00e9lasticit\u00e9. Le masque procure des effets antioxydants et lifting prononc\u00e9s, [&hellip;]<\/p>\n","protected":false},"featured_media":8120,"comment_status":"open","ping_status":"closed","template":"","meta":[],"product_brand":[64],"product_cat":[130],"product_tag":[],"class_list":{"0":"post-8119","1":"product","2":"type-product","3":"status-publish","4":"has-post-thumbnail","6":"product_brand-trifolium-pretense-line","7":"product_cat-trifolium-pretense-line-avec-bioflavonoides-issus-du-trefle-et-peptides","9":"first","10":"instock","11":"shipping-taxable","12":"purchasable","13":"product-type-simple"},"aioseo_notices":[],"_links":{"self":[{"href":"https:\/\/pelartlabbenelux.com\/fr\/wp-json\/wp\/v2\/product\/8119","targetHints":{"allow":["GET"]}}],"collection":[{"href":"https:\/\/pelartlabbenelux.com\/fr\/wp-json\/wp\/v2\/product"}],"about":[{"href":"https:\/\/pelartlabbenelux.com\/fr\/wp-json\/wp\/v2\/types\/product"}],"replies":[{"embeddable":true,"href":"https:\/\/pelartlabbenelux.com\/fr\/wp-json\/wp\/v2\/comments?post=8119"}],"version-history":[{"count":2,"href":"https:\/\/pelartlabbenelux.com\/fr\/wp-json\/wp\/v2\/product\/8119\/revisions"}],"predecessor-version":[{"id":8383,"href":"https:\/\/pelartlabbenelux.com\/fr\/wp-json\/wp\/v2\/product\/8119\/revisions\/8383"}],"wp:featuredmedia":[{"embeddable":true,"href":"https:\/\/pelartlabbenelux.com\/fr\/wp-json\/wp\/v2\/media\/8120"}],"wp:attachment":[{"href":"https:\/\/pelartlabbenelux.com\/fr\/wp-json\/wp\/v2\/media?parent=8119"}],"wp:term":[{"taxonomy":"product_brand","embeddable":true,"href":"https:\/\/pelartlabbenelux.com\/fr\/wp-json\/wp\/v2\/product_brand?post=8119"},{"taxonomy":"product_cat","embeddable":true,"href":"https:\/\/pelartlabbenelux.com\/fr\/wp-json\/wp\/v2\/product_cat?post=8119"},{"taxonomy":"product_tag","embeddable":true,"href":"https:\/\/pelartlabbenelux.com\/fr\/wp-json\/wp\/v2\/product_tag?post=8119"}],"curies":[{"name":"wp","href":"https:\/\/api.w.org\/{rel}","templated":true}]}}