{"id":8115,"date":"2026-01-28T16:08:02","date_gmt":"2026-01-28T16:08:02","guid":{"rendered":"https:\/\/pelartlabbenelux.com\/product\/perfect-shine-beauty-mask-with-fucogel-trifolium-pretense-line-50-ml\/"},"modified":"2026-02-05T16:22:04","modified_gmt":"2026-02-05T16:22:04","slug":"perfect-shine-beauty-mask-with-fucogel-trifolium-pretense-line-50-ml","status":"publish","type":"product","link":"https:\/\/pelartlabbenelux.com\/fr\/produit\/perfect-shine-beauty-mask-with-fucogel-trifolium-pretense-line-50-ml\/","title":{"rendered":"Masque de Beaut\u00e9 PERFECT SHINE avec fucogel Trifolium Pretense Line, 50 ml"},"content":{"rendered":"<p>Le masque de beaut\u00e9 PERFECT SHINE est con\u00e7u pour restaurer la structure de collag\u00e8ne de la peau et am\u00e9liorer les propri\u00e9t\u00e9s de la matrice intercellulaire. Il poss\u00e8de des effets r\u00e9g\u00e9n\u00e9rants et tonifiants, stimule le drainage lymphatique et soutient la synth\u00e8se des prot\u00e9ines cutan\u00e9es.<\/p>\n<p>Les polysaccharides de cassia et de mannane favorisent le renouvellement de la peau, augmentent sa fermet\u00e9 et lissent les premi\u00e8res rides. Le masque forme un film protecteur \u00e0 la surface de la peau, pr\u00e9venant la perte d\u2019humidit\u00e9 et prot\u00e9geant contre les agressions environnementales. Les biosaccharides et les composants v\u00e9g\u00e9taux assurent une hydratation intensive et laissent la peau \u00e9clatante et soign\u00e9e.<\/p>\n<p><strong>Effets cl\u00e9s :<\/strong><br \/>\n\u2022 renforce la structure de collag\u00e8ne \u2022 am\u00e9liore la fermet\u00e9 et la tonicit\u00e9 \u2022 lisse les premi\u00e8res rides \u2022 apporte une hydratation intensive \u2022 prot\u00e8ge contre la d\u00e9shydratation<\/p>\n<p><strong>Mode d\u2019utilisation :<\/strong><br \/>\nUtiliser deux fois par semaine apr\u00e8s le nettoyage et la tonification. Appliquer pendant 20 minutes, puis rincer \u00e0 l\u2019eau. Recommand\u00e9 en combinaison avec les s\u00e9rums 10052, 10053, 10054 ou les boosters actifs 10091.<\/p>\n<p><strong>Ingr\u00e9dients :<\/strong><br \/>\nKaolin, Konjac Mannan, D-Panthenol, Oils: Jojoba, Wheat Germ, Avocado, Shea Butter, Biosaccharide, Allantoin, Cassia Seed Polysaccharide.<\/p>\n","protected":false},"excerpt":{"rendered":"<p>Le masque de beaut\u00e9 PERFECT SHINE est con\u00e7u pour restaurer la structure de collag\u00e8ne de la peau et am\u00e9liorer les propri\u00e9t\u00e9s de la matrice intercellulaire. Il poss\u00e8de des effets r\u00e9g\u00e9n\u00e9rants et tonifiants, stimule le drainage lymphatique et soutient la synth\u00e8se des prot\u00e9ines cutan\u00e9es. Les polysaccharides de cassia et de mannane favorisent le renouvellement de la [&hellip;]<\/p>\n","protected":false},"featured_media":8116,"comment_status":"open","ping_status":"closed","template":"","meta":[],"product_brand":[64],"product_cat":[130],"product_tag":[],"class_list":{"0":"post-8115","1":"product","2":"type-product","3":"status-publish","4":"has-post-thumbnail","6":"product_brand-trifolium-pretense-line","7":"product_cat-trifolium-pretense-line-avec-bioflavonoides-issus-du-trefle-et-peptides","9":"first","10":"instock","11":"shipping-taxable","12":"purchasable","13":"product-type-simple"},"aioseo_notices":[],"_links":{"self":[{"href":"https:\/\/pelartlabbenelux.com\/fr\/wp-json\/wp\/v2\/product\/8115","targetHints":{"allow":["GET"]}}],"collection":[{"href":"https:\/\/pelartlabbenelux.com\/fr\/wp-json\/wp\/v2\/product"}],"about":[{"href":"https:\/\/pelartlabbenelux.com\/fr\/wp-json\/wp\/v2\/types\/product"}],"replies":[{"embeddable":true,"href":"https:\/\/pelartlabbenelux.com\/fr\/wp-json\/wp\/v2\/comments?post=8115"}],"version-history":[{"count":2,"href":"https:\/\/pelartlabbenelux.com\/fr\/wp-json\/wp\/v2\/product\/8115\/revisions"}],"predecessor-version":[{"id":8387,"href":"https:\/\/pelartlabbenelux.com\/fr\/wp-json\/wp\/v2\/product\/8115\/revisions\/8387"}],"wp:featuredmedia":[{"embeddable":true,"href":"https:\/\/pelartlabbenelux.com\/fr\/wp-json\/wp\/v2\/media\/8116"}],"wp:attachment":[{"href":"https:\/\/pelartlabbenelux.com\/fr\/wp-json\/wp\/v2\/media?parent=8115"}],"wp:term":[{"taxonomy":"product_brand","embeddable":true,"href":"https:\/\/pelartlabbenelux.com\/fr\/wp-json\/wp\/v2\/product_brand?post=8115"},{"taxonomy":"product_cat","embeddable":true,"href":"https:\/\/pelartlabbenelux.com\/fr\/wp-json\/wp\/v2\/product_cat?post=8115"},{"taxonomy":"product_tag","embeddable":true,"href":"https:\/\/pelartlabbenelux.com\/fr\/wp-json\/wp\/v2\/product_tag?post=8115"}],"curies":[{"name":"wp","href":"https:\/\/api.w.org\/{rel}","templated":true}]}}