{"id":8113,"date":"2026-01-28T16:08:02","date_gmt":"2026-01-28T16:08:02","guid":{"rendered":"https:\/\/pelartlabbenelux.com\/product\/moisturizing-cream-with-phytoestrogens-spf-15-trifolium-pretense-line-50-ml\/"},"modified":"2026-02-05T16:22:56","modified_gmt":"2026-02-05T16:22:56","slug":"moisturizing-cream-with-phytoestrogens-spf-15-trifolium-pretense-line-50-ml","status":"publish","type":"product","link":"https:\/\/pelartlabbenelux.com\/fr\/produit\/moisturizing-cream-with-phytoestrogens-spf-15-trifolium-pretense-line-50-ml\/","title":{"rendered":"Cr\u00e8me hydratante aux phytoestrog\u00e8nes SPF 15 Trifolium Pretense Line, 50 ml"},"content":{"rendered":"<p>La cr\u00e8me hydratante aux phytoestrog\u00e8nes est con\u00e7ue pour restaurer, nourrir et maintenir la jeunesse de la peau. Elle stimule la microcirculation, am\u00e9liore le tonus cutan\u00e9 et r\u00e9duit l\u2019apparence des inflammations. Les phytoestrog\u00e8nes favorisent la synth\u00e8se des prot\u00e9ines, soutiennent l\u2019int\u00e9grit\u00e9 du collag\u00e8ne et de l\u2019\u00e9lastine, aident \u00e0 la r\u00e9g\u00e9n\u00e9ration du tissu conjonctif et stimulent la production d\u2019acide hyaluronique.<\/p>\n<p>Les extraits de ginseng et de th\u00e9 vert am\u00e9liorent la circulation sanguine, oxyg\u00e8nent la peau, renforcent les parois des vaisseaux sanguins et apaisent les irritations. La cr\u00e8me augmente la densit\u00e9, l\u2019\u00e9lasticit\u00e9 et le lissage de la peau, offrant un soin complet et une protection contre le photo-vieillissement. Convient comme base de maquillage.<\/p>\n<p><strong>Effets cl\u00e9s :<\/strong><br \/>\n\u2022 hydratation intensive<br \/>\n\u2022 augmentation de la fermet\u00e9 et de la densit\u00e9 cutan\u00e9e<br \/>\n\u2022 soutien du collag\u00e8ne et de l\u2019\u00e9lastine \u2022 am\u00e9lioration du tonus et de la texture de la peau<br \/>\n\u2022 protection contre le photo-vieillissement (SPF 15)<\/p>\n<p><strong>Mode d\u2019utilisation :<\/strong><br \/>\nAppliquer le matin apr\u00e8s le nettoyage et la tonification. Recommand\u00e9e en combinaison avec les s\u00e9rums 10052, 10053, 10054, les toniques 10050, 10051 ou les boosters actifs 10091.<\/p>\n<p><strong>Ingr\u00e9dients :<\/strong><br \/>\nOils: Shea, Tamanu, Green Tea Extract, White Tea Extract, Ginseng Extract, Glycerin, Allantoin, Sodium Hyaluronate, Plant Phytoestrogens, D-Panthenol, Ethyl Panthenol, Niacinamide, Ascorbic Acid, Sodium Ascorbate.<\/p>\n","protected":false},"excerpt":{"rendered":"<p>La cr\u00e8me hydratante aux phytoestrog\u00e8nes est con\u00e7ue pour restaurer, nourrir et maintenir la jeunesse de la peau. Elle stimule la microcirculation, am\u00e9liore le tonus cutan\u00e9 et r\u00e9duit l\u2019apparence des inflammations. Les phytoestrog\u00e8nes favorisent la synth\u00e8se des prot\u00e9ines, soutiennent l\u2019int\u00e9grit\u00e9 du collag\u00e8ne et de l\u2019\u00e9lastine, aident \u00e0 la r\u00e9g\u00e9n\u00e9ration du tissu conjonctif et stimulent la production [&hellip;]<\/p>\n","protected":false},"featured_media":8114,"comment_status":"open","ping_status":"closed","template":"","meta":[],"product_brand":[64],"product_cat":[130],"product_tag":[],"class_list":{"0":"post-8113","1":"product","2":"type-product","3":"status-publish","4":"has-post-thumbnail","6":"product_brand-trifolium-pretense-line","7":"product_cat-trifolium-pretense-line-avec-bioflavonoides-issus-du-trefle-et-peptides","9":"first","10":"instock","11":"shipping-taxable","12":"purchasable","13":"product-type-simple"},"aioseo_notices":[],"_links":{"self":[{"href":"https:\/\/pelartlabbenelux.com\/fr\/wp-json\/wp\/v2\/product\/8113","targetHints":{"allow":["GET"]}}],"collection":[{"href":"https:\/\/pelartlabbenelux.com\/fr\/wp-json\/wp\/v2\/product"}],"about":[{"href":"https:\/\/pelartlabbenelux.com\/fr\/wp-json\/wp\/v2\/types\/product"}],"replies":[{"embeddable":true,"href":"https:\/\/pelartlabbenelux.com\/fr\/wp-json\/wp\/v2\/comments?post=8113"}],"version-history":[{"count":2,"href":"https:\/\/pelartlabbenelux.com\/fr\/wp-json\/wp\/v2\/product\/8113\/revisions"}],"predecessor-version":[{"id":8389,"href":"https:\/\/pelartlabbenelux.com\/fr\/wp-json\/wp\/v2\/product\/8113\/revisions\/8389"}],"wp:featuredmedia":[{"embeddable":true,"href":"https:\/\/pelartlabbenelux.com\/fr\/wp-json\/wp\/v2\/media\/8114"}],"wp:attachment":[{"href":"https:\/\/pelartlabbenelux.com\/fr\/wp-json\/wp\/v2\/media?parent=8113"}],"wp:term":[{"taxonomy":"product_brand","embeddable":true,"href":"https:\/\/pelartlabbenelux.com\/fr\/wp-json\/wp\/v2\/product_brand?post=8113"},{"taxonomy":"product_cat","embeddable":true,"href":"https:\/\/pelartlabbenelux.com\/fr\/wp-json\/wp\/v2\/product_cat?post=8113"},{"taxonomy":"product_tag","embeddable":true,"href":"https:\/\/pelartlabbenelux.com\/fr\/wp-json\/wp\/v2\/product_tag?post=8113"}],"curies":[{"name":"wp","href":"https:\/\/api.w.org\/{rel}","templated":true}]}}