{"id":8111,"date":"2026-01-28T16:08:02","date_gmt":"2026-01-28T16:08:02","guid":{"rendered":"https:\/\/pelartlabbenelux.com\/product\/reanimator-mask-trifolium-pretense-line-250-ml\/"},"modified":"2026-02-05T16:23:29","modified_gmt":"2026-02-05T16:23:29","slug":"reanimator-mask-trifolium-pretense-line-250-ml","status":"publish","type":"product","link":"https:\/\/pelartlabbenelux.com\/fr\/produit\/reanimator-mask-trifolium-pretense-line-250-ml\/","title":{"rendered":"Masque \u00ab Reanimator \u00bb Trifolium Pretense Line, 250 ml"},"content":{"rendered":"<p>Le masque \u00ab Reanimator \u00bb est con\u00e7u pour restaurer la peau apr\u00e8s des proc\u00e9dures cosm\u00e9tiques agressives et des traitements \u00e0 l&rsquo;acide. Il apaise rapidement la peau irrit\u00e9e, r\u00e9duit les sensations de br\u00fblure et d\u2019inconfort, procure une hydratation intensive et aide \u00e0 normaliser le pH.<\/p>\n<p>Un peptide neuror\u00e9gulateur supprime les m\u00e9diateurs de l\u2019inflammation, r\u00e9duisant ainsi l\u2019irritation et la s\u00e9v\u00e9rit\u00e9 des r\u00e9actions inflammatoires. Le masque favorise la r\u00e9g\u00e9n\u00e9ration \u00e9pidermique, unifie le microrelief cutan\u00e9 et prot\u00e8ge contre le stress oxydatif. L\u2019extrait d\u2019alo\u00e8s stimule la r\u00e9paration des zones endommag\u00e9es, acc\u00e9l\u00e8re le renouvellement cellulaire, adoucit et rafra\u00eechit la peau.<\/p>\n<p><strong>Effets cl\u00e9s :<\/strong><br \/>\n\u2022 action apaisante rapide \u2022 r\u00e9duit les br\u00fblures et les irritations \u2022 restaure le pH de la peau \u2022 favorise la r\u00e9g\u00e9n\u00e9ration et unifie le microrelief \u2022 prot\u00e8ge contre le stress oxydatif<\/p>\n<p><strong>Mode d\u2019utilisation :<\/strong><br \/>\nAppliquer en couche mince, laisser agir 20 \u00e0 30 minutes, puis rincer \u00e0 l&rsquo;eau fra\u00eeche. Compl\u00e9ter votre soin avec une cr\u00e8me SPF.<\/p>\n<p><strong>Ingr\u00e9dients :<\/strong><br \/>\nAqua (Water), Monostearate glycerin, Cetylstearyl alcohol, Polybutene, Isodecane, Butylene glycol, Titanium dioxide, Glycerin, Aloe vera extract, Palmitoyl tetrapeptide-8, D-panthenyl triacetate, Phenoxyethanol.<\/p>\n","protected":false},"excerpt":{"rendered":"<p>Le masque \u00ab Reanimator \u00bb est con\u00e7u pour restaurer la peau apr\u00e8s des proc\u00e9dures cosm\u00e9tiques agressives et des traitements \u00e0 l&rsquo;acide. Il apaise rapidement la peau irrit\u00e9e, r\u00e9duit les sensations de br\u00fblure et d\u2019inconfort, procure une hydratation intensive et aide \u00e0 normaliser le pH. Un peptide neuror\u00e9gulateur supprime les m\u00e9diateurs de l\u2019inflammation, r\u00e9duisant ainsi l\u2019irritation [&hellip;]<\/p>\n","protected":false},"featured_media":8112,"comment_status":"open","ping_status":"closed","template":"","meta":[],"product_brand":[64],"product_cat":[130],"product_tag":[],"class_list":{"0":"post-8111","1":"product","2":"type-product","3":"status-publish","4":"has-post-thumbnail","6":"product_brand-trifolium-pretense-line","7":"product_cat-trifolium-pretense-line-avec-bioflavonoides-issus-du-trefle-et-peptides","9":"first","10":"instock","11":"shipping-taxable","12":"purchasable","13":"product-type-simple"},"aioseo_notices":[],"_links":{"self":[{"href":"https:\/\/pelartlabbenelux.com\/fr\/wp-json\/wp\/v2\/product\/8111","targetHints":{"allow":["GET"]}}],"collection":[{"href":"https:\/\/pelartlabbenelux.com\/fr\/wp-json\/wp\/v2\/product"}],"about":[{"href":"https:\/\/pelartlabbenelux.com\/fr\/wp-json\/wp\/v2\/types\/product"}],"replies":[{"embeddable":true,"href":"https:\/\/pelartlabbenelux.com\/fr\/wp-json\/wp\/v2\/comments?post=8111"}],"version-history":[{"count":2,"href":"https:\/\/pelartlabbenelux.com\/fr\/wp-json\/wp\/v2\/product\/8111\/revisions"}],"predecessor-version":[{"id":8391,"href":"https:\/\/pelartlabbenelux.com\/fr\/wp-json\/wp\/v2\/product\/8111\/revisions\/8391"}],"wp:featuredmedia":[{"embeddable":true,"href":"https:\/\/pelartlabbenelux.com\/fr\/wp-json\/wp\/v2\/media\/8112"}],"wp:attachment":[{"href":"https:\/\/pelartlabbenelux.com\/fr\/wp-json\/wp\/v2\/media?parent=8111"}],"wp:term":[{"taxonomy":"product_brand","embeddable":true,"href":"https:\/\/pelartlabbenelux.com\/fr\/wp-json\/wp\/v2\/product_brand?post=8111"},{"taxonomy":"product_cat","embeddable":true,"href":"https:\/\/pelartlabbenelux.com\/fr\/wp-json\/wp\/v2\/product_cat?post=8111"},{"taxonomy":"product_tag","embeddable":true,"href":"https:\/\/pelartlabbenelux.com\/fr\/wp-json\/wp\/v2\/product_tag?post=8111"}],"curies":[{"name":"wp","href":"https:\/\/api.w.org\/{rel}","templated":true}]}}