{"id":8109,"date":"2026-01-28T16:08:02","date_gmt":"2026-01-28T16:08:02","guid":{"rendered":"https:\/\/pelartlabbenelux.com\/product\/recover-serum-trifolium-pretense-line-50-ml\/"},"modified":"2026-02-05T16:24:06","modified_gmt":"2026-02-05T16:24:06","slug":"recover-serum-trifolium-pretense-line-50-ml","status":"publish","type":"product","link":"https:\/\/pelartlabbenelux.com\/fr\/produit\/recover-serum-trifolium-pretense-line-50-ml\/","title":{"rendered":"S\u00e9rum de R\u00e9cup\u00e9ration Trifolium Pretense Line, 50 ml"},"content":{"rendered":"<p>Le s\u00e9rum restaurateur est con\u00e7u pour les peaux sensibles et irrit\u00e9es, sujettes aux r\u00e9actions inflammatoires. Le produit r\u00e9gule l&rsquo;irritation neurog\u00e8ne, maintient le seuil de sensibilit\u00e9 normal de la peau et r\u00e9duit la perm\u00e9abilit\u00e9 vasculaire.<\/p>\n<p>Sa formule supprime la production de m\u00e9diateurs inflammatoires, procure des effets anti-inflammatoires prononc\u00e9s, stimule la microcirculation et am\u00e9liore le drainage lymphatique. Le s\u00e9rum favorise la cicatrisation, acc\u00e9l\u00e8re le m\u00e9tabolisme cellulaire, poss\u00e8de des propri\u00e9t\u00e9s antibact\u00e9riennes et r\u00e9duit les d\u00e9mangeaisons ainsi que l&rsquo;irritation, restaurant ainsi le confort cutan\u00e9.<\/p>\n<p><strong>Effets cl\u00e9s :<\/strong><br \/>\n\u2022 r\u00e9duit l&rsquo;irritation et la sensibilit\u00e9 \u2022 apporte une action anti-inflammatoire et apaisante \u2022 am\u00e9liore la microcirculation et le drainage lymphatique \u2022 acc\u00e9l\u00e8re la cicatrisation et la r\u00e9g\u00e9n\u00e9ration \u2022 r\u00e9duit les d\u00e9mangeaisons et l&rsquo;inconfort<\/p>\n<p><strong>Mode d\u2019utilisation :<\/strong><br \/>\nAppliquer une petite quantit\u00e9 sur la peau nettoy\u00e9e du visage et du cou. Recommand\u00e9 pour une utilisation le soir avec une cr\u00e8me de nuit (art. 10057) et le matin avec une cr\u00e8me SPF (art. 10055, 10056, 10065).<\/p>\n<p><strong>Ingr\u00e9dients :<\/strong><br \/>\nDextrin, Tripeptide-8, Aloe vera, Arnica extract, Comfrey extract, Chamomile extract, Burdock extract, Butylene glycol, D-panthenol, Bisabolol, Chitosan, Allantoin, Hyaluronic acid.<\/p>\n","protected":false},"excerpt":{"rendered":"<p>Le s\u00e9rum restaurateur est con\u00e7u pour les peaux sensibles et irrit\u00e9es, sujettes aux r\u00e9actions inflammatoires. Le produit r\u00e9gule l&rsquo;irritation neurog\u00e8ne, maintient le seuil de sensibilit\u00e9 normal de la peau et r\u00e9duit la perm\u00e9abilit\u00e9 vasculaire. Sa formule supprime la production de m\u00e9diateurs inflammatoires, procure des effets anti-inflammatoires prononc\u00e9s, stimule la microcirculation et am\u00e9liore le drainage lymphatique. [&hellip;]<\/p>\n","protected":false},"featured_media":8110,"comment_status":"open","ping_status":"closed","template":"","meta":[],"product_brand":[64],"product_cat":[130],"product_tag":[],"class_list":{"0":"post-8109","1":"product","2":"type-product","3":"status-publish","4":"has-post-thumbnail","6":"product_brand-trifolium-pretense-line","7":"product_cat-trifolium-pretense-line-avec-bioflavonoides-issus-du-trefle-et-peptides","9":"first","10":"instock","11":"shipping-taxable","12":"purchasable","13":"product-type-simple"},"aioseo_notices":[],"_links":{"self":[{"href":"https:\/\/pelartlabbenelux.com\/fr\/wp-json\/wp\/v2\/product\/8109","targetHints":{"allow":["GET"]}}],"collection":[{"href":"https:\/\/pelartlabbenelux.com\/fr\/wp-json\/wp\/v2\/product"}],"about":[{"href":"https:\/\/pelartlabbenelux.com\/fr\/wp-json\/wp\/v2\/types\/product"}],"replies":[{"embeddable":true,"href":"https:\/\/pelartlabbenelux.com\/fr\/wp-json\/wp\/v2\/comments?post=8109"}],"version-history":[{"count":2,"href":"https:\/\/pelartlabbenelux.com\/fr\/wp-json\/wp\/v2\/product\/8109\/revisions"}],"predecessor-version":[{"id":8393,"href":"https:\/\/pelartlabbenelux.com\/fr\/wp-json\/wp\/v2\/product\/8109\/revisions\/8393"}],"wp:featuredmedia":[{"embeddable":true,"href":"https:\/\/pelartlabbenelux.com\/fr\/wp-json\/wp\/v2\/media\/8110"}],"wp:attachment":[{"href":"https:\/\/pelartlabbenelux.com\/fr\/wp-json\/wp\/v2\/media?parent=8109"}],"wp:term":[{"taxonomy":"product_brand","embeddable":true,"href":"https:\/\/pelartlabbenelux.com\/fr\/wp-json\/wp\/v2\/product_brand?post=8109"},{"taxonomy":"product_cat","embeddable":true,"href":"https:\/\/pelartlabbenelux.com\/fr\/wp-json\/wp\/v2\/product_cat?post=8109"},{"taxonomy":"product_tag","embeddable":true,"href":"https:\/\/pelartlabbenelux.com\/fr\/wp-json\/wp\/v2\/product_tag?post=8109"}],"curies":[{"name":"wp","href":"https:\/\/api.w.org\/{rel}","templated":true}]}}