{"id":8107,"date":"2026-01-28T16:08:02","date_gmt":"2026-01-28T16:08:02","guid":{"rendered":"https:\/\/pelartlabbenelux.com\/product\/collagen-matting-day-care-cream-spf-30-with-tint-trifolium-pretense-line-250-ml\/"},"modified":"2026-02-05T16:24:45","modified_gmt":"2026-02-05T16:24:45","slug":"collagen-matting-day-care-cream-spf-30-with-tint-trifolium-pretense-line-250-ml","status":"publish","type":"product","link":"https:\/\/pelartlabbenelux.com\/fr\/produit\/collagen-matting-day-care-cream-spf-30-with-tint-trifolium-pretense-line-250-ml\/","title":{"rendered":"Cr\u00e8me de jour matifiante au collag\u00e8ne SPF 30 avec teinte Trifolium Pretense Line, 250 ml"},"content":{"rendered":"<p>Cr\u00e8me de jour au collag\u00e8ne et SPF 30 assurant un soin complet et une protection de la peau tout au long de la journ\u00e9e. Sa formule restaure les \u00e9l\u00e9ments structurels de base de la peau, stimule la r\u00e9g\u00e9n\u00e9ration des cellules dermiques et \u00e9pidermiques, et am\u00e9liore la fermet\u00e9 ainsi que la tonicit\u00e9.<\/p>\n<p>Le collag\u00e8ne de bas poids mol\u00e9culaire et les oligosaccharides aident \u00e0 retenir l\u2019humidit\u00e9 et soutiennent la synth\u00e8se du collag\u00e8ne naturel. Le syst\u00e8me de filtres UVA\/UVB prot\u00e8ge la peau contre les photodommages et le vieillissement pr\u00e9matur\u00e9, tandis que le pigment teint\u00e9 unifie le teint et offre un fini mat naturel.<\/p>\n<p><strong>Effets cl\u00e9s :<\/strong><br \/>\n\u2022 protection contre les rayonnements UVA\/UVB (SPF 30)<br \/>\n\u2022 restauration et renforcement de la structure de la peau<br \/>\n\u2022 effet lifting et augmentation de la fermet\u00e9<br \/>\n\u2022 unification du teint et effet matifiant<br \/>\n\u2022 hydratation et confort tout au long de la journ\u00e9e<\/p>\n<p><strong>Mode d\u2019utilisation :<\/strong><br \/>\nLe matin, appliquer une petite quantit\u00e9 sur la peau nettoy\u00e9e du visage, du cou et du d\u00e9collet\u00e9. Convient comme base de maquillage.<\/p>\n<p><strong>Ingr\u00e9dients :<\/strong><br \/>\nUVA\/UVB filter complex, Pigment complex, Wheat Protein, Wheat Germ Oil, D-Panthenol, Glycerin, Mango Oil, Shea Butter, Biosaccharide, Caffeine, Squalane, Corn Starch, Low Molecular Weight Collagen, Allantoin, Hyaluronic Acid.<\/p>\n","protected":false},"excerpt":{"rendered":"<p>Cr\u00e8me de jour au collag\u00e8ne et SPF 30 assurant un soin complet et une protection de la peau tout au long de la journ\u00e9e. Sa formule restaure les \u00e9l\u00e9ments structurels de base de la peau, stimule la r\u00e9g\u00e9n\u00e9ration des cellules dermiques et \u00e9pidermiques, et am\u00e9liore la fermet\u00e9 ainsi que la tonicit\u00e9. Le collag\u00e8ne de bas [&hellip;]<\/p>\n","protected":false},"featured_media":8108,"comment_status":"open","ping_status":"closed","template":"","meta":[],"product_brand":[64],"product_cat":[130],"product_tag":[],"class_list":{"0":"post-8107","1":"product","2":"type-product","3":"status-publish","4":"has-post-thumbnail","6":"product_brand-trifolium-pretense-line","7":"product_cat-trifolium-pretense-line-avec-bioflavonoides-issus-du-trefle-et-peptides","9":"first","10":"instock","11":"shipping-taxable","12":"purchasable","13":"product-type-simple"},"aioseo_notices":[],"_links":{"self":[{"href":"https:\/\/pelartlabbenelux.com\/fr\/wp-json\/wp\/v2\/product\/8107","targetHints":{"allow":["GET"]}}],"collection":[{"href":"https:\/\/pelartlabbenelux.com\/fr\/wp-json\/wp\/v2\/product"}],"about":[{"href":"https:\/\/pelartlabbenelux.com\/fr\/wp-json\/wp\/v2\/types\/product"}],"replies":[{"embeddable":true,"href":"https:\/\/pelartlabbenelux.com\/fr\/wp-json\/wp\/v2\/comments?post=8107"}],"version-history":[{"count":2,"href":"https:\/\/pelartlabbenelux.com\/fr\/wp-json\/wp\/v2\/product\/8107\/revisions"}],"predecessor-version":[{"id":8395,"href":"https:\/\/pelartlabbenelux.com\/fr\/wp-json\/wp\/v2\/product\/8107\/revisions\/8395"}],"wp:featuredmedia":[{"embeddable":true,"href":"https:\/\/pelartlabbenelux.com\/fr\/wp-json\/wp\/v2\/media\/8108"}],"wp:attachment":[{"href":"https:\/\/pelartlabbenelux.com\/fr\/wp-json\/wp\/v2\/media?parent=8107"}],"wp:term":[{"taxonomy":"product_brand","embeddable":true,"href":"https:\/\/pelartlabbenelux.com\/fr\/wp-json\/wp\/v2\/product_brand?post=8107"},{"taxonomy":"product_cat","embeddable":true,"href":"https:\/\/pelartlabbenelux.com\/fr\/wp-json\/wp\/v2\/product_cat?post=8107"},{"taxonomy":"product_tag","embeddable":true,"href":"https:\/\/pelartlabbenelux.com\/fr\/wp-json\/wp\/v2\/product_tag?post=8107"}],"curies":[{"name":"wp","href":"https:\/\/api.w.org\/{rel}","templated":true}]}}