{"id":8103,"date":"2026-01-28T16:07:41","date_gmt":"2026-01-28T16:07:41","guid":{"rendered":"https:\/\/pelartlabbenelux.com\/product\/nourishing-body-cream-with-probiotic-nb-trifolium-pretense-line-200-ml\/"},"modified":"2026-02-05T15:45:34","modified_gmt":"2026-02-05T15:45:34","slug":"nourishing-body-cream-with-probiotic-nb-trifolium-pretense-line-200-ml","status":"publish","type":"product","link":"https:\/\/pelartlabbenelux.com\/fr\/produit\/nourishing-body-cream-with-probiotic-nb-trifolium-pretense-line-200-ml\/","title":{"rendered":"Cr\u00e8me nourrissante pour le corps avec probiotique NB Trifolium Pretense Line, 200 ml"},"content":{"rendered":"<p>La cr\u00e8me nourrissante pour le corps avec probiotique est con\u00e7ue pour restaurer, prot\u00e9ger et hydrater intens\u00e9ment la peau. Sa formule, bas\u00e9e sur les huiles d\u2019avocat, de karit\u00e9 et de chanvre, aide \u00e0 prot\u00e9ger la peau des agressions environnementales, am\u00e9liore l\u2019\u00e9lasticit\u00e9 et maintient un confort naturel.<\/p>\n<p>L\u2019huile d\u2019Inca Inchi \u2014 une source v\u00e9g\u00e9tale pr\u00e9cieuse d\u2019acides gras Om\u00e9ga-6 et Om\u00e9ga-3 \u2014 soutient la restauration de la barri\u00e8re lipidique et am\u00e9liore l\u2019\u00e9tat des peaux s\u00e8ches et sensibles. Le complexe probiotique Technobion renforce la fonction barri\u00e8re de la peau, soutient le microbiome naturel, r\u00e9duit la sensibilit\u00e9 aux inflammations et booste les propri\u00e9t\u00e9s protectrices cutan\u00e9es. La cr\u00e8me assure une hydratation longue dur\u00e9e et un confort jusqu\u2019\u00e0 24 heures.<\/p>\n<p><strong>Effets cl\u00e9s :<\/strong><br \/>\n\u2022 hydratation et nutrition intenses<br \/>\n\u2022 restauration et protection de la barri\u00e8re cutan\u00e9e<br \/>\n\u2022 soutien du microbiome de la peau<br \/>\n\u2022 am\u00e9lioration de l\u2019\u00e9lasticit\u00e9 et de la douceur<br \/>\n\u2022 r\u00e9duction de la sensibilit\u00e9 et de l\u2019inconfort<\/p>\n<p><strong>Mode d\u2019utilisation :<\/strong><br \/>\nAppliquer une petite quantit\u00e9 de cr\u00e8me sur la peau propre du corps par mouvements de massage jusqu\u2019\u00e0 absorption compl\u00e8te.<\/p>\n<p><strong>Ingr\u00e9dients :<\/strong><br \/>\nPurified Water, Cetearyl Glucoside, Cetyl Stearyl Alcohol, Avocado Oil, Caprylic\/Capric Triglyceride, Shea Butter, Glycerin, Hemp Oil, Sodium Stearoyl Glutamate, Inca-Inchi Oil, Tocopherol Acetate, Sodium Ascorbyl Phosphate, Probiotic Complex Technobion BL, Lactic Acid, Fragrant Composition, Sorbitan Caprylate, 1,2-Propanediol, Benzoic Acid.<\/p>\n","protected":false},"excerpt":{"rendered":"<p>La cr\u00e8me nourrissante pour le corps avec probiotique est con\u00e7ue pour restaurer, prot\u00e9ger et hydrater intens\u00e9ment la peau. Sa formule, bas\u00e9e sur les huiles d\u2019avocat, de karit\u00e9 et de chanvre, aide \u00e0 prot\u00e9ger la peau des agressions environnementales, am\u00e9liore l\u2019\u00e9lasticit\u00e9 et maintient un confort naturel. L\u2019huile d\u2019Inca Inchi \u2014 une source v\u00e9g\u00e9tale pr\u00e9cieuse d\u2019acides gras [&hellip;]<\/p>\n","protected":false},"featured_media":8104,"comment_status":"open","ping_status":"closed","template":"","meta":[],"product_brand":[62],"product_cat":[130],"product_tag":[],"class_list":{"0":"post-8103","1":"product","2":"type-product","3":"status-publish","4":"has-post-thumbnail","6":"product_brand-de-lys-blanc-line","7":"product_cat-trifolium-pretense-line-avec-bioflavonoides-issus-du-trefle-et-peptides","9":"first","10":"instock","11":"shipping-taxable","12":"purchasable","13":"product-type-simple"},"aioseo_notices":[],"_links":{"self":[{"href":"https:\/\/pelartlabbenelux.com\/fr\/wp-json\/wp\/v2\/product\/8103","targetHints":{"allow":["GET"]}}],"collection":[{"href":"https:\/\/pelartlabbenelux.com\/fr\/wp-json\/wp\/v2\/product"}],"about":[{"href":"https:\/\/pelartlabbenelux.com\/fr\/wp-json\/wp\/v2\/types\/product"}],"replies":[{"embeddable":true,"href":"https:\/\/pelartlabbenelux.com\/fr\/wp-json\/wp\/v2\/comments?post=8103"}],"version-history":[{"count":3,"href":"https:\/\/pelartlabbenelux.com\/fr\/wp-json\/wp\/v2\/product\/8103\/revisions"}],"predecessor-version":[{"id":8355,"href":"https:\/\/pelartlabbenelux.com\/fr\/wp-json\/wp\/v2\/product\/8103\/revisions\/8355"}],"wp:featuredmedia":[{"embeddable":true,"href":"https:\/\/pelartlabbenelux.com\/fr\/wp-json\/wp\/v2\/media\/8104"}],"wp:attachment":[{"href":"https:\/\/pelartlabbenelux.com\/fr\/wp-json\/wp\/v2\/media?parent=8103"}],"wp:term":[{"taxonomy":"product_brand","embeddable":true,"href":"https:\/\/pelartlabbenelux.com\/fr\/wp-json\/wp\/v2\/product_brand?post=8103"},{"taxonomy":"product_cat","embeddable":true,"href":"https:\/\/pelartlabbenelux.com\/fr\/wp-json\/wp\/v2\/product_cat?post=8103"},{"taxonomy":"product_tag","embeddable":true,"href":"https:\/\/pelartlabbenelux.com\/fr\/wp-json\/wp\/v2\/product_tag?post=8103"}],"curies":[{"name":"wp","href":"https:\/\/api.w.org\/{rel}","templated":true}]}}