{"id":8101,"date":"2026-01-28T16:07:41","date_gmt":"2026-01-28T16:07:41","guid":{"rendered":"https:\/\/pelartlabbenelux.com\/product\/hydro-filler-toner-trifolium-pretense-line-400-ml\/"},"modified":"2026-02-05T15:47:25","modified_gmt":"2026-02-05T15:47:25","slug":"hydro-filler-toner-trifolium-pretense-line-400-ml","status":"publish","type":"product","link":"https:\/\/pelartlabbenelux.com\/fr\/produit\/hydro-filler-toner-trifolium-pretense-line-400-ml\/","title":{"rendered":"Tonique Hydro-Filler Trifolium Pretense Line, 400 ml"},"content":{"rendered":"<p>Le tonique hydro-filler est con\u00e7u pour l&rsquo;hydratation intensive des peaux d\u00e9shydrat\u00e9es et sensibles de tout type. Sa formule agit \u00e0 la fois comme soin pr\u00e9ventif et correcteur des signes du photo-vieillissement et du chrono-stress, restaurant l\u2019\u00e9quilibre hydrique de la peau et am\u00e9liorant son \u00e9lasticit\u00e9. Convient \u00e0 la pr\u00e9paration de la peau ainsi qu\u2019\u00e0 la r\u00e9habilitation post-proc\u00e9dure apr\u00e8s des peelings chimiques ou des traitements au laser.<\/p>\n<p>L&rsquo;association du konjac mannane, de l&rsquo;acide hyaluronique de diff\u00e9rents poids mol\u00e9culaires et de l&rsquo;\u00e9lastine assure une hydratation multi-niveaux, aide \u00e0 retenir l&rsquo;eau dans les cellules et stimule l&rsquo;activit\u00e9 des k\u00e9ratinocytes. Le tonique apaise la peau, r\u00e9duit les sensations de tiraillement et renforce sa r\u00e9silience face aux agressions ext\u00e9rieures.<\/p>\n<p><strong>Effets cl\u00e9s :<\/strong><br \/>\n\u2022 hydratation intensive et prolong\u00e9e<br \/>\n\u2022 restauration de l\u2019\u00e9quilibre hydrique de la peau<br \/>\n\u2022 am\u00e9lioration de l\u2019\u00e9lasticit\u00e9 et de la fermet\u00e9<br \/>\n\u2022 r\u00e9duction des signes du photo-vieillissement et du stress<br \/>\n\u2022 pr\u00e9paration et r\u00e9habilitation de la peau apr\u00e8s proc\u00e9dures<\/p>\n<p><strong>Mode d\u2019utilisation :<\/strong><br \/>\nUtiliser deux fois par jour apr\u00e8s le nettoyage en appliquant sur la peau du visage, du cou et du d\u00e9collet\u00e9. Compl\u00e9ter votre soin avec une cr\u00e8me (art. 10055, 10056, 10057, 10065).<\/p>\n<p><strong>Ingr\u00e9dients :<\/strong><br \/>\nKonjac Mannan, Plant Glycerin, Low Molecular Weight Elastin, D-Panthenol, Plantolactone, Allantoin, Low Molecular Weight Hyaluronic Acid (100 kDa 0.2 mg\/ml) and High Molecular Weight Hyaluronic Acid (1000 kDa 0.2 mg\/ml).<\/p>\n","protected":false},"excerpt":{"rendered":"<p>Le tonique hydro-filler est con\u00e7u pour l&rsquo;hydratation intensive des peaux d\u00e9shydrat\u00e9es et sensibles de tout type. Sa formule agit \u00e0 la fois comme soin pr\u00e9ventif et correcteur des signes du photo-vieillissement et du chrono-stress, restaurant l\u2019\u00e9quilibre hydrique de la peau et am\u00e9liorant son \u00e9lasticit\u00e9. Convient \u00e0 la pr\u00e9paration de la peau ainsi qu\u2019\u00e0 la r\u00e9habilitation [&hellip;]<\/p>\n","protected":false},"featured_media":8102,"comment_status":"open","ping_status":"closed","template":"","meta":[],"product_brand":[64],"product_cat":[130],"product_tag":[],"class_list":{"0":"post-8101","1":"product","2":"type-product","3":"status-publish","4":"has-post-thumbnail","6":"product_brand-trifolium-pretense-line","7":"product_cat-trifolium-pretense-line-avec-bioflavonoides-issus-du-trefle-et-peptides","9":"first","10":"instock","11":"shipping-taxable","12":"purchasable","13":"product-type-simple"},"aioseo_notices":[],"_links":{"self":[{"href":"https:\/\/pelartlabbenelux.com\/fr\/wp-json\/wp\/v2\/product\/8101","targetHints":{"allow":["GET"]}}],"collection":[{"href":"https:\/\/pelartlabbenelux.com\/fr\/wp-json\/wp\/v2\/product"}],"about":[{"href":"https:\/\/pelartlabbenelux.com\/fr\/wp-json\/wp\/v2\/types\/product"}],"replies":[{"embeddable":true,"href":"https:\/\/pelartlabbenelux.com\/fr\/wp-json\/wp\/v2\/comments?post=8101"}],"version-history":[{"count":2,"href":"https:\/\/pelartlabbenelux.com\/fr\/wp-json\/wp\/v2\/product\/8101\/revisions"}],"predecessor-version":[{"id":8357,"href":"https:\/\/pelartlabbenelux.com\/fr\/wp-json\/wp\/v2\/product\/8101\/revisions\/8357"}],"wp:featuredmedia":[{"embeddable":true,"href":"https:\/\/pelartlabbenelux.com\/fr\/wp-json\/wp\/v2\/media\/8102"}],"wp:attachment":[{"href":"https:\/\/pelartlabbenelux.com\/fr\/wp-json\/wp\/v2\/media?parent=8101"}],"wp:term":[{"taxonomy":"product_brand","embeddable":true,"href":"https:\/\/pelartlabbenelux.com\/fr\/wp-json\/wp\/v2\/product_brand?post=8101"},{"taxonomy":"product_cat","embeddable":true,"href":"https:\/\/pelartlabbenelux.com\/fr\/wp-json\/wp\/v2\/product_cat?post=8101"},{"taxonomy":"product_tag","embeddable":true,"href":"https:\/\/pelartlabbenelux.com\/fr\/wp-json\/wp\/v2\/product_tag?post=8101"}],"curies":[{"name":"wp","href":"https:\/\/api.w.org\/{rel}","templated":true}]}}