{"id":8099,"date":"2026-01-28T16:07:41","date_gmt":"2026-01-28T16:07:41","guid":{"rendered":"https:\/\/pelartlabbenelux.com\/product\/hydro-filler-toner-trifolium-pretense-line-250-ml\/"},"modified":"2026-02-05T15:48:07","modified_gmt":"2026-02-05T15:48:07","slug":"hydro-filler-toner-trifolium-pretense-line-250-ml","status":"publish","type":"product","link":"https:\/\/pelartlabbenelux.com\/fr\/produit\/hydro-filler-toner-trifolium-pretense-line-250-ml\/","title":{"rendered":"Tonique Hydro-Filler Trifolium Pretense Line, 250 ml"},"content":{"rendered":"<div class=\"flex flex-col text-sm pb-25\">\n<article class=\"text-token-text-primary w-full focus:outline-none [--shadow-height:45px] has-data-writing-block:pointer-events-none has-data-writing-block:-mt-(--shadow-height) has-data-writing-block:pt-(--shadow-height) [&amp;:has([data-writing-block])&gt;*]:pointer-events-auto scroll-mt-[calc(var(--header-height)+min(200px,max(70px,20svh)))]\" dir=\"auto\" tabindex=\"-1\" data-turn-id=\"request-WEB:7c6a548f-d664-4308-a258-b1fe5a7d6fa9-120\" data-testid=\"conversation-turn-38\" data-scroll-anchor=\"true\" data-turn=\"assistant\">\n<div class=\"text-base my-auto mx-auto pb-10 [--thread-content-margin:--spacing(4)] @w-sm\/main:[--thread-content-margin:--spacing(6)] @w-lg\/main:[--thread-content-margin:--spacing(16)] px-(--thread-content-margin)\">\n<div class=\"[--thread-content-max-width:40rem] @w-lg\/main:[--thread-content-max-width:48rem] mx-auto max-w-(--thread-content-max-width) flex-1 group\/turn-messages focus-visible:outline-hidden relative flex w-full min-w-0 flex-col agent-turn\" tabindex=\"-1\">\n<div class=\"flex max-w-full flex-col grow\">\n<div class=\"min-h-8 text-message relative flex w-full flex-col items-end gap-2 text-start break-words whitespace-normal [.text-message+&amp;]:mt-1\" dir=\"auto\" data-message-author-role=\"assistant\" data-message-id=\"2167c2cf-0b51-4a8d-aab7-9924a9c7882f\" data-message-model-slug=\"gpt-5-mini\">\n<div class=\"flex w-full flex-col gap-1 empty:hidden first:pt-[1px]\">\n<div class=\"markdown prose dark:prose-invert w-full break-words light markdown-new-styling\">\n<p>Tonique hydro-filler pour l&rsquo;hydratation intensive des peaux d\u00e9shydrat\u00e9es et sensibles de tout type. Le produit aide \u00e0 restaurer l\u2019\u00e9quilibre hydrique de la peau, \u00e0 am\u00e9liorer son \u00e9lasticit\u00e9 et \u00e0 r\u00e9duire l\u2019apparence du photo-vieillissement et du chrono-stress. Convient \u00e0 la pr\u00e9paration et \u00e0 la r\u00e9cup\u00e9ration de la peau lors de peelings chimiques et de proc\u00e9dures au laser.<\/p>\n<p>La formule au konjac mannane, \u00e0 l\u2019acide hyaluronique de diff\u00e9rents poids mol\u00e9culaires et \u00e0 l\u2019\u00e9lastine assure une hydratation multi-niveaux, r\u00e9duit la sensation de tiraillement et soutient l\u2019\u00e9tat physiologique de la peau.<\/p>\n<p><strong>Effets cl\u00e9s :<\/strong><br \/>\n\u2022 hydratation intensive de la peau<br \/>\n\u2022 restauration de l\u2019\u00e9quilibre hydrique<br \/>\n\u2022 augmentation de la fermet\u00e9 et de l\u2019\u00e9lasticit\u00e9<br \/>\n\u2022 r\u00e9duction des signes de stress et du photo-vieillissement<br \/>\n\u2022 soutien cutan\u00e9 avant et apr\u00e8s les proc\u00e9dures<\/p>\n<p><strong>Mode d\u2019utilisation :<\/strong><br \/>\nUtiliser deux fois par jour apr\u00e8s le nettoyage en appliquant sur le visage, le cou et le d\u00e9collet\u00e9. Compl\u00e9ter votre soin avec une cr\u00e8me (art. 10055, 10056, 10057, 10065).<\/p>\n<p><strong>Ingr\u00e9dients :<\/strong><br \/>\nKonjac Mannan, Plant Glycerin, Low Molecular Weight Elastin, D-Panthenol, Plantolactone, Allantoin, Low Molecular Weight Hyaluronic Acid (100 kDa 0.2 mg\/ml) and High Molecular Weight Hyaluronic Acid (1000 kDa 0.2 mg\/ml).<\/p>\n<\/div>\n<\/div>\n<\/div>\n<\/div>\n<\/div>\n<\/div>\n<\/article>\n<\/div>\n","protected":false},"excerpt":{"rendered":"<p>Tonique hydro-filler pour l&rsquo;hydratation intensive des peaux d\u00e9shydrat\u00e9es et sensibles de tout type. Le produit aide \u00e0 restaurer l\u2019\u00e9quilibre hydrique de la peau, \u00e0 am\u00e9liorer son \u00e9lasticit\u00e9 et \u00e0 r\u00e9duire l\u2019apparence du photo-vieillissement et du chrono-stress. Convient \u00e0 la pr\u00e9paration et \u00e0 la r\u00e9cup\u00e9ration de la peau lors de peelings chimiques et de proc\u00e9dures au [&hellip;]<\/p>\n","protected":false},"featured_media":8100,"comment_status":"open","ping_status":"closed","template":"","meta":[],"product_brand":[64],"product_cat":[130],"product_tag":[],"class_list":{"0":"post-8099","1":"product","2":"type-product","3":"status-publish","4":"has-post-thumbnail","6":"product_brand-trifolium-pretense-line","7":"product_cat-trifolium-pretense-line-avec-bioflavonoides-issus-du-trefle-et-peptides","9":"first","10":"instock","11":"shipping-taxable","12":"purchasable","13":"product-type-simple"},"aioseo_notices":[],"_links":{"self":[{"href":"https:\/\/pelartlabbenelux.com\/fr\/wp-json\/wp\/v2\/product\/8099","targetHints":{"allow":["GET"]}}],"collection":[{"href":"https:\/\/pelartlabbenelux.com\/fr\/wp-json\/wp\/v2\/product"}],"about":[{"href":"https:\/\/pelartlabbenelux.com\/fr\/wp-json\/wp\/v2\/types\/product"}],"replies":[{"embeddable":true,"href":"https:\/\/pelartlabbenelux.com\/fr\/wp-json\/wp\/v2\/comments?post=8099"}],"version-history":[{"count":2,"href":"https:\/\/pelartlabbenelux.com\/fr\/wp-json\/wp\/v2\/product\/8099\/revisions"}],"predecessor-version":[{"id":8359,"href":"https:\/\/pelartlabbenelux.com\/fr\/wp-json\/wp\/v2\/product\/8099\/revisions\/8359"}],"wp:featuredmedia":[{"embeddable":true,"href":"https:\/\/pelartlabbenelux.com\/fr\/wp-json\/wp\/v2\/media\/8100"}],"wp:attachment":[{"href":"https:\/\/pelartlabbenelux.com\/fr\/wp-json\/wp\/v2\/media?parent=8099"}],"wp:term":[{"taxonomy":"product_brand","embeddable":true,"href":"https:\/\/pelartlabbenelux.com\/fr\/wp-json\/wp\/v2\/product_brand?post=8099"},{"taxonomy":"product_cat","embeddable":true,"href":"https:\/\/pelartlabbenelux.com\/fr\/wp-json\/wp\/v2\/product_cat?post=8099"},{"taxonomy":"product_tag","embeddable":true,"href":"https:\/\/pelartlabbenelux.com\/fr\/wp-json\/wp\/v2\/product_tag?post=8099"}],"curies":[{"name":"wp","href":"https:\/\/api.w.org\/{rel}","templated":true}]}}