{"id":8097,"date":"2026-01-28T16:07:41","date_gmt":"2026-01-28T16:07:41","guid":{"rendered":"https:\/\/pelartlabbenelux.com\/product\/matrixyl-peptide-serum-trifolium-pretense-line-30-ml\/"},"modified":"2026-02-05T15:49:07","modified_gmt":"2026-02-05T15:49:07","slug":"matrixyl-peptide-serum-trifolium-pretense-line-30-ml","status":"publish","type":"product","link":"https:\/\/pelartlabbenelux.com\/fr\/produit\/matrixyl-peptide-serum-trifolium-pretense-line-30-ml\/","title":{"rendered":"S\u00e9rum aux Peptides MATRIXYL Trifolium Pretense Line, 30 ml"},"content":{"rendered":"<p>S\u00e9rum aux peptides avec des effets anti-\u00e2ge prononc\u00e9s pour le visage, le cou et le d\u00e9collet\u00e9. Sa formule, bas\u00e9e sur des peptides de pointe, cible les m\u00e9canismes cl\u00e9s du vieillissement, augmentant la densit\u00e9 de la peau et sa r\u00e9silience face aux facteurs de stress externes.<\/p>\n<p>Le complexe MATRIXYL\u2122 Synthe stimule la synth\u00e8se du collag\u00e8ne de types I et III, de l\u2019acide hyaluronique et de la fibronectine. L\u2019ARGIRELINE\u00ae r\u00e9duit l\u2019activit\u00e9 des muscles du visage, lissant visuellement les rides et cr\u00e9ant un effet de relaxation \u00ab botox-like \u00bb. Le SYN\u00ae-COLL active l\u2019activit\u00e9 des fibroblastes, soutient la r\u00e9g\u00e9n\u00e9ration tissulaire et aide \u00e0 r\u00e9duire la profondeur des rides. L\u2019acide hyaluronique assure une hydratation compl\u00e9mentaire.<\/p>\n<p><strong>Effets cl\u00e9s :<\/strong><br \/>\n\u2022 stimulation de la synth\u00e8se du collag\u00e8ne<br \/>\n\u2022 r\u00e9duction de la profondeur et de l&rsquo;apparence des rides<br \/>\n\u2022 am\u00e9lioration de la fermet\u00e9 et de la densit\u00e9 cutan\u00e9e<br \/>\n\u2022 relaxation \u00ab botox-like \u00bb des rides d&rsquo;expression<br \/>\n\u2022 hydratation intensive et restauration<\/p>\n<p><strong>Mode d\u2019utilisation :<\/strong><br \/>\nUtiliser deux fois par jour sur la peau nettoy\u00e9e. Compl\u00e9ter votre soin avec une cr\u00e8me (art. 10055, 10056, 10057, 10060, 10061, 10065).<\/p>\n<p><strong>Ingr\u00e9dients :<\/strong><br \/>\nKonjac Mannan, D-Panthenol, Jojoba Oil, Wheat Germ Oil, Olive Oil, Palmitoyl Tripeptide-38, Acetyl Hexapeptide-8, Biosaccharide, Palmitoyl Tripeptide-5, Caffeine, Sandalwood Essential Oil, Allantoin, Acetylated Hyaluronic Acid, Low Molecular Weight Hyaluronic Acid (100 kDa 0.15 mg\/ml) and High Molecular Weight Hyaluronic Acid (1000 kDa 0.15 mg\/ml).<\/p>\n","protected":false},"excerpt":{"rendered":"<p>S\u00e9rum aux peptides avec des effets anti-\u00e2ge prononc\u00e9s pour le visage, le cou et le d\u00e9collet\u00e9. Sa formule, bas\u00e9e sur des peptides de pointe, cible les m\u00e9canismes cl\u00e9s du vieillissement, augmentant la densit\u00e9 de la peau et sa r\u00e9silience face aux facteurs de stress externes. Le complexe MATRIXYL\u2122 Synthe stimule la synth\u00e8se du collag\u00e8ne de [&hellip;]<\/p>\n","protected":false},"featured_media":8098,"comment_status":"open","ping_status":"closed","template":"","meta":[],"product_brand":[64],"product_cat":[130],"product_tag":[],"class_list":{"0":"post-8097","1":"product","2":"type-product","3":"status-publish","4":"has-post-thumbnail","6":"product_brand-trifolium-pretense-line","7":"product_cat-trifolium-pretense-line-avec-bioflavonoides-issus-du-trefle-et-peptides","9":"first","10":"instock","11":"shipping-taxable","12":"purchasable","13":"product-type-simple"},"aioseo_notices":[],"_links":{"self":[{"href":"https:\/\/pelartlabbenelux.com\/fr\/wp-json\/wp\/v2\/product\/8097","targetHints":{"allow":["GET"]}}],"collection":[{"href":"https:\/\/pelartlabbenelux.com\/fr\/wp-json\/wp\/v2\/product"}],"about":[{"href":"https:\/\/pelartlabbenelux.com\/fr\/wp-json\/wp\/v2\/types\/product"}],"replies":[{"embeddable":true,"href":"https:\/\/pelartlabbenelux.com\/fr\/wp-json\/wp\/v2\/comments?post=8097"}],"version-history":[{"count":2,"href":"https:\/\/pelartlabbenelux.com\/fr\/wp-json\/wp\/v2\/product\/8097\/revisions"}],"predecessor-version":[{"id":8361,"href":"https:\/\/pelartlabbenelux.com\/fr\/wp-json\/wp\/v2\/product\/8097\/revisions\/8361"}],"wp:featuredmedia":[{"embeddable":true,"href":"https:\/\/pelartlabbenelux.com\/fr\/wp-json\/wp\/v2\/media\/8098"}],"wp:attachment":[{"href":"https:\/\/pelartlabbenelux.com\/fr\/wp-json\/wp\/v2\/media?parent=8097"}],"wp:term":[{"taxonomy":"product_brand","embeddable":true,"href":"https:\/\/pelartlabbenelux.com\/fr\/wp-json\/wp\/v2\/product_brand?post=8097"},{"taxonomy":"product_cat","embeddable":true,"href":"https:\/\/pelartlabbenelux.com\/fr\/wp-json\/wp\/v2\/product_cat?post=8097"},{"taxonomy":"product_tag","embeddable":true,"href":"https:\/\/pelartlabbenelux.com\/fr\/wp-json\/wp\/v2\/product_tag?post=8097"}],"curies":[{"name":"wp","href":"https:\/\/api.w.org\/{rel}","templated":true}]}}