{"id":8095,"date":"2026-01-28T16:07:41","date_gmt":"2026-01-28T16:07:41","guid":{"rendered":"https:\/\/pelartlabbenelux.com\/product\/anti-age-booster-resurfacer-trifolium-pretense-line-30-ml\/"},"modified":"2026-02-05T15:49:46","modified_gmt":"2026-02-05T15:49:46","slug":"anti-age-booster-resurfacer-trifolium-pretense-line-30-ml","status":"publish","type":"product","link":"https:\/\/pelartlabbenelux.com\/fr\/produit\/anti-age-booster-resurfacer-trifolium-pretense-line-30-ml\/","title":{"rendered":"Booster-Resurfa\u00e7ant Anti-\u00c2ge Trifolium Pretense Line, 30 ml"},"content":{"rendered":"<p>Booster anti-\u00e2ge avec un effet lifting prononc\u00e9, visant \u00e0 am\u00e9liorer la fermet\u00e9 et l\u2019\u00e9lasticit\u00e9 de la peau. Sa formule active stimule les fonctions naturelles de la peau, am\u00e9liore sa texture et aide \u00e0 ralentir les processus de vieillissement pr\u00e9matur\u00e9.<\/p>\n<p>Le booster lifte visiblement la peau, r\u00e9duit le nombre et la profondeur des rides et pr\u00e9vient la formation de nouvelles. Il unifie le teint, \u00e9limine le teint terne et r\u00e9duit les signes de fatigue. Il poss\u00e8de \u00e9galement des propri\u00e9t\u00e9s antioxydantes, apaisantes et antimicrobiennes. Convient pour une utilisation en combinaison avec d\u2019autres produits de Pelart Laboratory.<\/p>\n<p><strong>Effets cl\u00e9s :<\/strong><br \/>\n\u2022 lifting et am\u00e9lioration de la fermet\u00e9 cutan\u00e9e<br \/>\n\u2022 r\u00e9duction de la profondeur et du nombre de rides<br \/>\n\u2022 teint unifi\u00e9 et am\u00e9lioration de la texture<br \/>\n\u2022 protection antioxydante<br \/>\n\u2022 pr\u00e9vention du vieillissement pr\u00e9matur\u00e9<\/p>\n<p><strong>Mode d\u2019utilisation :<\/strong><br \/>\nUtiliser matin et soir. Appliquer \u00e0 l&rsquo;\u00e9tape du s\u00e9rum ou ajouter quelques gouttes \u00e0 une cr\u00e8me. Compatible avec tous les produits de soin.<\/p>\n<p><strong>Ingr\u00e9dients :<\/strong><br \/>\nLecithin, Ferulic Acid, Lauridmonium Hydroxypropyl, Hydrolyzed Soy Protein, Hydroxyethyl Cellulose, Potassium Azeloyl Diglycinate, Sea Buckthorn Oil, Tocopherol, Glycerin, Golden Arum Flower Extract, Bakuchiol, S-DNA Aptamer-5, Ethylhexyl Palmitate, Triglyceryl Silicate, Caprylic\/Capric Triglyceride, Butylene Glycol, Cyclopentasiloxane, Cannabis Seed Oil, Retinol, Dimethiconol, Ubiquinone, Ascorbyl Tetra-isopalmitate, Plant Oil, Aqua (Water).<\/p>\n","protected":false},"excerpt":{"rendered":"<p>Booster anti-\u00e2ge avec un effet lifting prononc\u00e9, visant \u00e0 am\u00e9liorer la fermet\u00e9 et l\u2019\u00e9lasticit\u00e9 de la peau. Sa formule active stimule les fonctions naturelles de la peau, am\u00e9liore sa texture et aide \u00e0 ralentir les processus de vieillissement pr\u00e9matur\u00e9. Le booster lifte visiblement la peau, r\u00e9duit le nombre et la profondeur des rides et pr\u00e9vient [&hellip;]<\/p>\n","protected":false},"featured_media":8096,"comment_status":"open","ping_status":"closed","template":"","meta":[],"product_brand":[64],"product_cat":[130],"product_tag":[],"class_list":{"0":"post-8095","1":"product","2":"type-product","3":"status-publish","4":"has-post-thumbnail","6":"product_brand-trifolium-pretense-line","7":"product_cat-trifolium-pretense-line-avec-bioflavonoides-issus-du-trefle-et-peptides","9":"first","10":"instock","11":"shipping-taxable","12":"purchasable","13":"product-type-simple"},"aioseo_notices":[],"_links":{"self":[{"href":"https:\/\/pelartlabbenelux.com\/fr\/wp-json\/wp\/v2\/product\/8095","targetHints":{"allow":["GET"]}}],"collection":[{"href":"https:\/\/pelartlabbenelux.com\/fr\/wp-json\/wp\/v2\/product"}],"about":[{"href":"https:\/\/pelartlabbenelux.com\/fr\/wp-json\/wp\/v2\/types\/product"}],"replies":[{"embeddable":true,"href":"https:\/\/pelartlabbenelux.com\/fr\/wp-json\/wp\/v2\/comments?post=8095"}],"version-history":[{"count":2,"href":"https:\/\/pelartlabbenelux.com\/fr\/wp-json\/wp\/v2\/product\/8095\/revisions"}],"predecessor-version":[{"id":8363,"href":"https:\/\/pelartlabbenelux.com\/fr\/wp-json\/wp\/v2\/product\/8095\/revisions\/8363"}],"wp:featuredmedia":[{"embeddable":true,"href":"https:\/\/pelartlabbenelux.com\/fr\/wp-json\/wp\/v2\/media\/8096"}],"wp:attachment":[{"href":"https:\/\/pelartlabbenelux.com\/fr\/wp-json\/wp\/v2\/media?parent=8095"}],"wp:term":[{"taxonomy":"product_brand","embeddable":true,"href":"https:\/\/pelartlabbenelux.com\/fr\/wp-json\/wp\/v2\/product_brand?post=8095"},{"taxonomy":"product_cat","embeddable":true,"href":"https:\/\/pelartlabbenelux.com\/fr\/wp-json\/wp\/v2\/product_cat?post=8095"},{"taxonomy":"product_tag","embeddable":true,"href":"https:\/\/pelartlabbenelux.com\/fr\/wp-json\/wp\/v2\/product_tag?post=8095"}],"curies":[{"name":"wp","href":"https:\/\/api.w.org\/{rel}","templated":true}]}}