{"id":8093,"date":"2026-01-28T16:10:30","date_gmt":"2026-01-28T16:10:30","guid":{"rendered":"https:\/\/pelartlabbenelux.com\/product\/unisex-probio-toner-for-all-skin-types-unisex-probio-line-250-ml\/"},"modified":"2026-02-05T16:28:50","modified_gmt":"2026-02-05T16:28:50","slug":"unisex-probio-toner-for-all-skin-types-unisex-probio-line-250-ml","status":"publish","type":"product","link":"https:\/\/pelartlabbenelux.com\/fr\/produit\/unisex-probio-toner-for-all-skin-types-unisex-probio-line-250-ml\/","title":{"rendered":"Unisex Probio Toner pour tous types de peau, Unisex Probio Line, 250 ml"},"content":{"rendered":"<p>Tonique probiotique restaurateur pour le soin quotidien du visage, con\u00e7u pour soutenir l&rsquo;\u00e9quilibre d&rsquo;un microbiome sain et renforcer les fonctions protectrices de la peau. Convient \u00e0 tous les types de peau, y compris les peaux sensibles et sujettes aux inflammations, et s&rsquo;adapte aussi bien aux routines de soins f\u00e9minines que masculines.<\/p>\n<p>La formule du tonique aide \u00e0 restaurer l&rsquo;int\u00e9grit\u00e9 de la barri\u00e8re \u00e9pidermique, r\u00e9duit la perte d&rsquo;eau trans\u00e9pidermique et procure un effet apaisant prononc\u00e9. Un complexe probiotique, la niacinamide et des extraits v\u00e9g\u00e9taux aident \u00e0 minimiser l&rsquo;irritation, \u00e0 am\u00e9liorer l&rsquo;\u00e9tat g\u00e9n\u00e9ral de la peau et \u00e0 prot\u00e9ger les cellules cutan\u00e9es contre l&rsquo;impact n\u00e9gatif des agresseurs environnementaux.<\/p>\n<p>Recommand\u00e9 comme \u00e9tape essentielle apr\u00e8s le nettoyage pour pr\u00e9parer la peau \u00e0 l&rsquo;application de s\u00e9rums et de cr\u00e8mes, ainsi que pour une utilisation dans les programmes de soins professionnels.<\/p>\n<p><strong>Effets cl\u00e9s :<\/strong><br \/>\n\u2022 soutien de l&rsquo;\u00e9quilibre du microbiome cutan\u00e9<br \/>\n\u2022 restauration et renforcement de la barri\u00e8re \u00e9pidermique<br \/>\n\u2022 r\u00e9duction de l&rsquo;irritation et des rougeurs<br \/>\n\u2022 hydratation profonde et am\u00e9lioration du confort cutan\u00e9<br \/>\n\u2022 protection antioxydante et pr\u00e9vention du vieillissement pr\u00e9matur\u00e9<\/p>\n<p><strong>Mode d\u2019utilisation :<\/strong><br \/>\nImbiber un coton de tonique et essuyer d\u00e9licatement le visage selon les lignes de massage. Utiliser quotidiennement matin et soir apr\u00e8s l&rsquo;\u00e9tape du nettoyage. Convient \u00e0 un usage r\u00e9gulier.<\/p>\n<p><strong>Ingr\u00e9dients :<\/strong><br \/>\nAqua (Water), Niacinamide, Chamomile Extract, Glycerin, D-Panthenol, Trehalose, Urea, Serine, Pentylene Glycol, Glycerol Polyacrylate, Algin, Caprylyl Glycol, Sodium Hyaluronate, Pullulan, Sodium Phosphate, Potassium Phosphate, Yeast Hydrolysate, Bioconverted by Lactobacillus strain, Butylene Glycol, Oat Protein Hydrolysate, Adenosine Triphosphate, Pentylene Glycol, Mannitol, Sodium Citrate, Acetyl Tetrapeptide-15, Soy Extract, Bioconverted by Lactobacillus plantarum, Caprylyl Glycol, Polysorbate-20, Moringa Oleifera Extract, Phenoxyethanol, Methylparaben, Propylparaben, Fragrance Composition<\/p>\n","protected":false},"excerpt":{"rendered":"<p>Tonique probiotique restaurateur pour le soin quotidien du visage, con\u00e7u pour soutenir l&rsquo;\u00e9quilibre d&rsquo;un microbiome sain et renforcer les fonctions protectrices de la peau. Convient \u00e0 tous les types de peau, y compris les peaux sensibles et sujettes aux inflammations, et s&rsquo;adapte aussi bien aux routines de soins f\u00e9minines que masculines. La formule du tonique [&hellip;]<\/p>\n","protected":false},"featured_media":8094,"comment_status":"open","ping_status":"closed","template":"","meta":[],"product_brand":[88],"product_cat":[129],"product_tag":[],"class_list":{"0":"post-8093","1":"product","2":"type-product","3":"status-publish","4":"has-post-thumbnail","6":"product_brand-unisex-probio-line","7":"product_cat-unisex-probio-gamme-avec-probiotiques-pour-hommes-et-femmes","9":"first","10":"instock","11":"shipping-taxable","12":"purchasable","13":"product-type-simple"},"aioseo_notices":[],"_links":{"self":[{"href":"https:\/\/pelartlabbenelux.com\/fr\/wp-json\/wp\/v2\/product\/8093","targetHints":{"allow":["GET"]}}],"collection":[{"href":"https:\/\/pelartlabbenelux.com\/fr\/wp-json\/wp\/v2\/product"}],"about":[{"href":"https:\/\/pelartlabbenelux.com\/fr\/wp-json\/wp\/v2\/types\/product"}],"replies":[{"embeddable":true,"href":"https:\/\/pelartlabbenelux.com\/fr\/wp-json\/wp\/v2\/comments?post=8093"}],"version-history":[{"count":2,"href":"https:\/\/pelartlabbenelux.com\/fr\/wp-json\/wp\/v2\/product\/8093\/revisions"}],"predecessor-version":[{"id":8400,"href":"https:\/\/pelartlabbenelux.com\/fr\/wp-json\/wp\/v2\/product\/8093\/revisions\/8400"}],"wp:featuredmedia":[{"embeddable":true,"href":"https:\/\/pelartlabbenelux.com\/fr\/wp-json\/wp\/v2\/media\/8094"}],"wp:attachment":[{"href":"https:\/\/pelartlabbenelux.com\/fr\/wp-json\/wp\/v2\/media?parent=8093"}],"wp:term":[{"taxonomy":"product_brand","embeddable":true,"href":"https:\/\/pelartlabbenelux.com\/fr\/wp-json\/wp\/v2\/product_brand?post=8093"},{"taxonomy":"product_cat","embeddable":true,"href":"https:\/\/pelartlabbenelux.com\/fr\/wp-json\/wp\/v2\/product_cat?post=8093"},{"taxonomy":"product_tag","embeddable":true,"href":"https:\/\/pelartlabbenelux.com\/fr\/wp-json\/wp\/v2\/product_tag?post=8093"}],"curies":[{"name":"wp","href":"https:\/\/api.w.org\/{rel}","templated":true}]}}