{"id":8091,"date":"2026-01-28T16:10:30","date_gmt":"2026-01-28T16:10:30","guid":{"rendered":"https:\/\/pelartlabbenelux.com\/product\/unisex-face-polish-scrub-for-all-skin-types-unisex-probio-line-100-ml\/"},"modified":"2026-02-05T16:29:39","modified_gmt":"2026-02-05T16:29:39","slug":"unisex-face-polish-scrub-for-all-skin-types-unisex-probio-line-100-ml","status":"publish","type":"product","link":"https:\/\/pelartlabbenelux.com\/fr\/produit\/unisex-face-polish-scrub-for-all-skin-types-unisex-probio-line-100-ml\/","title":{"rendered":"Gommage Visage \u00ab Polish \u00bb Unisexe pour tous types de peau, Unisex Probio Line, 100 ml"},"content":{"rendered":"<p>Gommage enzymatique pour le visage avec une approche probiotique du nettoyage, con\u00e7u pour un renouvellement profond mais d\u00e9licat de l&rsquo;\u00e9piderme. Convient \u00e0 tous les types de peau, aussi bien pour les hommes que pour les femmes, ainsi qu&rsquo;aux peaux pr\u00e9sentant une texture irr\u00e9guli\u00e8re ou des marques post-acn\u00e9.<\/p>\n<p>Sa formule, bas\u00e9e sur des enzymes v\u00e9g\u00e9tales prot\u00e9olytiques (papa\u00efne, brom\u00e9la\u00efne, prot\u00e9ase), procure un effet k\u00e9ratolytic prononc\u00e9, favorise l&rsquo;\u00e9limination des cellules mortes, le nettoyage des pores et le lissage du grain de peau. Le gommage stimule le renouvellement cellulaire, aide \u00e0 r\u00e9duire l&rsquo;apparence des rides, \u00e0 \u00e9claircir les taches pigmentaires et \u00e0 am\u00e9liorer l&rsquo;aspect g\u00e9n\u00e9ral du teint.<\/p>\n<p>Le complexe d&rsquo;huiles et les composants \u00e9mollients pr\u00e9viennent le dess\u00e8chement de la peau, la maintenant lisse, douce et soign\u00e9e apr\u00e8s le soin.<\/p>\n<p><strong>Effets cl\u00e9s :<\/strong><br \/>\n\u2022 nettoyage en profondeur et exfoliation enzymatique \u2022 lissage de la texture et uniformisation du teint \u2022 r\u00e9duction des points noirs et des pores dilat\u00e9s \u2022 stimulation du renouvellement cutan\u00e9 \u2022 augmentation de la douceur et du lissage de la peau<\/p>\n<p><strong>Mode d\u2019utilisation :<\/strong><br \/>\nAppliquer une petite quantit\u00e9 de gommage sur la peau du visage humide, en \u00e9vitant le contour des yeux. Masser d\u00e9licatement pendant 1 minute, puis rincer abondamment \u00e0 l&rsquo;eau. Utiliser 1 \u00e0 2 fois par semaine selon le type de peau.<\/p>\n<p><strong>Ingr\u00e9dients :<\/strong><br \/>\nAqua (Water), Olive Oil, Cellulose, Glyceryl Stearate, Ceteareth-20, Ceteareth-12, Cetearyl Alcohol, Cetyl Palmitate, Caprylic\/Capric Triglyceride, Cyclopentasiloxane, Wheat Germ Oil, Shea Butter, Papain, Carbomer, 1,2-Hexanediol, Caprylyl Glycol, Algin, Sodium Polyacrylate, Phenoxyethanol, Xanthan Gum, Limonene, Methylparaben, Propylparaben, Bromelain, Protease, Pentarythritol Tetra-di-t-butyl Hydroxyhydrocinnamate, Fragrance Composition.<\/p>\n","protected":false},"excerpt":{"rendered":"<p>Gommage enzymatique pour le visage avec une approche probiotique du nettoyage, con\u00e7u pour un renouvellement profond mais d\u00e9licat de l&rsquo;\u00e9piderme. Convient \u00e0 tous les types de peau, aussi bien pour les hommes que pour les femmes, ainsi qu&rsquo;aux peaux pr\u00e9sentant une texture irr\u00e9guli\u00e8re ou des marques post-acn\u00e9. Sa formule, bas\u00e9e sur des enzymes v\u00e9g\u00e9tales prot\u00e9olytiques [&hellip;]<\/p>\n","protected":false},"featured_media":8092,"comment_status":"open","ping_status":"closed","template":"","meta":[],"product_brand":[88],"product_cat":[129],"product_tag":[],"class_list":{"0":"post-8091","1":"product","2":"type-product","3":"status-publish","4":"has-post-thumbnail","6":"product_brand-unisex-probio-line","7":"product_cat-unisex-probio-gamme-avec-probiotiques-pour-hommes-et-femmes","9":"first","10":"instock","11":"shipping-taxable","12":"purchasable","13":"product-type-simple"},"aioseo_notices":[],"_links":{"self":[{"href":"https:\/\/pelartlabbenelux.com\/fr\/wp-json\/wp\/v2\/product\/8091","targetHints":{"allow":["GET"]}}],"collection":[{"href":"https:\/\/pelartlabbenelux.com\/fr\/wp-json\/wp\/v2\/product"}],"about":[{"href":"https:\/\/pelartlabbenelux.com\/fr\/wp-json\/wp\/v2\/types\/product"}],"replies":[{"embeddable":true,"href":"https:\/\/pelartlabbenelux.com\/fr\/wp-json\/wp\/v2\/comments?post=8091"}],"version-history":[{"count":2,"href":"https:\/\/pelartlabbenelux.com\/fr\/wp-json\/wp\/v2\/product\/8091\/revisions"}],"predecessor-version":[{"id":8402,"href":"https:\/\/pelartlabbenelux.com\/fr\/wp-json\/wp\/v2\/product\/8091\/revisions\/8402"}],"wp:featuredmedia":[{"embeddable":true,"href":"https:\/\/pelartlabbenelux.com\/fr\/wp-json\/wp\/v2\/media\/8092"}],"wp:attachment":[{"href":"https:\/\/pelartlabbenelux.com\/fr\/wp-json\/wp\/v2\/media?parent=8091"}],"wp:term":[{"taxonomy":"product_brand","embeddable":true,"href":"https:\/\/pelartlabbenelux.com\/fr\/wp-json\/wp\/v2\/product_brand?post=8091"},{"taxonomy":"product_cat","embeddable":true,"href":"https:\/\/pelartlabbenelux.com\/fr\/wp-json\/wp\/v2\/product_cat?post=8091"},{"taxonomy":"product_tag","embeddable":true,"href":"https:\/\/pelartlabbenelux.com\/fr\/wp-json\/wp\/v2\/product_tag?post=8091"}],"curies":[{"name":"wp","href":"https:\/\/api.w.org\/{rel}","templated":true}]}}