{"id":8089,"date":"2026-01-28T16:10:30","date_gmt":"2026-01-28T16:10:30","guid":{"rendered":"https:\/\/pelartlabbenelux.com\/product\/unisex-probio-balance-eye-serum-unisex-probio-line-30-ml\/"},"modified":"2026-02-05T16:31:31","modified_gmt":"2026-02-05T16:31:31","slug":"unisex-probio-balance-eye-serum-unisex-probio-line-30-ml","status":"publish","type":"product","link":"https:\/\/pelartlabbenelux.com\/fr\/produit\/unisex-probio-balance-eye-serum-unisex-probio-line-30-ml\/","title":{"rendered":"S\u00e9rum Yeux \u00ab Probio-Balance \u00bb Unisexe, Unisex Probio Line, 30 ml"},"content":{"rendered":"<p>S\u00e9rum professionnel pour le contour des yeux avec un complexe probiotique, con\u00e7u pour une restauration progressive de la peau et le maintien de son \u00e9quilibre physiologique. Sa formule est d\u00e9velopp\u00e9e pour un usage quotidien et convient aussi bien \u00e0 la peau des femmes qu\u2019\u00e0 celle des hommes.<\/p>\n<p>Le s\u00e9rum soutient un microbiome cutan\u00e9 sain, renforce la barri\u00e8re \u00e9pidermique et les parois vasculaires, aidant ainsi \u00e0 r\u00e9duire l&rsquo;apparence des cernes et des signes de fatigue. Les composants actifs aident \u00e0 neutraliser l&rsquo;h\u00e8me libre, pr\u00e9viennent le photo-vieillissement et favorisent l&rsquo;augmentation de la densit\u00e9 et de l&rsquo;\u00e9lasticit\u00e9 de la peau dans la zone p\u00e9riorbitaire.<\/p>\n<p>Sa texture l\u00e9g\u00e8re p\u00e9n\u00e8tre rapidement, procure une hydratation intensive et laisse la peau lisse, fra\u00eeche et visiblement plus repos\u00e9e. Ce s\u00e9rum pr\u00e9pare parfaitement la peau \u00e0 l&rsquo;application ult\u00e9rieure d&rsquo;une cr\u00e8me pour les yeux.<\/p>\n<p><strong>Effets cl\u00e9s :<\/strong><br \/>\n\u2022 restauration du microbiome cutan\u00e9 autour des yeux<br \/>\n\u2022 r\u00e9duction des cernes et des signes de fatigue<br \/>\n\u2022 renforcement des vaisseaux sanguins et de la barri\u00e8re \u00e9pidermique<br \/>\n\u2022 hydratation et am\u00e9lioration de la fermet\u00e9 de la peau<br \/>\n\u2022 pr\u00e9vention du photo-vieillissement<\/p>\n<p><strong>Mode d\u2019utilisation :<\/strong><br \/>\nAppliquer le s\u00e9rum matin et soir sur la peau nettoy\u00e9e du contour des yeux par de l\u00e9gers tapotements. Apr\u00e8s absorption, il est recommand\u00e9 d&rsquo;appliquer une cr\u00e8me pour les yeux.<\/p>\n<p><strong>Ingr\u00e9dients :<\/strong><br \/>\nAqua (Water), Isopentyldiol, Decaprylyl Carbonate, Hydroxyethyl Acrylate\/Sodium Acrylate\/Dimetheyl Taurate Copolymer, Fucus Extract, Hexylene Glycol, Caprylyl Glycol, Xanthan Gum, Soy Extract, Bioconverted by Lactobacillus plantarum strain, Pentylene Glycol, Caprylyl Glycol, Yeast Hydrolysate, Bioconverted by Lactobacillus strain, Butylene Glycol, Caffeine, Soy Protein Hydrolysate, Extracts: Chestnut, Moringa Oleifera Extract, Glycerin, Epigallocatechin Gallate Glucoside, Phenoxyethanol, Methylparaben, Propylparaben, Fragrance Composition.<\/p>\n","protected":false},"excerpt":{"rendered":"<p>S\u00e9rum professionnel pour le contour des yeux avec un complexe probiotique, con\u00e7u pour une restauration progressive de la peau et le maintien de son \u00e9quilibre physiologique. Sa formule est d\u00e9velopp\u00e9e pour un usage quotidien et convient aussi bien \u00e0 la peau des femmes qu\u2019\u00e0 celle des hommes. Le s\u00e9rum soutient un microbiome cutan\u00e9 sain, renforce [&hellip;]<\/p>\n","protected":false},"featured_media":8090,"comment_status":"open","ping_status":"closed","template":"","meta":[],"product_brand":[88],"product_cat":[129],"product_tag":[],"class_list":{"0":"post-8089","1":"product","2":"type-product","3":"status-publish","4":"has-post-thumbnail","6":"product_brand-unisex-probio-line","7":"product_cat-unisex-probio-gamme-avec-probiotiques-pour-hommes-et-femmes","9":"first","10":"instock","11":"shipping-taxable","12":"purchasable","13":"product-type-simple"},"aioseo_notices":[],"_links":{"self":[{"href":"https:\/\/pelartlabbenelux.com\/fr\/wp-json\/wp\/v2\/product\/8089","targetHints":{"allow":["GET"]}}],"collection":[{"href":"https:\/\/pelartlabbenelux.com\/fr\/wp-json\/wp\/v2\/product"}],"about":[{"href":"https:\/\/pelartlabbenelux.com\/fr\/wp-json\/wp\/v2\/types\/product"}],"replies":[{"embeddable":true,"href":"https:\/\/pelartlabbenelux.com\/fr\/wp-json\/wp\/v2\/comments?post=8089"}],"version-history":[{"count":2,"href":"https:\/\/pelartlabbenelux.com\/fr\/wp-json\/wp\/v2\/product\/8089\/revisions"}],"predecessor-version":[{"id":8404,"href":"https:\/\/pelartlabbenelux.com\/fr\/wp-json\/wp\/v2\/product\/8089\/revisions\/8404"}],"wp:featuredmedia":[{"embeddable":true,"href":"https:\/\/pelartlabbenelux.com\/fr\/wp-json\/wp\/v2\/media\/8090"}],"wp:attachment":[{"href":"https:\/\/pelartlabbenelux.com\/fr\/wp-json\/wp\/v2\/media?parent=8089"}],"wp:term":[{"taxonomy":"product_brand","embeddable":true,"href":"https:\/\/pelartlabbenelux.com\/fr\/wp-json\/wp\/v2\/product_brand?post=8089"},{"taxonomy":"product_cat","embeddable":true,"href":"https:\/\/pelartlabbenelux.com\/fr\/wp-json\/wp\/v2\/product_cat?post=8089"},{"taxonomy":"product_tag","embeddable":true,"href":"https:\/\/pelartlabbenelux.com\/fr\/wp-json\/wp\/v2\/product_tag?post=8089"}],"curies":[{"name":"wp","href":"https:\/\/api.w.org\/{rel}","templated":true}]}}