{"id":8087,"date":"2026-01-28T16:10:30","date_gmt":"2026-01-28T16:10:30","guid":{"rendered":"https:\/\/pelartlabbenelux.com\/product\/unisex-probio-intense-serum-unisex-probio-line-30-ml\/"},"modified":"2026-02-05T16:32:09","modified_gmt":"2026-02-05T16:32:09","slug":"unisex-probio-intense-serum-unisex-probio-line-30-ml","status":"publish","type":"product","link":"https:\/\/pelartlabbenelux.com\/fr\/produit\/unisex-probio-intense-serum-unisex-probio-line-30-ml\/","title":{"rendered":"S\u00e9rum \u00ab Probio Intense \u00bb Unisexe, Unisex Probio Line, 30 ml"},"content":{"rendered":"<p>S\u00e9rum professionnel apaisant pour le visage avec un complexe probiotique, d\u00e9velopp\u00e9 pour les peaux sensibles, r\u00e9actives et sujettes aux inflammations. Sa formule est con\u00e7ue pour normaliser les r\u00e9actions cutan\u00e9es, restaurer le confort et prot\u00e9ger la peau contre les facteurs de stress externes.<\/p>\n<p>Le s\u00e9rum cible les processus inflammatoires au niveau des k\u00e9ratinocytes, am\u00e9liore la microcirculation dans les tissus enflamm\u00e9s et aide \u00e0 r\u00e9duire l&rsquo;apparence des r\u00e9seaux vasculaires (rougeurs). Les composants probiotiques soutiennent un microbiome sain, renforcent la barri\u00e8re protectrice et augmentent la r\u00e9sistance de la peau aux agressions environnementales, y compris les rayons UV.<\/p>\n<p>Sa texture silicone l\u00e9g\u00e8re assure une absorption rapide, procure une hydratation prononc\u00e9e et offre un effet lifting visible. La peau devient plus lisse, plus calme et mieux soign\u00e9e, tandis que les signes du vieillissement pr\u00e9matur\u00e9 s&rsquo;estompent.<\/p>\n<p><strong>Effets cl\u00e9s :<\/strong><br \/>\n\u2022 r\u00e9duction de l&rsquo;inflammation et de la sensibilit\u00e9 cutan\u00e9e \u2022 restauration et soutien du microbiome de la peau \u2022 att\u00e9nuation des r\u00e9seaux vasculaires visibles \u2022 hydratation et effet lifting \u2022 protection contre le photo-vieillissement<\/p>\n<p><strong>Mode d\u2019utilisation :<\/strong><br \/>\nAppliquer le s\u00e9rum matin et soir sur la peau nettoy\u00e9e du visage. Apr\u00e8s absorption compl\u00e8te, il est recommand\u00e9 d&rsquo;appliquer une cr\u00e8me.<\/p>\n<p><strong>Ingr\u00e9dients :<\/strong><br \/>\nAqua (Water), Cyclopentasiloxane, Dimethiconol, Soy Extract, Bioconverted by Lactobacillus plantarum strain, Pentylene Glycol, Caprylyl Glycol, Yeast Hydrolysate, Bioconverted by Lactobacillus strain, Butylene Glycol, Hydroxyethyl Acrylate\/Sodium Acrylate\/Dimethyl Taurate Copolymer, Tetrasodium Tetracarboxymethyl Naringenin Chalcone, Phenoxyethanol, Methylparaben, Propylparaben, Fragrance Composition.<\/p>\n","protected":false},"excerpt":{"rendered":"<p>S\u00e9rum professionnel apaisant pour le visage avec un complexe probiotique, d\u00e9velopp\u00e9 pour les peaux sensibles, r\u00e9actives et sujettes aux inflammations. Sa formule est con\u00e7ue pour normaliser les r\u00e9actions cutan\u00e9es, restaurer le confort et prot\u00e9ger la peau contre les facteurs de stress externes. Le s\u00e9rum cible les processus inflammatoires au niveau des k\u00e9ratinocytes, am\u00e9liore la microcirculation [&hellip;]<\/p>\n","protected":false},"featured_media":8088,"comment_status":"open","ping_status":"closed","template":"","meta":[],"product_brand":[88],"product_cat":[129],"product_tag":[],"class_list":{"0":"post-8087","1":"product","2":"type-product","3":"status-publish","4":"has-post-thumbnail","6":"product_brand-unisex-probio-line","7":"product_cat-unisex-probio-gamme-avec-probiotiques-pour-hommes-et-femmes","9":"first","10":"instock","11":"shipping-taxable","12":"purchasable","13":"product-type-simple"},"aioseo_notices":[],"_links":{"self":[{"href":"https:\/\/pelartlabbenelux.com\/fr\/wp-json\/wp\/v2\/product\/8087","targetHints":{"allow":["GET"]}}],"collection":[{"href":"https:\/\/pelartlabbenelux.com\/fr\/wp-json\/wp\/v2\/product"}],"about":[{"href":"https:\/\/pelartlabbenelux.com\/fr\/wp-json\/wp\/v2\/types\/product"}],"replies":[{"embeddable":true,"href":"https:\/\/pelartlabbenelux.com\/fr\/wp-json\/wp\/v2\/comments?post=8087"}],"version-history":[{"count":2,"href":"https:\/\/pelartlabbenelux.com\/fr\/wp-json\/wp\/v2\/product\/8087\/revisions"}],"predecessor-version":[{"id":8406,"href":"https:\/\/pelartlabbenelux.com\/fr\/wp-json\/wp\/v2\/product\/8087\/revisions\/8406"}],"wp:featuredmedia":[{"embeddable":true,"href":"https:\/\/pelartlabbenelux.com\/fr\/wp-json\/wp\/v2\/media\/8088"}],"wp:attachment":[{"href":"https:\/\/pelartlabbenelux.com\/fr\/wp-json\/wp\/v2\/media?parent=8087"}],"wp:term":[{"taxonomy":"product_brand","embeddable":true,"href":"https:\/\/pelartlabbenelux.com\/fr\/wp-json\/wp\/v2\/product_brand?post=8087"},{"taxonomy":"product_cat","embeddable":true,"href":"https:\/\/pelartlabbenelux.com\/fr\/wp-json\/wp\/v2\/product_cat?post=8087"},{"taxonomy":"product_tag","embeddable":true,"href":"https:\/\/pelartlabbenelux.com\/fr\/wp-json\/wp\/v2\/product_tag?post=8087"}],"curies":[{"name":"wp","href":"https:\/\/api.w.org\/{rel}","templated":true}]}}